{"id":8576,"date":"2018-04-15T15:31:59","date_gmt":"2018-04-15T13:31:59","guid":{"rendered":"https:\/\/ropam.com.pl\/wsparcie\/produkt\/mgsm-n3510\/"},"modified":"2024-11-12T15:36:24","modified_gmt":"2024-11-12T14:36:24","slug":"mgsm-n3510","status":"publish","type":"product","link":"https:\/\/ropam.com.pl\/wsparcie\/mgsm-n3510\/","title":{"rendered":"MGSM\u2014N3510"},"content":{"rendered":"<p>Kabel do po\u0142\u0105czenia modu\u0142u\u00a0 MGSM 2.0PC z telefonami NOKIA:3510, 3510i<\/p>\n","protected":false},"excerpt":{"rendered":"<p>Kabel do po\u0142\u0105czenia modu\u0142u\u00a0 MGSM 2.0PC z telefonami NOKIA:3510, 3510i<\/p>\n","protected":false},"featured_media":11621,"comment_status":"open","ping_status":"closed","template":"","meta":{"_acf_changed":false,"rank_math_lock_modified_date":false,"inline_featured_image":false},"product_cat":[609],"product_tag":[],"class_list":{"0":"post-8576","1":"product","2":"type-product","3":"status-publish","4":"has-post-thumbnail","6":"product_cat-akcesoria-archiwum","8":"first","9":"outofstock","10":"taxable","11":"shipping-taxable","12":"product-type-simple"},"acf":[],"_links":{"self":[{"href":"https:\/\/ropam.com.pl\/wsparcie\/wp-json\/wp\/v2\/product\/8576","targetHints":{"allow":["GET"]}}],"collection":[{"href":"https:\/\/ropam.com.pl\/wsparcie\/wp-json\/wp\/v2\/product"}],"about":[{"href":"https:\/\/ropam.com.pl\/wsparcie\/wp-json\/wp\/v2\/types\/product"}],"replies":[{"embeddable":true,"href":"https:\/\/ropam.com.pl\/wsparcie\/wp-json\/wp\/v2\/comments?post=8576"}],"wp:featuredmedia":[{"embeddable":true,"href":"https:\/\/ropam.com.pl\/wsparcie\/wp-json\/wp\/v2\/media\/11621"}],"wp:attachment":[{"href":"https:\/\/ropam.com.pl\/wsparcie\/wp-json\/wp\/v2\/media?parent=8576"}],"wp:term":[{"taxonomy":"product_cat","embeddable":true,"href":"https:\/\/ropam.com.pl\/wsparcie\/wp-json\/wp\/v2\/product_cat?post=8576"},{"taxonomy":"product_tag","embeddable":true,"href":"https:\/\/ropam.com.pl\/wsparcie\/wp-json\/wp\/v2\/product_tag?post=8576"}],"curies":[{"name":"wp","href":"https:\/\/api.w.org\/{rel}","templated":true}]}}