{"id":8572,"date":"2018-04-15T15:31:59","date_gmt":"2018-04-15T13:31:59","guid":{"rendered":"https:\/\/ropam.com.pl\/wsparcie\/produkt\/mgsm-n3310\/"},"modified":"2024-11-12T15:33:42","modified_gmt":"2024-11-12T14:33:42","slug":"mgsm-n3310","status":"publish","type":"product","link":"https:\/\/ropam.com.pl\/wsparcie\/mgsm-n3310\/","title":{"rendered":"MGSM\u2014N3310"},"content":{"rendered":"<p>Kabel do po\u0142\u0105czenia modu\u0142u MGSM N2.0 lub MGSM 2.0PC z telefonami NOKIA:3310,3330, 3410.<\/p>\n","protected":false},"excerpt":{"rendered":"<p>Kabel do po\u0142\u0105czenia modu\u0142u MGSM N2.0 lub MGSM 2.0PC z telefonami NOKIA:3310,3330, 3410.<\/p>\n","protected":false},"featured_media":11619,"comment_status":"open","ping_status":"closed","template":"","meta":{"_acf_changed":false,"rank_math_lock_modified_date":false,"inline_featured_image":false},"product_cat":[609],"product_tag":[],"class_list":{"0":"post-8572","1":"product","2":"type-product","3":"status-publish","4":"has-post-thumbnail","6":"product_cat-akcesoria-archiwum","8":"first","9":"outofstock","10":"taxable","11":"shipping-taxable","12":"product-type-simple"},"acf":[],"_links":{"self":[{"href":"https:\/\/ropam.com.pl\/wsparcie\/wp-json\/wp\/v2\/product\/8572","targetHints":{"allow":["GET"]}}],"collection":[{"href":"https:\/\/ropam.com.pl\/wsparcie\/wp-json\/wp\/v2\/product"}],"about":[{"href":"https:\/\/ropam.com.pl\/wsparcie\/wp-json\/wp\/v2\/types\/product"}],"replies":[{"embeddable":true,"href":"https:\/\/ropam.com.pl\/wsparcie\/wp-json\/wp\/v2\/comments?post=8572"}],"wp:featuredmedia":[{"embeddable":true,"href":"https:\/\/ropam.com.pl\/wsparcie\/wp-json\/wp\/v2\/media\/11619"}],"wp:attachment":[{"href":"https:\/\/ropam.com.pl\/wsparcie\/wp-json\/wp\/v2\/media?parent=8572"}],"wp:term":[{"taxonomy":"product_cat","embeddable":true,"href":"https:\/\/ropam.com.pl\/wsparcie\/wp-json\/wp\/v2\/product_cat?post=8572"},{"taxonomy":"product_tag","embeddable":true,"href":"https:\/\/ropam.com.pl\/wsparcie\/wp-json\/wp\/v2\/product_tag?post=8572"}],"curies":[{"name":"wp","href":"https:\/\/api.w.org\/{rel}","templated":true}]}}