{"id":8568,"date":"2018-04-15T15:31:59","date_gmt":"2018-04-15T13:31:59","guid":{"rendered":"https:\/\/ropam.com.pl\/wsparcie\/produkt\/mgsm-2-0pc-o\/"},"modified":"2024-12-27T08:36:54","modified_gmt":"2024-12-27T07:36:54","slug":"mgsm-2-0pc-o","status":"publish","type":"product","link":"https:\/\/ropam.com.pl\/wsparcie\/mgsm-2-0pc-o\/","title":{"rendered":"MGSM 2.0PC-O"},"content":{"rendered":"<p><b>MODU\u0141 POWIADOMIENIA i STEROWANIA GSM<\/b><\/p>\n<p>4 numery telefon\u00f3w, 4 wej\u015bcia, 4 wyj\u015bcia, SMS\/VOICE\/CLIP\/RING, 12V\/DC, wsp\u00f3\u0142praca z wybranymi telefonami NOKIA, ERICSSON, obudowa na szyn\u0119 DIN<\/p>\n<p><b>PODSTAWOWE W\u0141A\u015aCIWO\u015aCI:<\/b><br \/>\n<b>\u2022 wsp\u00f3\u0142praca z wybranymi telefonami NOKIA lub ERICSSON:<\/b><br \/>\n&#8211; wersja N, NOKIA: 3210, 3310, 3330, 3410, 5110,5130, 6110, 6130, 6150, 8210<br \/>\n&#8211; wersja B, NOKIA: 3510, 3510i, 6310, 6310i, 3100, 3120,3220 6100<br \/>\n&#8211; wersja E, ERICSSON: T10, A2618, T20, T28,T39, T65, T68, T300, R310, R320<br \/>\n<b>\u2022 obudowa na szyn\u0119 DIN (35mm)<\/b><br \/>\n<b>\u2022 obs\u0142uga czterech numer\u00f3w telefonu<\/b><br \/>\n&#8211; wsp\u00f3\u0142praca ze stacjami monitoringu SMS, CLIP<br \/>\n&#8211; powiadamianie na numery prywatne; SMS, VOICE, SMS+VOICE, CLIP<br \/>\n<b>\u2022 przesy\u0142anie informacji o stanie systemu poprzez SMS:<\/b><br \/>\n&#8211; dowolne komunikaty z poszczeg\u00f3lnych wej\u015b\u0107<br \/>\n&#8211; niezale\u017cne informacje o naruszeniu i powrocie wej\u015bcia<br \/>\n&#8211; komunikaty o awarii zasilania<br \/>\n<b>\u2022 przesy\u0142anie informacji g\u0142osowej:<\/b><br \/>\n&#8211; wsp\u00f3\u0142praca z syntezerami mowy VSR-1(1 komun.)lub VSR-2 (3 komunikaty max.)<br \/>\n&#8211; wsp\u00f3\u0142praca z modu\u0142em fonii (MC1), ods\u0142uch obiektu<br \/>\n<b>\u2022 wej\u015bcia [4]:<\/b><br \/>\n&#8211; szeroki wyb\u00f3r typ\u00f3w reakcji np. za\u0142\u0105cz\/wy\u0142\u0105cz, op\u00f3\u017aniona, licznikowe<br \/>\n&#8211; wyb\u00f3r konfiguracji pracy : NC, NO (I1-I4)<br \/>\n&#8211; wej\u015bcia I1\/I2: NC, NO wyzwalane &#8216;+12V&#8217; lub &#8216;GND&#8217;<br \/>\n&#8211; wsp\u00f3\u0142praca z modu\u0142em wej\u015b\u0107 IN-4 (dodatkowe 4 wej\u015bcia)<br \/>\n<b>\u2022 wyj\u015bcia [4]:<\/b><br \/>\n&#8211; wyj\u015bcie wysokopr\u0105dowe (O4) z zabezpieczeniem elektronicznym 1A<br \/>\n&#8211; trzy wyj\u015bcia OC (O1, O2, F)<br \/>\n&#8211; sterowanie poprzez: SMS(O1, O2) lub CLIP (O4)<br \/>\n&#8211; programowany tryb pracy: MONOSTABILNY lub BISTABILNY<br \/>\n<b>\u2022 funkcja testu \u0142\u0105czno\u015bci:<\/b><br \/>\n&#8211; cykliczny(co 1-99 godz.)<br \/>\n&#8211; wyzwalane z wej\u015bcia, odpytanie zewn\u0119trzne (SMS)<br \/>\n&#8211; programowany typ testu: SMS lub CLIP<br \/>\n<b>\u2022 programowanie:<\/b><br \/>\n&#8211; lokalnie, konfiguracja poprzez program PARTNER GSM: RS232(TTL)oraz prze\u0142\u0105czniki<br \/>\n&#8211; pami\u0119\u0107 FLASH, aktualizacja oprogramowania (firmware)<br \/>\n<b>\u2022 sygnalizacja pracy:<\/b><br \/>\n&#8211; optyczna sygnalizacja stanu modu\u0142u: praca, zasi\u0119g GSM, po\u0142\u0105czenie<br \/>\n<b>\u2022 zasilanie:<\/b><br \/>\n&#8211; napi\u0119cie 9V-14V DC<br \/>\n&#8211; kontrola zasilania: awaria niskiego stanu napi\u0119cia zasilania U&lt;11V<\/p>\n","protected":false},"excerpt":{"rendered":"<p>MODU\u0141 POWIADOMIENIA i STEROWANIA GSM 4 numery telefon\u00f3w, 4 wej\u015bcia, 4 wyj\u015bcia, SMS\/VOICE\/CLIP\/RING, 12V\/DC, wsp\u00f3\u0142praca z wybranymi telefonami NOKIA, ERICSSON, obudowa na szyn\u0119 DIN PODSTAWOWE W\u0141A\u015aCIWO\u015aCI: \u2022 wsp\u00f3\u0142praca z wybranymi telefonami NOKIA lub ERICSSON: &#8211; wersja N, NOKIA: 3210, 3310, 3330, 3410, 5110,5130, 6110, 6130, 6150, 8210 &#8211; wersja B, NOKIA: 3510, 3510i, 6310, 6310i, [&hellip;]<\/p>\n","protected":false},"featured_media":11664,"comment_status":"open","ping_status":"closed","template":"","meta":{"_acf_changed":false,"rank_math_lock_modified_date":false,"inline_featured_image":false},"product_cat":[612],"product_tag":[],"class_list":{"0":"post-8568","1":"product","2":"type-product","3":"status-publish","4":"has-post-thumbnail","6":"product_cat-moduly-mgsm-archiwum","8":"first","9":"outofstock","10":"product-type-simple"},"acf":[],"_links":{"self":[{"href":"https:\/\/ropam.com.pl\/wsparcie\/wp-json\/wp\/v2\/product\/8568","targetHints":{"allow":["GET"]}}],"collection":[{"href":"https:\/\/ropam.com.pl\/wsparcie\/wp-json\/wp\/v2\/product"}],"about":[{"href":"https:\/\/ropam.com.pl\/wsparcie\/wp-json\/wp\/v2\/types\/product"}],"replies":[{"embeddable":true,"href":"https:\/\/ropam.com.pl\/wsparcie\/wp-json\/wp\/v2\/comments?post=8568"}],"wp:featuredmedia":[{"embeddable":true,"href":"https:\/\/ropam.com.pl\/wsparcie\/wp-json\/wp\/v2\/media\/11664"}],"wp:attachment":[{"href":"https:\/\/ropam.com.pl\/wsparcie\/wp-json\/wp\/v2\/media?parent=8568"}],"wp:term":[{"taxonomy":"product_cat","embeddable":true,"href":"https:\/\/ropam.com.pl\/wsparcie\/wp-json\/wp\/v2\/product_cat?post=8568"},{"taxonomy":"product_tag","embeddable":true,"href":"https:\/\/ropam.com.pl\/wsparcie\/wp-json\/wp\/v2\/product_tag?post=8568"}],"curies":[{"name":"wp","href":"https:\/\/api.w.org\/{rel}","templated":true}]}}