{"id":8550,"date":"2018-04-15T15:31:58","date_gmt":"2018-04-15T13:31:58","guid":{"rendered":"https:\/\/ropam.com.pl\/wsparcie\/produkt\/mgsm-3-0e-o\/"},"modified":"2024-12-27T08:20:38","modified_gmt":"2024-12-27T07:20:38","slug":"mgsm-3-0e-o","status":"publish","type":"product","link":"https:\/\/ropam.com.pl\/wsparcie\/mgsm-3-0e-o\/","title":{"rendered":"MGSM 3.0E-O"},"content":{"rendered":"<p><b>MODU\u0141 POWIADOMIENIA i STEROWANIA GSM MGSM <\/b><\/p>\n<p>4 numery telefon\u00f3w, 4 wej\u015bcia, 4 wyj\u015bcia, SMS\/VOICE\/CLIP\/RING, 12V\/DC, wbudowany telefon przemys\u0142owy ENFORA IIG, funkcja &#8216;centrali alarmowej&#8217;, obudowa na szyn\u0119 DIN<\/p>\n<p><b>PODSTAWOWE W\u0141A\u015aCIWO\u015aCI:<br \/>\n\u2022 wbudowany telefon przemys\u0142owy<br \/>\n\u2022 obudowa na szyn\u0119 DIN (35mm)<br \/>\n\u2022 obs\u0142uga 4 numer\u00f3w telefon\u00f3w:<\/b><br \/>\n&#8211; wsp\u00f3\u0142praca ze stacjami monitoringu SMS, CLIP<br \/>\n&#8211; powiadamianie na numery prywatne; SMS, VOICE, SMS+VOICE, CLIP<br \/>\n<b>\u2022 przesy\u0142anie informacji o stanie systemu poprzez SMS:<\/b><br \/>\n&#8211; dowolne komunikaty z poszczeg\u00f3lnych wej\u015b\u0107<br \/>\n&#8211; niezale\u017cne informacje o naruszeniu i powrocie wej\u015bcia<br \/>\n&#8211; komunikaty o awariach zasilania<br \/>\n&#8211; informacja o stanie systemu: wej\u015b\u0107, wyj\u015b\u0107, zasilanie, awarii<br \/>\n<b>\u2022 przesy\u0142anie informacji g\u0142osowej:<\/b><br \/>\n&#8211; wsp\u00f3\u0142praca z syntezerami mowy VSR-1(1 komun.)lub VSR-2 (3 komunikaty max.)<br \/>\n&#8211; wsp\u00f3\u0142praca z modu\u0142em fonii (MC1), ods\u0142uch obiektu<br \/>\n<b>\u2022 funkcja centrali alarmowej:<\/b><br \/>\n&#8211; MGSM 3.0E + PSR-RF: centrala alarmowa sterowana radiowo i\/lub wej\u015bcie modu\u0142u<br \/>\n&#8211; MGSM 3.0E + PSR: centrala alarmowa sterowana poprzez wej\u015bcie modu\u0142u<br \/>\n<b>\u2022 wej\u015bcia [4]:<\/b><br \/>\n&#8211; szeroki wyb\u00f3r typ\u00f3w reakcji np. za\u0142\u0105cz\/wy\u0142\u0105cz, op\u00f3\u017aniona, licznikowe<br \/>\n&#8211; wyb\u00f3r konfiguracji pracy : EOL, NC, NO<br \/>\n&#8211; wej\u015bcia I1\/I2: NC, NO wyzwalane &#8216;+12V&#8217; lub &#8216;GND&#8217;<br \/>\n&#8211; wsp\u00f3\u0142praca z modu\u0142em wej\u015b\u0107 IN-4<br \/>\n<b>\u2022 wyj\u015bcia [4]:<\/b><br \/>\n&#8211; wyj\u015bcie wysokopr\u0105dowe O1 z zabezpieczeniem elektronicznym 1A<br \/>\n&#8211; trzy wyj\u015bcia OC (O2-O4)<br \/>\n&#8211; sterowanie poprzez: wej\u015bcia, zdarzenie, stan modu\u0142u, SMS lub CLIP<br \/>\n&#8211; programowany tryb dzia\u0142ania (alarm)<br \/>\n<b>\u2022 funkcja testu \u0142\u0105czno\u015bci:<\/b><br \/>\n&#8211; cykliczny(co 1-99 godz.), wed\u0142ug zegara<br \/>\n&#8211; wyzwalane z wej\u015bcia, odpytanie zewn\u0119trzne (SMS)<br \/>\n&#8211; programowany typ testu: SMS lub CLIP<br \/>\n<b>\u2022 programowanie:<\/b><br \/>\n&#8211; lokalne program PARTNER GSM: RS 232 (TTL)<br \/>\n&#8211; zdalne SMS konfiguracyjne (wybrane funkcje)<br \/>\n&#8211; pami\u0119\u0107 FLASH, aktualizacja oprogramowania (firmware)<br \/>\n<b>\u2022 sygnalizacja pracy:<\/b><br \/>\n&#8211; optyczna sygnalizacja stanu modu\u0142u: praca, zasi\u0119g GSM, po\u0142\u0105czenie<br \/>\n&#8211; optyczna sygnalizacja stanu wyj\u015b\u0107<br \/>\n<b>\u2022 pami\u0119\u0107 zdarze\u0144:<\/b><br \/>\n&#8211; rejestrowanie zdarze\u0144 np. za\u0142.\/wy\u0142. alarm<br \/>\n&#8211; data i czas zdarzenia<br \/>\n&#8211; rejestr 90 zdarze\u0144 z funkcj\u0105 nadpisywania<br \/>\n<b>\u2022 zasilanie:<\/b><br \/>\n&#8211; napi\u0119cie 9V-14V DC<br \/>\n&#8211; kontrola niskiego stanu napi\u0119cia zasilania U&lt;11V<\/p>\n","protected":false},"excerpt":{"rendered":"<p>MODU\u0141 POWIADOMIENIA i STEROWANIA GSM MGSM 4 numery telefon\u00f3w, 4 wej\u015bcia, 4 wyj\u015bcia, SMS\/VOICE\/CLIP\/RING, 12V\/DC, wbudowany telefon przemys\u0142owy ENFORA IIG, funkcja &#8216;centrali alarmowej&#8217;, obudowa na szyn\u0119 DIN PODSTAWOWE W\u0141A\u015aCIWO\u015aCI: \u2022 wbudowany telefon przemys\u0142owy \u2022 obudowa na szyn\u0119 DIN (35mm) \u2022 obs\u0142uga 4 numer\u00f3w telefon\u00f3w: &#8211; wsp\u00f3\u0142praca ze stacjami monitoringu SMS, CLIP &#8211; powiadamianie na numery [&hellip;]<\/p>\n","protected":false},"featured_media":11658,"comment_status":"open","ping_status":"closed","template":"","meta":{"_acf_changed":false,"rank_math_lock_modified_date":false,"inline_featured_image":false},"product_cat":[612],"product_tag":[],"class_list":{"0":"post-8550","1":"product","2":"type-product","3":"status-publish","4":"has-post-thumbnail","6":"product_cat-moduly-mgsm-archiwum","8":"first","9":"outofstock","10":"taxable","11":"shipping-taxable","12":"product-type-simple"},"acf":[],"_links":{"self":[{"href":"https:\/\/ropam.com.pl\/wsparcie\/wp-json\/wp\/v2\/product\/8550","targetHints":{"allow":["GET"]}}],"collection":[{"href":"https:\/\/ropam.com.pl\/wsparcie\/wp-json\/wp\/v2\/product"}],"about":[{"href":"https:\/\/ropam.com.pl\/wsparcie\/wp-json\/wp\/v2\/types\/product"}],"replies":[{"embeddable":true,"href":"https:\/\/ropam.com.pl\/wsparcie\/wp-json\/wp\/v2\/comments?post=8550"}],"wp:featuredmedia":[{"embeddable":true,"href":"https:\/\/ropam.com.pl\/wsparcie\/wp-json\/wp\/v2\/media\/11658"}],"wp:attachment":[{"href":"https:\/\/ropam.com.pl\/wsparcie\/wp-json\/wp\/v2\/media?parent=8550"}],"wp:term":[{"taxonomy":"product_cat","embeddable":true,"href":"https:\/\/ropam.com.pl\/wsparcie\/wp-json\/wp\/v2\/product_cat?post=8550"},{"taxonomy":"product_tag","embeddable":true,"href":"https:\/\/ropam.com.pl\/wsparcie\/wp-json\/wp\/v2\/product_tag?post=8550"}],"curies":[{"name":"wp","href":"https:\/\/api.w.org\/{rel}","templated":true}]}}