{"id":8544,"date":"2018-04-15T15:31:58","date_gmt":"2018-04-15T13:31:58","guid":{"rendered":"https:\/\/ropam.com.pl\/wsparcie\/produkt\/mgsm-4-0-ps\/"},"modified":"2024-12-27T08:12:21","modified_gmt":"2024-12-27T07:12:21","slug":"mgsm-4-0-ps","status":"publish","type":"product","link":"https:\/\/ropam.com.pl\/wsparcie\/mgsm-4-0-ps\/","title":{"rendered":"MGSM 4.0-PS"},"content":{"rendered":"<p><b>MODU\u0141 POWIADOMIENIA i STEROWANIA GSM<\/b><\/p>\n<p>8 numer\u00f3w telefonu, 8 wej\u015b\u0107, 4 wyj\u015bcia, SMS\/VOICE\/CLIP\/RING, 17\u00f720V\/AC lub 20\u00f730V\/DC, wbudowany zasilacz buforowy 13,8V\/1,3A, wbudowany telefon przemys\u0142owy, funkcja &#8216;centrali alarmowej&#8217;<\/p>\n<p>Nowoczesny nadajnik GSM z dwukierunkow\u0105 transmisj\u0105 danych. Zaprojektowany do zastosowa\u0144 w systemach SSWiN, KD, przesy\u0142ania informacji teletechnicznych oraz M2M. Innowacyjna rozwi\u0105zania w module MGSM 4.0 pozwala na przesy\u0142anie dowolny komunikat SMS, VOICE, SMS+VOICE z poszczeg\u00f3lnych wej\u015b\u0107 modu\u0142u. Sterowanie wyj\u015bciami modu\u0142u mo\u017ce odbywa\u0107 si\u0119 poprzez SMS ( o dowolnej tre\u015bci) i\/lub CLIP z uprawnionych numer\u00f3w telefon\u00f3w. Ponadto cztery funkcje logiczne pomi\u0119dzy I\/O , O\/O oraz darzenia w systemie pozwalaj\u0105 na tworzenie warunkowego sterowania w zale\u017cno\u015bci od stanu systemu.<\/p>\n<p><b>PODSTAWOWE W\u0141A\u015aCIWO\u015aCI:<\/b><br \/>\n<b>\u2022 wbudowany telefon przemys\u0142owy<\/b><br \/>\n<b>\u2022 obs\u0142uga 8 numer\u00f3w telefon\u00f3w:<\/b><br \/>\n&#8211; wsp\u00f3\u0142praca ze stacjami monitoringu SMS, CLIP<br \/>\n&#8211; powiadamianie na numery prywatne; SMS, VOICE, SMS+VOICE, CLIP<br \/>\n<b>\u2022 przesy\u0142anie informacji o stanie systemu poprzez SMS:<\/b><br \/>\n&#8211; dowolne komunikaty z poszczeg\u00f3lnych wej\u015b\u0107<br \/>\n&#8211; niezale\u017cne informacje o naruszeniu i powrocie wej\u015bcia<br \/>\n&#8211; komunikaty o awariach zasilania<br \/>\n&#8211; informacja o stanie systemu: wej\u015b\u0107, wyj\u015b\u0107, zasilanie, awarii<br \/>\n<b>\u2022 przesy\u0142anie informacji g\u0142osowej:<\/b><br \/>\n&#8211; wsp\u00f3\u0142praca z syntezerami mowy VSR-2 (16 komunikat\u00f3w) lub VSR-1 (1 komunikat)<br \/>\n&#8211; dowolne komunikaty g\u0142osowe z poszczeg\u00f3lnych wej\u015b\u0107, w po\u0142\u0105czeniu z VSR-2<br \/>\n&#8211; wsp\u00f3\u0142praca z modu\u0142em fonii (MC1), ods\u0142uch obiektu<br \/>\n<b>\u2022 funkcja centrali alarmowej<\/b><br \/>\n&#8211; MGSM 4.0 + PSR-RF: centrala alarmowa sterowana radiowo i\/lub wej\u015bcie modu\u0142u<br \/>\n<b>\u2022 wej\u015bcia [8]:<\/b><br \/>\n&#8211; szeroki wyb\u00f3r typ\u00f3w reakcji np. za\u0142\u0105cz\/wy\u0142\u0105cz, op\u00f3\u017aniona, licznikowe<br \/>\n&#8211; wyb\u00f3r konfiguracji pracy : 2EOL\/NC, 2EOL\/NO, EOL, NC, NO (I1-I6)<br \/>\n&#8211; wej\u015bcia I7\/I8: NC, NO wyzwalane &#8216;+12V&#8217; lub &#8216;GND&#8217;<br \/>\n<b>\u2022 wyj\u015bcia [4]:<\/b><br \/>\n&#8211; wyj\u015bcie wysokopr\u0105dowe O1 z zabezpieczeniem elektronicznym 1A<br \/>\n&#8211; trzy wyj\u015bcia OC (O2-O4)<br \/>\n&#8211; sterowanie poprzez: wej\u015bcia, zdarzenie, stan modu\u0142u, SMS lub CLIP<br \/>\n&#8211; programowany tryb dzia\u0142ania (alarm, awaria, naruszenie wej. czasy systemowe itd.)<br \/>\n&#8211; funkcje logiczne AND, OR, NOR, XOR: wej\u015bcia\/wyj\u015bcia-&gt;wyj\u015bcia<br \/>\n<b>\u2022 funkcja testu \u0142\u0105czno\u015bci:<\/b><br \/>\n&#8211; cykliczny(co 1-99 godz.), wed\u0142ug zegara<br \/>\n&#8211; wyzwalane z wej\u015bcia, odpytanie zewn\u0119trzne (SMS)<br \/>\n&#8211; programowany typ testu: SMS lub CLIP<br \/>\n<b>\u2022 programowanie:<\/b><br \/>\n&#8211; zdalne program PARTNER GSM: po\u0142\u0105czenie modemowe (CSD)<br \/>\n&#8211; lokalne program PARTNER GSM: RS 232 (TTL)<br \/>\n&#8211; zdalne SMS konfiguracyjne (wybrane funkcje)<br \/>\n&#8211; pami\u0119\u0107 FLASH, aktualizacja oprogramowania (firmware)<br \/>\n<b>\u2022 sygnalizacja pracy:<\/b><br \/>\n&#8211; optyczna sygnalizacja stanu modu\u0142u: praca, zasi\u0119g GSM, po\u0142\u0105czenie<br \/>\n&#8211; optyczna sygnalizacja stanu wyj\u015b\u0107<br \/>\n<b>\u2022 pami\u0119\u0107 zdarze\u0144:<\/b><br \/>\n&#8211; rejestrowanie zdarze\u0144 np. za\u0142.\/wy\u0142. alarm<br \/>\n&#8211; data i czas zdarzenia<br \/>\n&#8211; rejestr 1000 zdarze\u0144 z funkcj\u0105 nadpisywania<br \/>\n<b>\u2022 zasilanie:<\/b><br \/>\n&#8211; napi\u0119cie 17\u00f720V\/AC lub 20\u00f730V\/DC<br \/>\n&#8211; wbudowany zasilacz buforowy 13,8V\/1,3A 7Ah\/12V max. SLA)<br \/>\n&#8211; kontrola niskiego stanu napi\u0119cia zasilania U&lt;11V<br \/>\n&#8211; zabezpieczenia akumulatora: przeciwzwarciowe, od\u0142\u0105czenia roz\u0142adowanego akumulatora, odwrotna polaryzacja<\/p>\n","protected":false},"excerpt":{"rendered":"<p>MODU\u0141 POWIADOMIENIA i STEROWANIA GSM 8 numer\u00f3w telefonu, 8 wej\u015b\u0107, 4 wyj\u015bcia, SMS\/VOICE\/CLIP\/RING, 17\u00f720V\/AC lub 20\u00f730V\/DC, wbudowany zasilacz buforowy 13,8V\/1,3A, wbudowany telefon przemys\u0142owy, funkcja &#8216;centrali alarmowej&#8217; Nowoczesny nadajnik GSM z dwukierunkow\u0105 transmisj\u0105 danych. Zaprojektowany do zastosowa\u0144 w systemach SSWiN, KD, przesy\u0142ania informacji teletechnicznych oraz M2M. Innowacyjna rozwi\u0105zania w module MGSM 4.0 pozwala na przesy\u0142anie dowolny [&hellip;]<\/p>\n","protected":false},"featured_media":11657,"comment_status":"open","ping_status":"closed","template":"","meta":{"_acf_changed":false,"rank_math_lock_modified_date":false,"inline_featured_image":false},"product_cat":[612],"product_tag":[],"class_list":{"0":"post-8544","1":"product","2":"type-product","3":"status-publish","4":"has-post-thumbnail","6":"product_cat-moduly-mgsm-archiwum","8":"first","9":"outofstock","10":"taxable","11":"shipping-taxable","12":"product-type-simple"},"acf":[],"_links":{"self":[{"href":"https:\/\/ropam.com.pl\/wsparcie\/wp-json\/wp\/v2\/product\/8544","targetHints":{"allow":["GET"]}}],"collection":[{"href":"https:\/\/ropam.com.pl\/wsparcie\/wp-json\/wp\/v2\/product"}],"about":[{"href":"https:\/\/ropam.com.pl\/wsparcie\/wp-json\/wp\/v2\/types\/product"}],"replies":[{"embeddable":true,"href":"https:\/\/ropam.com.pl\/wsparcie\/wp-json\/wp\/v2\/comments?post=8544"}],"wp:featuredmedia":[{"embeddable":true,"href":"https:\/\/ropam.com.pl\/wsparcie\/wp-json\/wp\/v2\/media\/11657"}],"wp:attachment":[{"href":"https:\/\/ropam.com.pl\/wsparcie\/wp-json\/wp\/v2\/media?parent=8544"}],"wp:term":[{"taxonomy":"product_cat","embeddable":true,"href":"https:\/\/ropam.com.pl\/wsparcie\/wp-json\/wp\/v2\/product_cat?post=8544"},{"taxonomy":"product_tag","embeddable":true,"href":"https:\/\/ropam.com.pl\/wsparcie\/wp-json\/wp\/v2\/product_tag?post=8544"}],"curies":[{"name":"wp","href":"https:\/\/api.w.org\/{rel}","templated":true}]}}