{"id":8539,"date":"2018-04-15T15:31:58","date_gmt":"2018-04-15T13:31:58","guid":{"rendered":"https:\/\/ropam.com.pl\/wsparcie\/produkt\/mgsm-4-0-v-3-x-2\/"},"modified":"2025-03-20T12:30:03","modified_gmt":"2025-03-20T11:30:03","slug":"mgsm-4-0-v-3-x-2","status":"publish","type":"product","link":"https:\/\/ropam.com.pl\/wsparcie\/mgsm-4-0-v-3-x-2\/","title":{"rendered":"MGSM 4.0+ [v 3.x]"},"content":{"rendered":"<p><b>CENTRALA ALARMOWA Z KOMUNIKACJ\u0104 GSM<\/b><\/p>\n<p>8 numer\u00f3w telefonu, 8 wej\u015b\u0107, 8 wyj\u015b\u0107, SMS\/VOICE\/CLIP\/RING, MMS\/E-MAIL*, 12V\/DC, wbudowany telefon przemys\u0142owy, funkcja: &#8216;centrali alarmowej, &#8216;termostatu&#8217;<\/p>\n<p>Centrala alarmowa MGSM 4.0+\/4.0-PS+ wraz z panelem dotykowym TPR-1 i pozosta\u0142ymi dedykowanymi urz\u0105dzeniami to nowoczesna konstrukcja. Wbudowany komunikator GSM pozwala na bezpo\u015brednie przesy\u0142anie informacji na telefony u\u017cytkownik\u00f3w i\/lub stacji monitorowania. Ponadto zintegrowane komunikacja GSM pozwala na zdalne sterowanie systemem poprzez SMS a wyj\u015bcia SMS\/CLIP. Centrala MGSM 4.0+\/4.0-PS+ wyposa\u017cona jest w wiele automatycznych funkcji kontroluj\u0105cych stan systemu.<br \/>\nDodatkowe urz\u0105dzenia, kt\u00f3re rozszerzaj\u0105 w\u0142a\u015bciwo\u015bci systemu to:<br \/>\n&#8211; panel dotykowy TPR-1, nowoczesna klawiatura do kontroli systemu &#8220;TouchPanel&#8221;,<br \/>\n&#8211; modu\u0142 FGR-4 do przesy\u0142ania wiadomo\u015bci MMS\/E-MAIL ze zdj\u0119ciami z kamer przemys\u0142owych (weryfikacja wizualna)<br \/>\n&#8211; syntezer mowy VSR-2, pozwalaj\u0105cy na przes\u0142anie 16 komunikat\u00f3w g\u0142osowych (VOICE),<br \/>\n&#8211; syntezer mowy VSR-1, pozwalaj\u0105cy na przes\u0142anie komunikatu g\u0142osowego (VOICE),<br \/>\n&#8211; modu\u0142 audio AMR-1 (mikrofon), pozwalaj\u0105cy na pods\u0142uch obiektu (weryfikacja audio),<br \/>\n&#8211; czujnik temperatury TSR-1, s\u0142u\u017c\u0105cy do kontroli temperatury i funkcji termostatu,<br \/>\n&#8211; zasilacz systemowy z wbudowanym sterownikiem radiowym PSR-RF, pozwala na sterowanie czuwaniem systemu poprzez piloty radiowe.<\/p>\n<p>Z podstawowych w\u0142a\u015bciwo\u015bci systemu nale\u017cy wyr\u00f3\u017cni\u0107:<br \/>\n&#8211; 8 do 12 wej\u015b\u0107 do pod\u0142\u0105czenia czujek, urz\u0105dze\u0144 wyzwalaj\u0105cych,<br \/>\n&#8211; 8 do 12 wyj\u015b\u0107 sterowanych, dedykowanych do sygnalizacji lub sterowania,<br \/>\n&#8211; wbudowany komunikator GSM z transmisj\u0105 na 8 numer\u00f3w telefonu,<br \/>\n&#8211; przesy\u0142anie informacji o stanie systemu poprzez SMS,<br \/>\n&#8211; przesy\u0142anie informacji g\u0142osowej (VOICE),<br \/>\n&#8211; przesy\u0142anie wiadomo\u015bci multimedialnej (MMS\/E-MAIL),<br \/>\n&#8211; funkcja pomiaru temperatury i termostatu,<br \/>\n&#8211; funkcje kontroli po\u0142\u0105czenia,<br \/>\n&#8211; funkcje ograniczenia i kontroli koszt\u00f3w.<\/p>\n<p>System alarmowy zbudowany w oparciu o centrale alarmowe serii MGSM 4.0+\/4.0-PS+, panel dotykowy TPR-1 i inne urz\u0105dzenia dodatkowe to idealne rozwi\u0105zanie dla obiekt\u00f3w mieszkalnych i ma\u0142ych obiekt\u00f3w komercyjnych. Nowoczesna stylistyka, sprawdzona technologia panelu dotykowego z efektownym kolorowym wy\u015bwietlaczem LCD doskonale nadaje si\u0119 do komponowania w wi\u0119kszo\u015bci wn\u0119trz i pomieszcze\u0144. Intuicyjny i przejrzysty interfejs, powoduj\u0119 \u017ce sterowanie systemem alarmowym nigdy nie by\u0142o tak proste jak z TPR-1. Panel dotykowy w po\u0142\u0105czeniu z modu\u0142ami serii MGSM 4.0+\/4.0-PS+ pozwala na zbudowanie w pe\u0142ni funkcjonalnego systemu alarmowego. Przy wykorzystaniu dw\u00f3ch paneli otrzymujemy system w konfiguracji: 12 wej\u015b\u0107, 10 wyj\u015b\u0107, jedna strefa z czuwaniem nocnym oraz z wbudowan\u0105 komunikacj\u0105 i sterowaniem GSM. Centrala MGSM 4.0+\/4.0-PS+ pozwala ponadto na stworzenie prostych aplikacji automatyki domowej ze zdaln\u0105 kontrol\u0105 poprzez SMS\/CLIP.<br \/>\nElastyczne funkcje pozwalaj\u0105 ponadto na stosowanie w systemach, w kt\u00f3rych wykorzystuje si\u0119 kontrol\u0119 sygna\u0142\u00f3w binarnych, temperatur\u0119, wymagana jest weryfikacja wizualna a przesy\u0142anie informacji opiera si\u0119 na SMS, VOICE, MMS, e-mail.<\/p>\n","protected":false},"excerpt":{"rendered":"<p>CENTRALA ALARMOWA Z KOMUNIKACJ\u0104 GSM 8 numer\u00f3w telefonu, 8 wej\u015b\u0107, 8 wyj\u015b\u0107, SMS\/VOICE\/CLIP\/RING, MMS\/E-MAIL*, 12V\/DC, wbudowany telefon przemys\u0142owy, funkcja: &#8216;centrali alarmowej, &#8216;termostatu&#8217; Centrala alarmowa MGSM 4.0+\/4.0-PS+ wraz z panelem dotykowym TPR-1 i pozosta\u0142ymi dedykowanymi urz\u0105dzeniami to nowoczesna konstrukcja. Wbudowany komunikator GSM pozwala na bezpo\u015brednie przesy\u0142anie informacji na telefony u\u017cytkownik\u00f3w i\/lub stacji monitorowania. Ponadto zintegrowane komunikacja [&hellip;]<\/p>\n","protected":false},"featured_media":6128,"comment_status":"open","ping_status":"closed","template":"","meta":{"_acf_changed":false,"rank_math_lock_modified_date":false,"inline_featured_image":false},"product_cat":[612],"product_tag":[],"class_list":{"0":"post-8539","1":"product","2":"type-product","3":"status-publish","4":"has-post-thumbnail","6":"product_cat-moduly-mgsm-archiwum","8":"first","9":"outofstock","10":"taxable","11":"shipping-taxable","12":"purchasable","13":"product-type-simple"},"acf":[],"_links":{"self":[{"href":"https:\/\/ropam.com.pl\/wsparcie\/wp-json\/wp\/v2\/product\/8539","targetHints":{"allow":["GET"]}}],"collection":[{"href":"https:\/\/ropam.com.pl\/wsparcie\/wp-json\/wp\/v2\/product"}],"about":[{"href":"https:\/\/ropam.com.pl\/wsparcie\/wp-json\/wp\/v2\/types\/product"}],"replies":[{"embeddable":true,"href":"https:\/\/ropam.com.pl\/wsparcie\/wp-json\/wp\/v2\/comments?post=8539"}],"wp:featuredmedia":[{"embeddable":true,"href":"https:\/\/ropam.com.pl\/wsparcie\/wp-json\/wp\/v2\/media\/6128"}],"wp:attachment":[{"href":"https:\/\/ropam.com.pl\/wsparcie\/wp-json\/wp\/v2\/media?parent=8539"}],"wp:term":[{"taxonomy":"product_cat","embeddable":true,"href":"https:\/\/ropam.com.pl\/wsparcie\/wp-json\/wp\/v2\/product_cat?post=8539"},{"taxonomy":"product_tag","embeddable":true,"href":"https:\/\/ropam.com.pl\/wsparcie\/wp-json\/wp\/v2\/product_tag?post=8539"}],"curies":[{"name":"wp","href":"https:\/\/api.w.org\/{rel}","templated":true}]}}