{"id":8535,"date":"2018-04-15T15:31:58","date_gmt":"2018-04-15T13:31:58","guid":{"rendered":"https:\/\/ropam.com.pl\/wsparcie\/produkt\/tpr-1-v-4-0-2\/"},"modified":"2024-11-17T19:22:17","modified_gmt":"2024-11-17T18:22:17","slug":"tpr-1-v-4-0-2","status":"publish","type":"product","link":"https:\/\/ropam.com.pl\/wsparcie\/tpr-1-v-4-0-2\/","title":{"rendered":"TPR-1 (v.4.0+)"},"content":{"rendered":"<p><b>PANEL DOTYKOWY (KLAWIATURA DOTYKOWA)<\/b><\/p>\n<p>wsp\u00f3\u0142praca z MGSM 4.0+\/4.0-PS+<\/p>\n<p>Panel dotykowy TPR-1 to nowoczesny element sterowania i kontroli systemu alarmowego. TPR-1 zbudowany jest w oparciu o kolorowy wy\u015bwietlacz TFT LCD z panelem dotykowym. Obudow\u0119 wykonano z matowej stali nierdzewnej \u201eINOX\u201d co tworzy z ca\u0142o\u015bci solidny i estetyczny wygl\u0105d, pasuj\u0105cy do wi\u0119kszo\u015bci wn\u0119trz i podkre\u015blaj\u0105cy funkcje urz\u0105dzenia. TPR-1 pozwala na intuicyjne sterowanie i kontrol\u0119 systemu alarmowego, dzi\u0119ki interaktywnemu interfejsowi wykorzystuj\u0105cym piktogramy i podpowiedzi tekstowe, nawigowanie i u\u017cywanie funkcji jest proste i nie wymaga od u\u017cytkownika pami\u0119tania kodu funkcji np. czuwanie mocne, blokowanie czujnik\u00f3w. Panel posiada cztery diody LED do sygnalizacji statusu oraz pasek piktogram\u00f3w na kt\u00f3rym w spos\u00f3b ci\u0105g\u0142y prezentuje wszystkie wa\u017cne informacje m.in. stan zasilania, zasi\u0119g GSM, GPRS, temperatur\u0119.<\/p>\n<p><b>PODSTAWOWE W\u0141A\u015aCIWO\u015aCI \/* nowe funkcje\/:<\/b><\/p>\n<p>\u2022 rejestracja historii temperatury z dw\u00f3ch czujnik\u00f3w na karcie SD oraz histogram temperatury w menu stanu systemu*<br \/>\n\u2022 obs\u0142uga karty SD: plan budynku (tablica synoptyczna) oraz cyfrowa ramka zdj\u0119\u0107*<br \/>\n\u2022 regulacja jasno\u015bci wy\u015bwietlacza TFT w trybie wygaszacza ekranu *<br \/>\n\u2022 wydajny i energooszcz\u0119dny procesor ARM Cortex\u2122-M3, 32-bitowy<br \/>\n\u2022 wbudowany stabilny i wydajny system czasu rzeczywistego RTOS<br \/>\n\u2022 kolorowy wy\u015bwietlacz 3,5\u201d TFT LCD, 65 tys. kolor\u00f3w<br \/>\n\u2022 panel dotykowy \u201eTouch Panel\u201d, bez mechanicznych styk\u00f3w<br \/>\n\u2022 interaktywne graficzne menu z piktogramy (ikony)<br \/>\n\u2022 funkcja losowego uk\u0142adu klawiatury numerycznej<br \/>\n\u2022 tekstowe podpowiedzi dla danych funkcji<br \/>\n\u2022 intuicyjne kontrola i sterowanie systemem<br \/>\n\u2022 sterowanie wyj\u015bciami modu\u0142u poprzez interaktywne przyciski<br \/>\n\u2022 szybkie sterowanie wyj\u015bciem przeka\u017anikowym w TPR-1<br \/>\n\u2022 diody LED statusu systemu<br \/>\n\u2022 pasek dodatkowych informacji o stanie systemu<br \/>\n\u2022 sygnalizacja akustyczna<br \/>\n\u2022 wygaszacz ekranu z funkcj\u0105 kalendarza i zegara<br \/>\n\u2022 wbudowany czujnik temperatury<br \/>\n\u2022 dwa wej\u015bcia alarmowe<br \/>\n\u2022 magistrala RS485 do komunikacji systemowej<br \/>\n\u2022 lokalny port RS232TTL<br \/>\n\u2022 funkcja uaktualnienia oprogramowania<br \/>\n\u2022 estetyczna i solidna obudowa z matowej stali nierdzewnej \u201eINOX\u201d<br \/>\n\u2022 wymiary:102x82x20 mm (WxHxD)<br \/>\n\u2022 klasa \u015brodowiskowa: II (T:-10\u00b0C&#8230;+55\u00b0C\/RH:20%&#8230;90%, bez kondensacji)<br \/>\n\u2022 trwa\u0142o\u015b\u0107 panelu dotykowego: ok. 2,5 mln dotkni\u0119\u0107 ka\u017cdego punktu znormalizowanym stylusem @150g<br \/>\n\u2022 zabezpieczenie antysabota\u017cowe obudowy<br \/>\n\u2022 roz\u0142\u0105czne listwy zaciskowe<br \/>\n\u2022 wsp\u00f3\u0142praca z modu\u0142ami MGSM 4.0+, MGSM 4.0-PS+ (od v3.0) i przysz\u0142ymi produktami<\/p>\n<p><b>PRZEZNACZENIE:<\/b><\/p>\n<p>System alarmowy zbudowany w oparciu o TPR-1 i sprawdzone modu\u0142y GSM Ropam Elektronik to idealne rozwi\u0105zanie dla obiekt\u00f3w mieszkalnych i ma\u0142ych obiekt\u00f3w komercyjnych. Nowoczesna stylistyka, sprawdzona technologia panelu dotykowego z efektownym kolorowym wy\u015bwietlaczem LCD doskonale nadaje si\u0119 do komponowania w wi\u0119kszo\u015bci wn\u0119trz i pomieszcze\u0144. Intuicyjny i przejrzysty interfejs, powoduj\u0119 \u017ce sterowanie systemem alarmowym nigdy nie by\u0142o tak proste jak z TPR-1. Panel TPR-1 w po\u0142\u0105czeniu z modu\u0142ami serii MGSM 4.0+\/4.0-PS+ pozwala na zbudowanie w pe\u0142ni funkcjonalnego systemu alarmowego. Przy wykorzystaniu dw\u00f3ch paneli otrzymujemy system w konfiguracji: 12 wej\u015b\u0107, 8 wyj\u015b\u0107, jedna strefa z czuwaniem nocnym oraz z wbudowan\u0105 komunikacj\u0105 i sterowaniem GSM.<\/p>\n","protected":false},"excerpt":{"rendered":"<p>PANEL DOTYKOWY (KLAWIATURA DOTYKOWA) wsp\u00f3\u0142praca z MGSM 4.0+\/4.0-PS+ Panel dotykowy TPR-1 to nowoczesny element sterowania i kontroli systemu alarmowego. TPR-1 zbudowany jest w oparciu o kolorowy wy\u015bwietlacz TFT LCD z panelem dotykowym. Obudow\u0119 wykonano z matowej stali nierdzewnej \u201eINOX\u201d co tworzy z ca\u0142o\u015bci solidny i estetyczny wygl\u0105d, pasuj\u0105cy do wi\u0119kszo\u015bci wn\u0119trz i podkre\u015blaj\u0105cy funkcje urz\u0105dzenia. [&hellip;]<\/p>\n","protected":false},"featured_media":11667,"comment_status":"open","ping_status":"closed","template":"","meta":{"_acf_changed":false,"rank_math_lock_modified_date":false,"inline_featured_image":false},"product_cat":[606],"product_tag":[],"class_list":{"0":"post-8535","1":"product","2":"type-product","3":"status-publish","4":"has-post-thumbnail","6":"product_cat-obsluga-i-nadzor-archiwum","8":"first","9":"outofstock","10":"taxable","11":"shipping-taxable","12":"product-type-simple"},"acf":[],"_links":{"self":[{"href":"https:\/\/ropam.com.pl\/wsparcie\/wp-json\/wp\/v2\/product\/8535","targetHints":{"allow":["GET"]}}],"collection":[{"href":"https:\/\/ropam.com.pl\/wsparcie\/wp-json\/wp\/v2\/product"}],"about":[{"href":"https:\/\/ropam.com.pl\/wsparcie\/wp-json\/wp\/v2\/types\/product"}],"replies":[{"embeddable":true,"href":"https:\/\/ropam.com.pl\/wsparcie\/wp-json\/wp\/v2\/comments?post=8535"}],"wp:featuredmedia":[{"embeddable":true,"href":"https:\/\/ropam.com.pl\/wsparcie\/wp-json\/wp\/v2\/media\/11667"}],"wp:attachment":[{"href":"https:\/\/ropam.com.pl\/wsparcie\/wp-json\/wp\/v2\/media?parent=8535"}],"wp:term":[{"taxonomy":"product_cat","embeddable":true,"href":"https:\/\/ropam.com.pl\/wsparcie\/wp-json\/wp\/v2\/product_cat?post=8535"},{"taxonomy":"product_tag","embeddable":true,"href":"https:\/\/ropam.com.pl\/wsparcie\/wp-json\/wp\/v2\/product_tag?post=8535"}],"curies":[{"name":"wp","href":"https:\/\/api.w.org\/{rel}","templated":true}]}}