{"id":8532,"date":"2018-04-15T15:31:57","date_gmt":"2018-04-15T13:31:57","guid":{"rendered":"https:\/\/ropam.com.pl\/wsparcie\/produkt\/msr-1-msr-manager-2\/"},"modified":"2024-12-30T13:42:34","modified_gmt":"2024-12-30T12:42:34","slug":"msr-1-msr-manager-2","status":"publish","type":"product","link":"https:\/\/ropam.com.pl\/wsparcie\/msr-1-msr-manager-2\/","title":{"rendered":"MSR-1 &#038; MSR Manager"},"content":{"rendered":"<p>Stacja monitorowania MSR-1 wraz z oprogramowaniem MSR Manager to nowoczesne rozwi\u0105zanie dedykowane do monitoringu SMS \/ CLIP. System sk\u0142ada si\u0119 z autonomicznego odbiornika MSR-1 w obudowie typu desktop oraz aplikacji bazodanowej do zarz\u0105dzania sygna\u0142ami i obiektami. Odbiornik pozwala na odbi\u00f3r sygna\u0142\u00f3w SMS\/CLIP (CID CallerID). Oprogramowanie to licencyjna aplikacja jednostanowiskowa pracuj\u0105ca w \u015brodowisku WINDOWS.<\/p>\n<p style=\"text-align: center;\"><a class=\"faq_link\" title=\"ZAPYTANIE OFERTOWE NA MSR-1 &amp; MSR MANAGER\" href=\"mailto:biuro@ropam.com.pl\/wsparcie\"><b>WY\u015aLIJ ZAPYTANIE<\/b><\/a><\/p>\n<p><b>PODSTAWOWE W\u0141A\u015aCIWO\u015aCI MSR-1:<\/b><\/p>\n<p>\u2022 autonomiczna konstrukcja MSR-1 pozwalaj\u0105ca na okresow\u0105 prac\u0119 off-line<br \/>\n\u2022 komunikacja z MSR Manager poprzez RS232<br \/>\n\u2022 lokalny bufor zdarze\u0144 (500) podczas pracy off-line<br \/>\n\u2022 estetyczne obudowa z ABS typu &#8216;desktop&#8217;<br \/>\n\u2022 du\u017cy pod\u015bwietlany wy\u015bwietlacz LCD i klawiatura<br \/>\n\u2022 dodatkowa sygnalizacja LED i akustyczna<br \/>\n\u2022 zasilanie 230V\/AC<br \/>\n\u2022 wbudowane zasilanie awaryjne<br \/>\n\u2022 wbudowany przemys\u0142owy modem GSM (900\/1800 MHz)<br \/>\n\u2022 przystosowana do odbioru informacji nadawanych przez nadajniki GSM: SMS\/CLIP<br \/>\n\u2022 mo\u017cliwo\u015b\u0107 pod\u0142\u0105czenia du\u017cej ilo\u015bci obiekt\u00f3w<br \/>\n\u2022 funkcja uaktualnienia oprogramowania (firmware)<\/p>\n<p><b>PODSTAWOWE W\u0141A\u015aCIWO\u015aCI MSR Manager:<\/b><\/p>\n<p>\u2022 licencja dla jednego stanowiska<br \/>\n\u2022 aplikacja bazodanowa<br \/>\n\u2022 praca w \u015brodowisku WINDOWS<br \/>\n\u2022 \u0142atwa instalacja i konfiguracja<br \/>\n\u2022 przyjazna obs\u0142uga i prezentacja zdarze\u0144<br \/>\n\u2022 wielopoziomowa struktura dost\u0119pu<br \/>\n\u2022 rozbudowane funkcje filtracji i przeszukiwania bazy danych<\/p>\n<p><b>Zastosowanie:<\/b><br \/>\n\u2022 monitoring GSM SMS, CLIP<br \/>\n\u2022 telemetria SMS<br \/>\n\u2022 monitoring &#8216;security&#8217;\u00a0 budynk\u00f3w<br \/>\n\u2022 monitoring\u00a0 stanu i awarii obiekt\u00f3w technicznych np. przepompownie<br \/>\n\u2022 monitoring\u00a0 proces\u00f3w technologicznych<\/p>\n","protected":false},"excerpt":{"rendered":"<p>Stacja monitorowania MSR-1 wraz z oprogramowaniem MSR Manager to nowoczesne rozwi\u0105zanie dedykowane do monitoringu SMS \/ CLIP. System sk\u0142ada si\u0119 z autonomicznego odbiornika MSR-1 w obudowie typu desktop oraz aplikacji bazodanowej do zarz\u0105dzania sygna\u0142ami i obiektami. Odbiornik pozwala na odbi\u00f3r sygna\u0142\u00f3w SMS\/CLIP (CID CallerID). Oprogramowanie to licencyjna aplikacja jednostanowiskowa pracuj\u0105ca w \u015brodowisku WINDOWS. WY\u015aLIJ ZAPYTANIE [&hellip;]<\/p>\n","protected":false},"featured_media":11680,"comment_status":"open","ping_status":"closed","template":"","meta":{"_acf_changed":false,"rank_math_lock_modified_date":false,"inline_featured_image":false},"product_cat":[608],"product_tag":[],"class_list":{"0":"post-8532","1":"product","2":"type-product","3":"status-publish","4":"has-post-thumbnail","6":"product_cat-stacja-monitorowania-archiwum","8":"first","9":"outofstock","10":"taxable","11":"shipping-taxable","12":"product-type-simple"},"acf":[],"_links":{"self":[{"href":"https:\/\/ropam.com.pl\/wsparcie\/wp-json\/wp\/v2\/product\/8532","targetHints":{"allow":["GET"]}}],"collection":[{"href":"https:\/\/ropam.com.pl\/wsparcie\/wp-json\/wp\/v2\/product"}],"about":[{"href":"https:\/\/ropam.com.pl\/wsparcie\/wp-json\/wp\/v2\/types\/product"}],"replies":[{"embeddable":true,"href":"https:\/\/ropam.com.pl\/wsparcie\/wp-json\/wp\/v2\/comments?post=8532"}],"wp:featuredmedia":[{"embeddable":true,"href":"https:\/\/ropam.com.pl\/wsparcie\/wp-json\/wp\/v2\/media\/11680"}],"wp:attachment":[{"href":"https:\/\/ropam.com.pl\/wsparcie\/wp-json\/wp\/v2\/media?parent=8532"}],"wp:term":[{"taxonomy":"product_cat","embeddable":true,"href":"https:\/\/ropam.com.pl\/wsparcie\/wp-json\/wp\/v2\/product_cat?post=8532"},{"taxonomy":"product_tag","embeddable":true,"href":"https:\/\/ropam.com.pl\/wsparcie\/wp-json\/wp\/v2\/product_tag?post=8532"}],"curies":[{"name":"wp","href":"https:\/\/api.w.org\/{rel}","templated":true}]}}