{"id":8528,"date":"2018-04-15T15:31:57","date_gmt":"2018-04-15T13:31:57","guid":{"rendered":"https:\/\/ropam.com.pl\/wsparcie\/produkt\/sdhc-8g\/"},"modified":"2025-08-18T13:19:42","modified_gmt":"2025-08-18T11:19:42","slug":"sdhc-8g","status":"publish","type":"product","link":"https:\/\/ropam.com.pl\/wsparcie\/sdhc-8g\/","title":{"rendered":"SDHC-8G"},"content":{"rendered":"<p><b>KARTA PAMI\u0118CI SDHC<\/b><\/p>\n<p>\u2022 pojemno\u015b\u0107 8GB<br \/>\n\u2022 dedykowana do modu\u0142u FGR-4, rejestrator zdj\u0119\u0107 z detekcji ruchu, foto pu\u0142apka<br \/>\n\u2022 dedykowana do paneli dotykowych TPR-xx, funkcje: cyfrowa ramka do zdj\u0119\u0107, tablica synoptyczna, rejestrator temperatury i warto\u015bci analogowej<br \/>\n\u2022 dedykowana do dodu\u0142u MultiGSM \/ MultiGSM-PS<\/p>\n<p>(Specyfikacja mo\u017ce zosta\u0107 zmieniona bez uprzedzenia.)<\/p>\n","protected":false},"excerpt":{"rendered":"<p>KARTA PAMI\u0118CI SDHC \u2022 pojemno\u015b\u0107 8GB \u2022 dedykowana do modu\u0142u FGR-4, rejestrator zdj\u0119\u0107 z detekcji ruchu, foto pu\u0142apka \u2022 dedykowana do paneli dotykowych TPR-xx, funkcje: cyfrowa ramka do zdj\u0119\u0107, tablica synoptyczna, rejestrator temperatury i warto\u015bci analogowej \u2022 dedykowana do dodu\u0142u MultiGSM \/ MultiGSM-PS (Specyfikacja mo\u017ce zosta\u0107 zmieniona bez uprzedzenia.)<\/p>\n","protected":false},"featured_media":6044,"comment_status":"open","ping_status":"closed","template":"","meta":{"_acf_changed":false,"rank_math_lock_modified_date":false,"inline_featured_image":false},"product_cat":[420],"product_tag":[],"class_list":{"0":"post-8528","1":"product","2":"type-product","3":"status-publish","4":"has-post-thumbnail","6":"product_cat-bez-kategorii","8":"first","9":"outofstock","10":"taxable","11":"shipping-taxable","12":"product-type-simple"},"acf":[],"_links":{"self":[{"href":"https:\/\/ropam.com.pl\/wsparcie\/wp-json\/wp\/v2\/product\/8528","targetHints":{"allow":["GET"]}}],"collection":[{"href":"https:\/\/ropam.com.pl\/wsparcie\/wp-json\/wp\/v2\/product"}],"about":[{"href":"https:\/\/ropam.com.pl\/wsparcie\/wp-json\/wp\/v2\/types\/product"}],"replies":[{"embeddable":true,"href":"https:\/\/ropam.com.pl\/wsparcie\/wp-json\/wp\/v2\/comments?post=8528"}],"wp:featuredmedia":[{"embeddable":true,"href":"https:\/\/ropam.com.pl\/wsparcie\/wp-json\/wp\/v2\/media\/6044"}],"wp:attachment":[{"href":"https:\/\/ropam.com.pl\/wsparcie\/wp-json\/wp\/v2\/media?parent=8528"}],"wp:term":[{"taxonomy":"product_cat","embeddable":true,"href":"https:\/\/ropam.com.pl\/wsparcie\/wp-json\/wp\/v2\/product_cat?post=8528"},{"taxonomy":"product_tag","embeddable":true,"href":"https:\/\/ropam.com.pl\/wsparcie\/wp-json\/wp\/v2\/product_tag?post=8528"}],"curies":[{"name":"wp","href":"https:\/\/api.w.org\/{rel}","templated":true}]}}