{"id":8526,"date":"2018-04-15T15:31:57","date_gmt":"2018-04-15T13:31:57","guid":{"rendered":"https:\/\/ropam.com.pl\/wsparcie\/produkt\/lcd-hmi-d4m-3\/"},"modified":"2025-12-23T11:07:24","modified_gmt":"2025-12-23T10:07:24","slug":"lcd-hmi-d4m-3","status":"publish","type":"product","link":"https:\/\/ropam.com.pl\/wsparcie\/lcd-hmi-d4m-3\/","title":{"rendered":"LCD-HMI-D4M"},"content":{"rendered":"<h3 style=\"text-align: center;\"><span style=\"font-size: 36pt;\"><strong>LCD-HMI-D4M<\/strong><\/span><\/h3>\n<p style=\"text-align: center;\"><span style=\"font-size: 14pt;\">Wy\u015bwietlacz graficzny LCD w obudowie na szyn\u0119 TH35.<\/span><\/p>\n<p style=\"text-align: center;\"><img loading=\"lazy\" decoding=\"async\" class=\"wp-image-9650 aligncenter\" src=\"https:\/\/ropam.com.pl\/wsparcie\/wp-content\/uploads\/2018\/04\/LCD_HMI_2_1.png\" alt=\"\" width=\"221\" height=\"281\" srcset=\"https:\/\/ropam.com.pl\/wsparcie\/wp-content\/uploads\/2018\/04\/LCD_HMI_2_1.png 1700w, https:\/\/ropam.com.pl\/wsparcie\/wp-content\/uploads\/2018\/04\/LCD_HMI_2_1-236x300.png 236w, https:\/\/ropam.com.pl\/wsparcie\/wp-content\/uploads\/2018\/04\/LCD_HMI_2_1-804x1024.png 804w, https:\/\/ropam.com.pl\/wsparcie\/wp-content\/uploads\/2018\/04\/LCD_HMI_2_1-768x978.png 768w, https:\/\/ropam.com.pl\/wsparcie\/wp-content\/uploads\/2018\/04\/LCD_HMI_2_1-1207x1536.png 1207w, https:\/\/ropam.com.pl\/wsparcie\/wp-content\/uploads\/2018\/04\/LCD_HMI_2_1-1609x2048.png 1609w, https:\/\/ropam.com.pl\/wsparcie\/wp-content\/uploads\/2018\/04\/LCD_HMI_2_1-300x382.png 300w, https:\/\/ropam.com.pl\/wsparcie\/wp-content\/uploads\/2018\/04\/LCD_HMI_2_1-600x764.png 600w, https:\/\/ropam.com.pl\/wsparcie\/wp-content\/uploads\/2018\/04\/LCD_HMI_2_1-47x60.png 47w\" sizes=\"auto, (max-width: 221px) 100vw, 221px\" \/><\/p>\n<p style=\"text-align: left;\"><span style=\"font-size: 14pt;\"><strong style=\"color: #07acf2; font-family: 'arial black', sans-serif;\">W\u0142a\u015bciwo\u015bci\u00a0<\/strong><\/span><\/p>\n<p><span style=\"color: #000000;\"><strong>\u00bb <\/strong>K<\/span>ompatybilno\u015b\u0107:<a href=\"https:\/\/ropam.com.pl\/wsparcie\/kategoria-produktu\/moduly-komunikacyjne\/basiclte-seria\/\"> BasicLTE<\/a>, <a href=\"https:\/\/ropam.com.pl\/wsparcie\/kategoria-produktu\/moduly-komunikacyjne\/multilte-rf-seria\/\">MultiLTE-RF<\/a>, <a href=\"https:\/\/ropam.com.pl\/wsparcie\/basic4g\/\">Basic4G<\/a>, <strong>(bez -PS)<\/strong><br \/>\n<span style=\"color: #000000;\">\u00bb <\/span>Wy\u015bwietlacz graficzny 128&#215;64 z pod\u015bwietleniem<br \/>\n<span style=\"color: #000000;\">\u00bb Wy\u015bwietlanie stanu wej\u015b\u0107\/wyj\u015b\u0107 binarnych, wej\u015b\u0107 analogowych, temperatury, awarii, status GSM<\/span><br \/>\n<span style=\"color: #000000;\">\u00bb Mo\u017cliwo\u015b\u0107 ustawienia ekranu startowego np. temperatura, wej\u015bcia binarne analogowe<\/span><br \/>\n<span style=\"color: #000000;\">\u00bb Sygnalizacja LED: zasilanie, awarie<\/span><br \/>\n<span style=\"color: #000000;\">\u00bb Klawiatura, cztery przyciski, do poruszania si\u0119 po funkcjach i menu<br \/>\n\u00bb Obudowa na szyn\u0119 DIN (TH35), szeroko\u015b\u0107 4 modu\u0142\u00f3w<br \/>\n<\/span><\/p>\n<p>&nbsp;<\/p>\n<h3 style=\"text-align: center;\"><span style=\"font-size: 24pt; color: #ff0000;\"><strong style=\"font-family: 'arial black', sans-serif;\">W PE\u0141NI POLSKI PRODUKT<\/strong><\/span><\/h3>\n<p style=\"text-align: center;\"><span style=\"font-size: 14pt;\">Ca\u0142y etap produkcji, od pomys\u0142u po wykonanie ko\u0144cowe oparte s\u0105 o autorskie rozwi\u0105zania oraz dog\u0142\u0119bn\u0105 analiz\u0119 potrzeb i trend\u00f3w na\u00a0 rynku.<\/span><\/p>\n<p style=\"text-align: center;\"><img loading=\"lazy\" decoding=\"async\" class=\"wp-image-9726 alignnone\" src=\"https:\/\/ropam.com.pl\/wsparcie\/wp-content\/uploads\/2018\/04\/Obraz1.png\" alt=\"\" width=\"354\" height=\"325\" srcset=\"https:\/\/ropam.com.pl\/wsparcie\/wp-content\/uploads\/2018\/04\/Obraz1.png 292w, https:\/\/ropam.com.pl\/wsparcie\/wp-content\/uploads\/2018\/04\/Obraz1-60x55.png 60w\" sizes=\"auto, (max-width: 354px) 100vw, 354px\" \/><\/p>\n","protected":false},"excerpt":{"rendered":"<p><span style=\"font-size: 14pt;\">Panel LCD-HMI w obudowie na szyn\u0119<\/span><\/p>\n","protected":false},"featured_media":9651,"comment_status":"open","ping_status":"closed","template":"","meta":{"_acf_changed":false,"rank_math_lock_modified_date":false,"inline_featured_image":false},"product_cat":[594,595],"product_tag":[],"class_list":{"0":"post-8526","1":"product","2":"type-product","3":"status-publish","4":"has-post-thumbnail","6":"product_cat-akcesoria-do-basic-i-multi","7":"product_cat-inne_akcesoria_ogolne","9":"first","10":"instock","11":"taxable","12":"shipping-taxable","13":"purchasable","14":"product-type-simple"},"acf":[],"_links":{"self":[{"href":"https:\/\/ropam.com.pl\/wsparcie\/wp-json\/wp\/v2\/product\/8526","targetHints":{"allow":["GET"]}}],"collection":[{"href":"https:\/\/ropam.com.pl\/wsparcie\/wp-json\/wp\/v2\/product"}],"about":[{"href":"https:\/\/ropam.com.pl\/wsparcie\/wp-json\/wp\/v2\/types\/product"}],"replies":[{"embeddable":true,"href":"https:\/\/ropam.com.pl\/wsparcie\/wp-json\/wp\/v2\/comments?post=8526"}],"wp:featuredmedia":[{"embeddable":true,"href":"https:\/\/ropam.com.pl\/wsparcie\/wp-json\/wp\/v2\/media\/9651"}],"wp:attachment":[{"href":"https:\/\/ropam.com.pl\/wsparcie\/wp-json\/wp\/v2\/media?parent=8526"}],"wp:term":[{"taxonomy":"product_cat","embeddable":true,"href":"https:\/\/ropam.com.pl\/wsparcie\/wp-json\/wp\/v2\/product_cat?post=8526"},{"taxonomy":"product_tag","embeddable":true,"href":"https:\/\/ropam.com.pl\/wsparcie\/wp-json\/wp\/v2\/product_tag?post=8526"}],"curies":[{"name":"wp","href":"https:\/\/api.w.org\/{rel}","templated":true}]}}