{"id":8505,"date":"2025-12-29T15:31:56","date_gmt":"2025-12-29T14:31:56","guid":{"rendered":"https:\/\/ropam.com.pl\/wsparcie\/produkt\/rm85-12v-1p-2\/"},"modified":"2026-02-03T12:40:36","modified_gmt":"2026-02-03T11:40:36","slug":"rm85-12v-1p-2","status":"publish","type":"product","link":"https:\/\/ropam.com.pl\/wsparcie\/rm85-12v-1p-2\/","title":{"rendered":"RM85-12V-1P"},"content":{"rendered":"<h3 style=\"text-align: center;\"><span style=\"font-size: 36pt;\">RM85-12V-1P<\/span><\/h3>\n<p style=\"text-align: center;\">Przeka\u017anik 12V w podstawce do monta\u017cu na szynie DIN<\/p>\n<p><img loading=\"lazy\" decoding=\"async\" class=\"wp-image-10147 aligncenter\" src=\"https:\/\/ropam.com.pl\/wsparcie\/wp-content\/uploads\/2018\/04\/RM85-LED-12V-e1724852169195.jpeg\" alt=\"\" width=\"222\" height=\"348\" srcset=\"https:\/\/ropam.com.pl\/wsparcie\/wp-content\/uploads\/2018\/04\/RM85-LED-12V-e1724852169195.jpeg 1160w, https:\/\/ropam.com.pl\/wsparcie\/wp-content\/uploads\/2018\/04\/RM85-LED-12V-e1724852169195-192x300.jpeg 192w, https:\/\/ropam.com.pl\/wsparcie\/wp-content\/uploads\/2018\/04\/RM85-LED-12V-e1724852169195-654x1024.jpeg 654w, https:\/\/ropam.com.pl\/wsparcie\/wp-content\/uploads\/2018\/04\/RM85-LED-12V-e1724852169195-768x1202.jpeg 768w, https:\/\/ropam.com.pl\/wsparcie\/wp-content\/uploads\/2018\/04\/RM85-LED-12V-e1724852169195-981x1536.jpeg 981w, https:\/\/ropam.com.pl\/wsparcie\/wp-content\/uploads\/2018\/04\/RM85-LED-12V-e1724852169195-300x470.jpeg 300w, https:\/\/ropam.com.pl\/wsparcie\/wp-content\/uploads\/2018\/04\/RM85-LED-12V-e1724852169195-600x939.jpeg 600w, https:\/\/ropam.com.pl\/wsparcie\/wp-content\/uploads\/2018\/04\/RM85-LED-12V-e1724852169195-38x60.jpeg 38w\" sizes=\"auto, (max-width: 222px) 100vw, 222px\" \/><span style=\"font-family: 'arial black', sans-serif; color: #07acf2; font-size: 14pt;\"><strong>W\u0142a\u015bciwo\u015bci:<\/strong><\/span><\/p>\n<p>\u00bb\u00a0Wyzwalanie: 9\u00f724V\/DC<br \/>\n\u00bb\u00a0Pob\u00f3r pr\u0105du: 35mA@12V\/DC (Rcoil=360\u03a9)<br \/>\n\u00bb Kompatybilny z wyj\u015bciami OC (OpenCollector), NPN. PNP<br \/>\n\u00bb\u00a0Przeka\u017aniki: SPDT (1x REL-C\/NO\/NC)<br \/>\n\u00bb Wysokiej jako\u015bci przeka\u017anik: (AC1: 12A\/250V,\u00a0 DC1: 12A\/24VDC)<br \/>\n\u00bb Izolacja galwaniczna cewka-styki: 5kV AC<br \/>\n\u00bb Monta\u017c: szyna DIN (35mm) lub p\u0142yta monta\u017cowa (wkr\u0119t)<br \/>\n\u00bb Opcja modu\u0142 RM85-LED-12V: sygnalizacja optyczna wyzwalania, uk\u0142ad przepi\u0119ciowy\u00a0 (modu\u0142 zast\u0119puje diod\u0119 na cewce)<\/p>\n<h3 style=\"text-align: center;\"><span style=\"font-size: 24pt; color: #ff0000;\"><strong style=\"font-family: 'arial black', sans-serif;\">W PE\u0141NI POLSKI PRODUKT<\/strong><\/span><\/h3>\n<p style=\"text-align: center;\"><span style=\"font-size: 14pt;\">Ca\u0142y etap produkcji, od pomys\u0142u po wykonanie ko\u0144cowe oparte s\u0105 o autorskie rozwi\u0105zania oraz dog\u0142\u0119bn\u0105 analiz\u0119 potrzeb i trend\u00f3w na\u00a0 rynku.<\/span><\/p>\n<p style=\"text-align: center;\"><img loading=\"lazy\" decoding=\"async\" class=\"wp-image-9726 alignnone\" src=\"https:\/\/ropam.com.pl\/wsparcie\/wp-content\/uploads\/2018\/04\/Obraz1.png\" alt=\"\" width=\"354\" height=\"325\" srcset=\"https:\/\/ropam.com.pl\/wsparcie\/wp-content\/uploads\/2018\/04\/Obraz1.png 292w, https:\/\/ropam.com.pl\/wsparcie\/wp-content\/uploads\/2018\/04\/Obraz1-60x55.png 60w\" sizes=\"auto, (max-width: 354px) 100vw, 354px\" \/><\/p>\n","protected":false},"excerpt":{"rendered":"<p><span style=\"font-size: 14pt;\">Modu\u0142 przeka\u017anika<\/span><\/p>\n","protected":false},"featured_media":10147,"comment_status":"open","ping_status":"closed","template":"","meta":{"_acf_changed":false,"rank_math_lock_modified_date":false,"inline_featured_image":false},"product_cat":[491],"product_tag":[630],"class_list":{"0":"post-8505","1":"product","2":"type-product","3":"status-publish","4":"has-post-thumbnail","6":"product_cat-moduly-przekaznikowe","7":"product_tag-relay-module","9":"first","10":"instock","11":"taxable","12":"shipping-taxable","13":"purchasable","14":"product-type-simple"},"acf":[],"_links":{"self":[{"href":"https:\/\/ropam.com.pl\/wsparcie\/wp-json\/wp\/v2\/product\/8505","targetHints":{"allow":["GET"]}}],"collection":[{"href":"https:\/\/ropam.com.pl\/wsparcie\/wp-json\/wp\/v2\/product"}],"about":[{"href":"https:\/\/ropam.com.pl\/wsparcie\/wp-json\/wp\/v2\/types\/product"}],"replies":[{"embeddable":true,"href":"https:\/\/ropam.com.pl\/wsparcie\/wp-json\/wp\/v2\/comments?post=8505"}],"wp:featuredmedia":[{"embeddable":true,"href":"https:\/\/ropam.com.pl\/wsparcie\/wp-json\/wp\/v2\/media\/10147"}],"wp:attachment":[{"href":"https:\/\/ropam.com.pl\/wsparcie\/wp-json\/wp\/v2\/media?parent=8505"}],"wp:term":[{"taxonomy":"product_cat","embeddable":true,"href":"https:\/\/ropam.com.pl\/wsparcie\/wp-json\/wp\/v2\/product_cat?post=8505"},{"taxonomy":"product_tag","embeddable":true,"href":"https:\/\/ropam.com.pl\/wsparcie\/wp-json\/wp\/v2\/product_tag?post=8505"}],"curies":[{"name":"wp","href":"https:\/\/api.w.org\/{rel}","templated":true}]}}