{"id":8492,"date":"2018-04-15T15:31:56","date_gmt":"2018-04-15T13:31:56","guid":{"rendered":"https:\/\/ropam.com.pl\/wsparcie\/produkt\/at-433-sma\/"},"modified":"2024-11-12T15:24:30","modified_gmt":"2024-11-12T14:24:30","slug":"at-433-sma","status":"publish","type":"product","link":"https:\/\/ropam.com.pl\/wsparcie\/at-433-sma\/","title":{"rendered":"AT-433-SMA"},"content":{"rendered":"<p><b>ANTENA ISM<\/b><\/p>\n<p>Antena ISM, helikalna, pionowa, gi\u0119tka<\/p>\n<p>Antena ma zastosowanie w produktach PSR-RF, PCR6-RF, ponadto idealnie nadaje do system\u00f3w sterowania radiowego 433.92 MHz np. sterowniki bram gara\u017cowych, radiolinie<\/p>\n<p>\u2022 cz\u0119stotliwo\u015b\u0107: 433,92MHz<br \/>\n\u2022 impedancja: 50 \u03a9<br \/>\n\u2022 polaryzacja: pionowa<br \/>\n\u2022 VSWR: &lt;2.0<br \/>\n\u2022 budowa: antena zako\u0144czona SMA-M, w zestawie konektor antenowy 150mm ( RG174) zako\u0144czony SMA-F<br \/>\npanelowe ( otw\u00f3r monta\u017cowy fi 7mm)<br \/>\n\u2022 wymiary: 100\/15\/10mm (H\/D\/d)<br \/>\n\u2022 kolor: czarny<br \/>\n\u2022 temp. pracy: -20\u00b0C \u00f7 60\u00b0C<\/p>\n<p>Element serwisowy<\/p>\n","protected":false},"excerpt":{"rendered":"<p>ANTENA ISM Antena ISM, helikalna, pionowa, gi\u0119tka Antena ma zastosowanie w produktach PSR-RF, PCR6-RF, ponadto idealnie nadaje do system\u00f3w sterowania radiowego 433.92 MHz np. sterowniki bram gara\u017cowych, radiolinie \u2022 cz\u0119stotliwo\u015b\u0107: 433,92MHz \u2022 impedancja: 50 \u03a9 \u2022 polaryzacja: pionowa \u2022 VSWR: &lt;2.0 \u2022 budowa: antena zako\u0144czona SMA-M, w zestawie konektor antenowy 150mm ( RG174) zako\u0144czony SMA-F [&hellip;]<\/p>\n","protected":false},"featured_media":11611,"comment_status":"open","ping_status":"closed","template":"","meta":{"_acf_changed":false,"rank_math_lock_modified_date":false,"inline_featured_image":false},"product_cat":[609],"product_tag":[],"class_list":{"0":"post-8492","1":"product","2":"type-product","3":"status-publish","4":"has-post-thumbnail","6":"product_cat-akcesoria-archiwum","8":"first","9":"outofstock","10":"taxable","11":"shipping-taxable","12":"product-type-simple"},"acf":[],"_links":{"self":[{"href":"https:\/\/ropam.com.pl\/wsparcie\/wp-json\/wp\/v2\/product\/8492","targetHints":{"allow":["GET"]}}],"collection":[{"href":"https:\/\/ropam.com.pl\/wsparcie\/wp-json\/wp\/v2\/product"}],"about":[{"href":"https:\/\/ropam.com.pl\/wsparcie\/wp-json\/wp\/v2\/types\/product"}],"replies":[{"embeddable":true,"href":"https:\/\/ropam.com.pl\/wsparcie\/wp-json\/wp\/v2\/comments?post=8492"}],"wp:featuredmedia":[{"embeddable":true,"href":"https:\/\/ropam.com.pl\/wsparcie\/wp-json\/wp\/v2\/media\/11611"}],"wp:attachment":[{"href":"https:\/\/ropam.com.pl\/wsparcie\/wp-json\/wp\/v2\/media?parent=8492"}],"wp:term":[{"taxonomy":"product_cat","embeddable":true,"href":"https:\/\/ropam.com.pl\/wsparcie\/wp-json\/wp\/v2\/product_cat?post=8492"},{"taxonomy":"product_tag","embeddable":true,"href":"https:\/\/ropam.com.pl\/wsparcie\/wp-json\/wp\/v2\/product_tag?post=8492"}],"curies":[{"name":"wp","href":"https:\/\/api.w.org\/{rel}","templated":true}]}}