{"id":8491,"date":"2018-04-15T15:31:56","date_gmt":"2018-04-15T13:31:56","guid":{"rendered":"https:\/\/ropam.com.pl\/wsparcie\/produkt\/tr-2-2\/"},"modified":"2024-11-12T15:29:01","modified_gmt":"2024-11-12T14:29:01","slug":"tr-2-2","status":"publish","type":"product","link":"https:\/\/ropam.com.pl\/wsparcie\/tr-2-2\/","title":{"rendered":"TR-2"},"content":{"rendered":"<p><b>PILOT RADIOWY<\/b><\/p>\n<p>Pilot, nadajnik, 2-kana\u0142owy<\/p>\n<p>\u2022 wsp\u00f3\u0142praca z PSR-RF, PCR 6-RF,<br \/>\n\u2022 2-kana\u0142owy<br \/>\n\u2022 cz\u0119stotliwo\u015b\u0107 pracy 433,92 Mhz<br \/>\n\u2022 kod dynamiczny<br \/>\n\u2022 zasi\u0119g do 100m<\/p>\n","protected":false},"excerpt":{"rendered":"<p>PILOT RADIOWY Pilot, nadajnik, 2-kana\u0142owy \u2022 wsp\u00f3\u0142praca z PSR-RF, PCR 6-RF, \u2022 2-kana\u0142owy \u2022 cz\u0119stotliwo\u015b\u0107 pracy 433,92 Mhz \u2022 kod dynamiczny \u2022 zasi\u0119g do 100m<\/p>\n","protected":false},"featured_media":11616,"comment_status":"open","ping_status":"closed","template":"","meta":{"_acf_changed":false,"rank_math_lock_modified_date":false,"inline_featured_image":false},"product_cat":[609],"product_tag":[],"class_list":{"0":"post-8491","1":"product","2":"type-product","3":"status-publish","4":"has-post-thumbnail","6":"product_cat-akcesoria-archiwum","8":"first","9":"outofstock","10":"purchasable","11":"product-type-simple"},"acf":[],"_links":{"self":[{"href":"https:\/\/ropam.com.pl\/wsparcie\/wp-json\/wp\/v2\/product\/8491","targetHints":{"allow":["GET"]}}],"collection":[{"href":"https:\/\/ropam.com.pl\/wsparcie\/wp-json\/wp\/v2\/product"}],"about":[{"href":"https:\/\/ropam.com.pl\/wsparcie\/wp-json\/wp\/v2\/types\/product"}],"replies":[{"embeddable":true,"href":"https:\/\/ropam.com.pl\/wsparcie\/wp-json\/wp\/v2\/comments?post=8491"}],"wp:featuredmedia":[{"embeddable":true,"href":"https:\/\/ropam.com.pl\/wsparcie\/wp-json\/wp\/v2\/media\/11616"}],"wp:attachment":[{"href":"https:\/\/ropam.com.pl\/wsparcie\/wp-json\/wp\/v2\/media?parent=8491"}],"wp:term":[{"taxonomy":"product_cat","embeddable":true,"href":"https:\/\/ropam.com.pl\/wsparcie\/wp-json\/wp\/v2\/product_cat?post=8491"},{"taxonomy":"product_tag","embeddable":true,"href":"https:\/\/ropam.com.pl\/wsparcie\/wp-json\/wp\/v2\/product_tag?post=8491"}],"curies":[{"name":"wp","href":"https:\/\/api.w.org\/{rel}","templated":true}]}}