{"id":8489,"date":"2018-04-15T15:31:56","date_gmt":"2018-04-15T13:31:56","guid":{"rendered":"https:\/\/ropam.com.pl\/wsparcie\/produkt\/bp-12ah-2\/"},"modified":"2025-12-22T12:37:00","modified_gmt":"2025-12-22T11:37:00","slug":"bp-12ah-2","status":"publish","type":"product","link":"https:\/\/ropam.com.pl\/wsparcie\/bp-12ah-2\/","title":{"rendered":"BP 1,2Ah"},"content":{"rendered":"<h3 style=\"text-align: center;\"><span style=\"font-size: 36pt;\">BP 1,2Ah<\/span><\/h3>\n<p style=\"text-align: center;\">Akumulator BP 1,2Ah\/12V<\/p>\n<p style=\"text-align: center;\"><img loading=\"lazy\" decoding=\"async\" class=\"alignnone wp-image-9990 size-medium\" src=\"https:\/\/ropam.com.pl\/wsparcie\/wp-content\/uploads\/2018\/04\/BP-12Ah-e1763728127987-300x279.png\" alt=\"\" width=\"300\" height=\"279\" srcset=\"https:\/\/ropam.com.pl\/wsparcie\/wp-content\/uploads\/2018\/04\/BP-12Ah-e1763728127987-300x279.png 300w, https:\/\/ropam.com.pl\/wsparcie\/wp-content\/uploads\/2018\/04\/BP-12Ah-e1763728127987-600x558.png 600w, https:\/\/ropam.com.pl\/wsparcie\/wp-content\/uploads\/2018\/04\/BP-12Ah-e1763728127987-60x56.png 60w, https:\/\/ropam.com.pl\/wsparcie\/wp-content\/uploads\/2018\/04\/BP-12Ah-e1763728127987.png 763w\" sizes=\"auto, (max-width: 300px) 100vw, 300px\" \/><\/p>\n<h3><span style=\"font-family: 'arial black', sans-serif; color: #07acf2;\"><strong>W\u0142a\u015bciwo\u015bci<\/strong><\/span><\/h3>\n<p>\u00bb Akumulator AGM<br \/>\n\u00bb\u00a0Wymiary: 59 x 97 x 45 (HxLxD)<br \/>\n\u00bb\u00a0Waga 0,60 kg<br \/>\n\u00bb\u00a0Dedykowany do obudowy O-R2, O-RH<\/p>\n","protected":false},"excerpt":{"rendered":"<p><span style=\"font-size: 14pt;\">Akumulator AGM<\/span><\/p>\n","protected":false},"featured_media":9990,"comment_status":"open","ping_status":"closed","template":"","meta":{"_acf_changed":false,"rank_math_lock_modified_date":false,"inline_featured_image":false},"product_cat":[428],"product_tag":[],"class_list":{"0":"post-8489","1":"product","2":"type-product","3":"status-publish","4":"has-post-thumbnail","6":"product_cat-akumulatory","8":"first","9":"instock","10":"taxable","11":"shipping-taxable","12":"purchasable","13":"product-type-simple"},"acf":[],"_links":{"self":[{"href":"https:\/\/ropam.com.pl\/wsparcie\/wp-json\/wp\/v2\/product\/8489","targetHints":{"allow":["GET"]}}],"collection":[{"href":"https:\/\/ropam.com.pl\/wsparcie\/wp-json\/wp\/v2\/product"}],"about":[{"href":"https:\/\/ropam.com.pl\/wsparcie\/wp-json\/wp\/v2\/types\/product"}],"replies":[{"embeddable":true,"href":"https:\/\/ropam.com.pl\/wsparcie\/wp-json\/wp\/v2\/comments?post=8489"}],"wp:featuredmedia":[{"embeddable":true,"href":"https:\/\/ropam.com.pl\/wsparcie\/wp-json\/wp\/v2\/media\/9990"}],"wp:attachment":[{"href":"https:\/\/ropam.com.pl\/wsparcie\/wp-json\/wp\/v2\/media?parent=8489"}],"wp:term":[{"taxonomy":"product_cat","embeddable":true,"href":"https:\/\/ropam.com.pl\/wsparcie\/wp-json\/wp\/v2\/product_cat?post=8489"},{"taxonomy":"product_tag","embeddable":true,"href":"https:\/\/ropam.com.pl\/wsparcie\/wp-json\/wp\/v2\/product_tag?post=8489"}],"curies":[{"name":"wp","href":"https:\/\/api.w.org\/{rel}","templated":true}]}}