{"id":8486,"date":"2018-04-15T15:31:56","date_gmt":"2018-04-15T13:31:56","guid":{"rendered":"https:\/\/ropam.com.pl\/wsparcie\/produkt\/bp-7ah\/"},"modified":"2025-12-22T12:38:10","modified_gmt":"2025-12-22T11:38:10","slug":"bp-7ah","status":"publish","type":"product","link":"https:\/\/ropam.com.pl\/wsparcie\/bp-7ah\/","title":{"rendered":"BP 7Ah"},"content":{"rendered":"<h3 style=\"text-align: center;\"><span style=\"font-size: 36pt;\">BP 7Ah<\/span><\/h3>\n<p style=\"text-align: center;\">Akumulator BP 7Ah\/12V<\/p>\n<p style=\"text-align: center;\"><img loading=\"lazy\" decoding=\"async\" class=\"alignnone wp-image-9987 size-medium\" src=\"https:\/\/ropam.com.pl\/wsparcie\/wp-content\/uploads\/2018\/04\/BP-7Ah-e1763730933585-300x245.png\" alt=\"\" width=\"300\" height=\"245\" srcset=\"https:\/\/ropam.com.pl\/wsparcie\/wp-content\/uploads\/2018\/04\/BP-7Ah-e1763730933585-300x245.png 300w, https:\/\/ropam.com.pl\/wsparcie\/wp-content\/uploads\/2018\/04\/BP-7Ah-e1763730933585-768x628.png 768w, https:\/\/ropam.com.pl\/wsparcie\/wp-content\/uploads\/2018\/04\/BP-7Ah-e1763730933585-600x491.png 600w, https:\/\/ropam.com.pl\/wsparcie\/wp-content\/uploads\/2018\/04\/BP-7Ah-e1763730933585-60x49.png 60w, https:\/\/ropam.com.pl\/wsparcie\/wp-content\/uploads\/2018\/04\/BP-7Ah-e1763730933585.png 868w\" sizes=\"auto, (max-width: 300px) 100vw, 300px\" \/><\/p>\n<h3><span style=\"font-family: 'arial black', sans-serif; color: #07acf2;\"><strong>W\u0142a\u015bciwo\u015bci<\/strong><\/span><\/h3>\n<p>\u00bb Akumulator AGM<br \/>\n\u00bb\u00a0Wymiary: 94 x 151 x 65 (HxLxD)<br \/>\n\u00bb\u00a0Waga 2,50 kg<br \/>\n\u00bb\u00a0Dedykowany do obudowy O-R3<\/p>\n","protected":false},"excerpt":{"rendered":"<p><span style=\"font-size: 14pt;\">Akumulator AGM<\/span><\/p>\n","protected":false},"featured_media":9987,"comment_status":"open","ping_status":"closed","template":"","meta":{"_acf_changed":false,"rank_math_lock_modified_date":false,"inline_featured_image":false},"product_cat":[428],"product_tag":[],"class_list":{"0":"post-8486","1":"product","2":"type-product","3":"status-publish","4":"has-post-thumbnail","6":"product_cat-akumulatory","8":"first","9":"instock","10":"taxable","11":"shipping-taxable","12":"purchasable","13":"product-type-simple"},"acf":[],"_links":{"self":[{"href":"https:\/\/ropam.com.pl\/wsparcie\/wp-json\/wp\/v2\/product\/8486","targetHints":{"allow":["GET"]}}],"collection":[{"href":"https:\/\/ropam.com.pl\/wsparcie\/wp-json\/wp\/v2\/product"}],"about":[{"href":"https:\/\/ropam.com.pl\/wsparcie\/wp-json\/wp\/v2\/types\/product"}],"replies":[{"embeddable":true,"href":"https:\/\/ropam.com.pl\/wsparcie\/wp-json\/wp\/v2\/comments?post=8486"}],"wp:featuredmedia":[{"embeddable":true,"href":"https:\/\/ropam.com.pl\/wsparcie\/wp-json\/wp\/v2\/media\/9987"}],"wp:attachment":[{"href":"https:\/\/ropam.com.pl\/wsparcie\/wp-json\/wp\/v2\/media?parent=8486"}],"wp:term":[{"taxonomy":"product_cat","embeddable":true,"href":"https:\/\/ropam.com.pl\/wsparcie\/wp-json\/wp\/v2\/product_cat?post=8486"},{"taxonomy":"product_tag","embeddable":true,"href":"https:\/\/ropam.com.pl\/wsparcie\/wp-json\/wp\/v2\/product_tag?post=8486"}],"curies":[{"name":"wp","href":"https:\/\/api.w.org\/{rel}","templated":true}]}}