{"id":8480,"date":"2018-04-15T15:31:55","date_gmt":"2018-04-15T13:31:55","guid":{"rendered":"https:\/\/ropam.com.pl\/wsparcie\/produkt\/kon-g20\/"},"modified":"2024-11-12T15:44:42","modified_gmt":"2024-11-12T14:44:42","slug":"kon-g20","status":"publish","type":"product","link":"https:\/\/ropam.com.pl\/wsparcie\/kon-g20\/","title":{"rendered":"KON-G20"},"content":{"rendered":"<p><b>KONEKTOR ANTENOWY<\/b><\/p>\n<p>Konektor antenowy do telefon\u00f3w MOTOROLA<br \/>\n\u2022 impedancja: 50 \u03a9<br \/>\n\u2022 z\u0142\u0105cza: MMCX- FME-M(U.FL)<br \/>\n\u2022 wymiary: d\u0142ugo\u015b\u0107 150mm<br \/>\n\u2022 temp. pracy: -20\u00b0C \u00f7 60\u00b0C<\/p>\n","protected":false},"excerpt":{"rendered":"<p>KONEKTOR ANTENOWY Konektor antenowy do telefon\u00f3w MOTOROLA \u2022 impedancja: 50 \u03a9 \u2022 z\u0142\u0105cza: MMCX- FME-M(U.FL) \u2022 wymiary: d\u0142ugo\u015b\u0107 150mm \u2022 temp. pracy: -20\u00b0C \u00f7 60\u00b0C<\/p>\n","protected":false},"featured_media":11625,"comment_status":"open","ping_status":"closed","template":"","meta":{"_acf_changed":false,"rank_math_lock_modified_date":false,"inline_featured_image":false},"product_cat":[609],"product_tag":[],"class_list":{"0":"post-8480","1":"product","2":"type-product","3":"status-publish","4":"has-post-thumbnail","6":"product_cat-akcesoria-archiwum","8":"first","9":"outofstock","10":"product-type-simple"},"acf":[],"_links":{"self":[{"href":"https:\/\/ropam.com.pl\/wsparcie\/wp-json\/wp\/v2\/product\/8480","targetHints":{"allow":["GET"]}}],"collection":[{"href":"https:\/\/ropam.com.pl\/wsparcie\/wp-json\/wp\/v2\/product"}],"about":[{"href":"https:\/\/ropam.com.pl\/wsparcie\/wp-json\/wp\/v2\/types\/product"}],"replies":[{"embeddable":true,"href":"https:\/\/ropam.com.pl\/wsparcie\/wp-json\/wp\/v2\/comments?post=8480"}],"wp:featuredmedia":[{"embeddable":true,"href":"https:\/\/ropam.com.pl\/wsparcie\/wp-json\/wp\/v2\/media\/11625"}],"wp:attachment":[{"href":"https:\/\/ropam.com.pl\/wsparcie\/wp-json\/wp\/v2\/media?parent=8480"}],"wp:term":[{"taxonomy":"product_cat","embeddable":true,"href":"https:\/\/ropam.com.pl\/wsparcie\/wp-json\/wp\/v2\/product_cat?post=8480"},{"taxonomy":"product_tag","embeddable":true,"href":"https:\/\/ropam.com.pl\/wsparcie\/wp-json\/wp\/v2\/product_tag?post=8480"}],"curies":[{"name":"wp","href":"https:\/\/api.w.org\/{rel}","templated":true}]}}