{"id":8477,"date":"2025-12-29T15:31:55","date_gmt":"2025-12-29T14:31:55","guid":{"rendered":"https:\/\/ropam.com.pl\/wsparcie\/produkt\/at-gsm-cap-2\/"},"modified":"2026-02-03T12:42:20","modified_gmt":"2026-02-03T11:42:20","slug":"at-gsm-cap","status":"publish","type":"product","link":"https:\/\/ropam.com.pl\/wsparcie\/at-gsm-cap\/","title":{"rendered":"AT-GSM-CAP"},"content":{"rendered":"<h3 style=\"text-align: center;\"><span style=\"font-size: 36pt;\"><strong>AT-GSM-CAP<\/strong><\/span><\/h3>\n<p style=\"text-align: center;\"><span style=\"font-size: 14pt;\">ANTENA GSM\/LTE wandaloodporna i wodoodporna. Specjalna antena GSM\/LTE do zastosowania zewn\u0119trznego i wewn\u0119trznego: szafy, sterownicze, kontenery, obudowy itp. Sta\u0142y monta\u017c \u015brubowy na p\u0142askiej powierzchni.<\/span><\/p>\n<p style=\"text-align: center;\"><img loading=\"lazy\" decoding=\"async\" class=\"size-full wp-image-9944 aligncenter\" src=\"https:\/\/ropam.com.pl\/wsparcie\/wp-content\/uploads\/2018\/04\/at-gsm-cap2-274x300-1.jpg\" alt=\"\" width=\"274\" height=\"300\" srcset=\"https:\/\/ropam.com.pl\/wsparcie\/wp-content\/uploads\/2018\/04\/at-gsm-cap2-274x300-1.jpg 274w, https:\/\/ropam.com.pl\/wsparcie\/wp-content\/uploads\/2018\/04\/at-gsm-cap2-274x300-1-55x60.jpg 55w\" sizes=\"auto, (max-width: 274px) 100vw, 274px\" \/><\/p>\n<p><span style=\"font-size: 14pt;\"><strong style=\"color: #07acf2; font-family: 'arial black', sans-serif;\">W\u0142a\u015bciwo\u015bci\u00a0<\/strong><\/span><\/p>\n<p><span style=\"color: #000000;\"><strong>\u00bb<\/strong> A<\/span>ntena GSM\/LTE<br \/>\n<span style=\"color: #000000;\"><strong>\u00bb<\/strong> C<\/span>z\u0119stotliwo\u015b\u0107:\u00a0 850\/900\/1800\/1900\/2100 MHz<br \/>\n<span style=\"color: #000000;\"><strong>\u00bb<\/strong> Z<\/span>ysk: 2,2dBi (maks.)<br \/>\n<span style=\"color: #000000;\"><strong>\u00bb<\/strong> <\/span>VSWR: &lt; 2.0<br \/>\n<span style=\"color: #000000;\"><strong>\u00bb<\/strong> I<\/span>mpedancja: 50 \u03a9<br \/>\n<span style=\"color: #000000;\"><strong>\u00bb<\/strong> M<\/span>onta\u017c: \u015brubowy M10x18mm<br \/>\n<span style=\"color: #000000;\"><strong>\u00bb<\/strong> Z<\/span>\u0142\u0105cze: SMAm, kabel LL100-2,5 m<br \/>\n<span style=\"color: #000000;\"><strong>\u00bb<\/strong> W<\/span>ymiary: \u00f8 52&#215;17,5 mm<br \/>\n<span style=\"color: #000000;\"><strong>\u00bb<\/strong> K<\/span>olor: czarny<br \/>\n<span style=\"color: #000000;\"><strong>\u00bb<\/strong> T<\/span>emp. pracy: -40\u00b0C \u00f7 60\u00b0C<br \/>\n<span style=\"color: #000000;\"><strong>\u00bb<\/strong> W<\/span>odoodporna IP69, wandaloodporna<\/p>\n<p style=\"text-align: center;\">\n","protected":false},"excerpt":{"rendered":"<p><span style=\"font-size: 14pt;\">Antena GSM wandaloodporna, czarna<\/span><\/p>\n","protected":false},"featured_media":9944,"comment_status":"open","ping_status":"closed","template":"","meta":{"_acf_changed":false,"rank_math_lock_modified_date":false,"inline_featured_image":false},"product_cat":[436],"product_tag":[],"class_list":{"0":"post-8477","1":"product","2":"type-product","3":"status-publish","4":"has-post-thumbnail","6":"product_cat-anteny-gsm-lte","8":"first","9":"instock","10":"taxable","11":"shipping-taxable","12":"purchasable","13":"product-type-simple"},"acf":[],"_links":{"self":[{"href":"https:\/\/ropam.com.pl\/wsparcie\/wp-json\/wp\/v2\/product\/8477","targetHints":{"allow":["GET"]}}],"collection":[{"href":"https:\/\/ropam.com.pl\/wsparcie\/wp-json\/wp\/v2\/product"}],"about":[{"href":"https:\/\/ropam.com.pl\/wsparcie\/wp-json\/wp\/v2\/types\/product"}],"replies":[{"embeddable":true,"href":"https:\/\/ropam.com.pl\/wsparcie\/wp-json\/wp\/v2\/comments?post=8477"}],"wp:featuredmedia":[{"embeddable":true,"href":"https:\/\/ropam.com.pl\/wsparcie\/wp-json\/wp\/v2\/media\/9944"}],"wp:attachment":[{"href":"https:\/\/ropam.com.pl\/wsparcie\/wp-json\/wp\/v2\/media?parent=8477"}],"wp:term":[{"taxonomy":"product_cat","embeddable":true,"href":"https:\/\/ropam.com.pl\/wsparcie\/wp-json\/wp\/v2\/product_cat?post=8477"},{"taxonomy":"product_tag","embeddable":true,"href":"https:\/\/ropam.com.pl\/wsparcie\/wp-json\/wp\/v2\/product_tag?post=8477"}],"curies":[{"name":"wp","href":"https:\/\/api.w.org\/{rel}","templated":true}]}}