{"id":8473,"date":"2025-12-15T15:31:55","date_gmt":"2025-12-15T14:31:55","guid":{"rendered":"https:\/\/ropam.com.pl\/wsparcie\/produkt\/at-gsm-ext20-2\/"},"modified":"2026-02-03T12:46:26","modified_gmt":"2026-02-03T11:46:26","slug":"at-gsm-ext20","status":"publish","type":"product","link":"https:\/\/ropam.com.pl\/wsparcie\/at-gsm-ext20\/","title":{"rendered":"AT-GSM-EXT20"},"content":{"rendered":"<h3 style=\"text-align: center;\"><strong><span style=\"font-size: 36pt;\">AT-GSM-EXT20<\/span><\/strong><\/h3>\n<p style=\"text-align: center;\"><span style=\"font-size: 14pt;\">Przed\u0142u\u017cacz koncentryczny 50 Om, d\u0142ugo\u015b\u0107 20m. Przed\u0142u\u017cacz kabla koncentrycznego, przeznaczony do u\u017cytku wewn\u0119trznego i zewn\u0119trznego.<\/span><\/p>\n<p style=\"text-align: center;\"><img loading=\"lazy\" decoding=\"async\" class=\"wp-image-9914 aligncenter\" src=\"https:\/\/ropam.com.pl\/wsparcie\/wp-content\/uploads\/2018\/04\/at-gsm-ext-2-scaled.jpg\" alt=\"\" width=\"389\" height=\"369\" srcset=\"https:\/\/ropam.com.pl\/wsparcie\/wp-content\/uploads\/2018\/04\/at-gsm-ext-2-scaled.jpg 2560w, https:\/\/ropam.com.pl\/wsparcie\/wp-content\/uploads\/2018\/04\/at-gsm-ext-2-300x285.jpg 300w, https:\/\/ropam.com.pl\/wsparcie\/wp-content\/uploads\/2018\/04\/at-gsm-ext-2-1024x973.jpg 1024w, https:\/\/ropam.com.pl\/wsparcie\/wp-content\/uploads\/2018\/04\/at-gsm-ext-2-768x730.jpg 768w, https:\/\/ropam.com.pl\/wsparcie\/wp-content\/uploads\/2018\/04\/at-gsm-ext-2-1536x1459.jpg 1536w, https:\/\/ropam.com.pl\/wsparcie\/wp-content\/uploads\/2018\/04\/at-gsm-ext-2-2048x1945.jpg 2048w, https:\/\/ropam.com.pl\/wsparcie\/wp-content\/uploads\/2018\/04\/at-gsm-ext-2-600x570.jpg 600w, https:\/\/ropam.com.pl\/wsparcie\/wp-content\/uploads\/2018\/04\/at-gsm-ext-2-60x57.jpg 60w\" sizes=\"auto, (max-width: 389px) 100vw, 389px\" \/><\/p>\n<p style=\"text-align: left;\"><span style=\"font-size: 14pt;\"><strong style=\"color: #07acf2; font-family: 'arial black', sans-serif;\">W\u0142a\u015bciwo\u015bci\u00a0<\/strong><\/span><\/p>\n<p><span style=\"font-size: 12pt;\"><span style=\"color: #000000;\">\u00bb <\/span><\/span>\u00a0Impedancja: 50 Om<br \/>\n<span style=\"font-size: 12pt;\"><span style=\"color: #000000;\">\u00bb <\/span><\/span>\u00a0Z\u0142\u0105cza: SMAm\/SMAf<br \/>\n<span style=\"font-size: 12pt;\"><span style=\"color: #000000;\">\u00bb <\/span><\/span>\u00a0Wymiary: d\u0142ugo\u015b\u0107 20m<br \/>\n<span style=\"font-size: 12pt;\"><span style=\"color: #000000;\">\u00bb <\/span><\/span>\u00a0Przew\u00f3d niskostratny (Low Loss) LMR195<br \/>\n<span style=\"font-size: 12pt;\"><span style=\"color: #000000;\">\u00bb <\/span><\/span>\u00a0T\u0142umienie RF: 0,125dB @900MHz do 0,15dB @1800MHz na 1mb (4x mniej ni\u017c RG58)<br \/>\n<span style=\"font-size: 12pt;\"><span style=\"color: #000000;\">\u00bb <\/span><\/span>\u00a0Kolor: czarny<br \/>\n<span style=\"font-size: 12pt;\"><span style=\"color: #000000;\">\u00bb <\/span><\/span>\u00a0Temp. pracy: -20\u00b0C \u00f7 60\u00b0C<\/p>\n<p style=\"text-align: center;\">\n","protected":false},"excerpt":{"rendered":"<p><span style=\"font-size: 14pt;\">Przed\u0142u\u017cacz do anten GMS\/LTE<\/span><\/p>\n","protected":false},"featured_media":9914,"comment_status":"open","ping_status":"closed","template":"","meta":{"_acf_changed":false,"rank_math_lock_modified_date":false,"inline_featured_image":false},"product_cat":[436],"product_tag":[],"class_list":{"0":"post-8473","1":"product","2":"type-product","3":"status-publish","4":"has-post-thumbnail","6":"product_cat-anteny-gsm-lte","8":"first","9":"instock","10":"taxable","11":"shipping-taxable","12":"purchasable","13":"product-type-simple"},"acf":[],"_links":{"self":[{"href":"https:\/\/ropam.com.pl\/wsparcie\/wp-json\/wp\/v2\/product\/8473","targetHints":{"allow":["GET"]}}],"collection":[{"href":"https:\/\/ropam.com.pl\/wsparcie\/wp-json\/wp\/v2\/product"}],"about":[{"href":"https:\/\/ropam.com.pl\/wsparcie\/wp-json\/wp\/v2\/types\/product"}],"replies":[{"embeddable":true,"href":"https:\/\/ropam.com.pl\/wsparcie\/wp-json\/wp\/v2\/comments?post=8473"}],"wp:featuredmedia":[{"embeddable":true,"href":"https:\/\/ropam.com.pl\/wsparcie\/wp-json\/wp\/v2\/media\/9914"}],"wp:attachment":[{"href":"https:\/\/ropam.com.pl\/wsparcie\/wp-json\/wp\/v2\/media?parent=8473"}],"wp:term":[{"taxonomy":"product_cat","embeddable":true,"href":"https:\/\/ropam.com.pl\/wsparcie\/wp-json\/wp\/v2\/product_cat?post=8473"},{"taxonomy":"product_tag","embeddable":true,"href":"https:\/\/ropam.com.pl\/wsparcie\/wp-json\/wp\/v2\/product_tag?post=8473"}],"curies":[{"name":"wp","href":"https:\/\/api.w.org\/{rel}","templated":true}]}}