{"id":8457,"date":"2018-04-15T15:31:55","date_gmt":"2018-04-15T13:31:55","guid":{"rendered":"https:\/\/ropam.com.pl\/wsparcie\/produkt\/o-rhd-2\/"},"modified":"2026-03-30T11:27:04","modified_gmt":"2026-03-30T09:27:04","slug":"o-rhd","status":"publish","type":"product","link":"https:\/\/ropam.com.pl\/wsparcie\/o-rhd\/","title":{"rendered":"O-RHD"},"content":{"rendered":"<h3 style=\"text-align: center;\"><span style=\"font-size: 36pt;\"><b>O-RHD<\/b><\/span><\/h3>\n<p style=\"text-align: center;\"><b>Obudowa natynkowa, plastikowa, IP65.<\/b><\/p>\n<p style=\"text-align: center;\"><img loading=\"lazy\" decoding=\"async\" class=\"wp-image-9626 aligncenter\" src=\"https:\/\/ropam.com.pl\/wsparcie\/wp-content\/uploads\/2018\/04\/Projekt-bez-nazwy-2024-08-07T084054.297.png\" alt=\"\" width=\"496\" height=\"416\" srcset=\"https:\/\/ropam.com.pl\/wsparcie\/wp-content\/uploads\/2018\/04\/Projekt-bez-nazwy-2024-08-07T084054.297.png 940w, https:\/\/ropam.com.pl\/wsparcie\/wp-content\/uploads\/2018\/04\/Projekt-bez-nazwy-2024-08-07T084054.297-300x251.png 300w, https:\/\/ropam.com.pl\/wsparcie\/wp-content\/uploads\/2018\/04\/Projekt-bez-nazwy-2024-08-07T084054.297-768x644.png 768w, https:\/\/ropam.com.pl\/wsparcie\/wp-content\/uploads\/2018\/04\/Projekt-bez-nazwy-2024-08-07T084054.297-600x503.png 600w, https:\/\/ropam.com.pl\/wsparcie\/wp-content\/uploads\/2018\/04\/Projekt-bez-nazwy-2024-08-07T084054.297-60x50.png 60w\" sizes=\"auto, (max-width: 496px) 100vw, 496px\" \/><\/p>\n<p><span style=\"font-size: 14pt;\"><strong style=\"color: #07acf2; font-family: 'arial black', sans-serif;\">Kompatybilno\u015b\u0107\u00a0<\/strong><\/span><\/p>\n<p><span style=\"font-size: 12pt;\"><span style=\"color: #000000;\">\u00bb Centrale alarmowe i modu\u0142y komunikacyjne w wersji na p\u0142ycie PCB<\/span><\/span><\/p>\n<p><span style=\"font-size: 14pt;\"><strong style=\"color: #07acf2; font-family: 'arial black', sans-serif;\">W\u0142a\u015bciwo\u015bci\u00a0<\/strong><\/span><\/p>\n<p><span style=\"font-size: 12pt;\"><span style=\"color: #000000;\">\u00bb Wymiary 265x185x95 [mm](WxHxD)<br \/>\n\u00bb Miejsce na akumulator: 2,3Ah lub 1,2Ah<br \/>\n\u00bb Materia\u0142: ABS, kolor szary<br \/>\n\u00bb Zamykanie: skr\u0119cana x6<br \/>\n<\/span><\/span><\/p>\n<h3 style=\"text-align: center;\"><span style=\"font-size: 24pt; color: #ff0000;\"><strong style=\"font-family: 'arial black', sans-serif;\">W PE\u0141NI POLSKI PRODUKT<\/strong><\/span><\/h3>\n<p style=\"text-align: center;\"><span style=\"font-size: 14pt;\">Ca\u0142y etap produkcji, od pomys\u0142u po wykonanie ko\u0144cowe oparte s\u0105 o autorskie rozwi\u0105zania oraz dog\u0142\u0119bn\u0105 analiz\u0119 potrzeb i trend\u00f3w na\u00a0 rynku.<\/span><\/p>\n<p style=\"text-align: center;\"><img loading=\"lazy\" decoding=\"async\" class=\"wp-image-9726 alignnone\" src=\"https:\/\/ropam.com.pl\/wsparcie\/wp-content\/uploads\/2018\/04\/Obraz1.png\" alt=\"\" width=\"354\" height=\"325\" srcset=\"https:\/\/ropam.com.pl\/wsparcie\/wp-content\/uploads\/2018\/04\/Obraz1.png 292w, https:\/\/ropam.com.pl\/wsparcie\/wp-content\/uploads\/2018\/04\/Obraz1-60x55.png 60w\" sizes=\"auto, (max-width: 354px) 100vw, 354px\" \/><\/p>\n","protected":false},"excerpt":{"rendered":"<p><span style=\"font-size: 14pt;\">Obudowa hermetyczna<\/span><\/p>\n","protected":false},"featured_media":9626,"comment_status":"open","ping_status":"closed","template":"","meta":{"_acf_changed":false,"rank_math_lock_modified_date":false,"inline_featured_image":false},"product_cat":[581],"product_tag":[],"class_list":{"0":"post-8457","1":"product","2":"type-product","3":"status-publish","4":"has-post-thumbnail","6":"product_cat-plastikowe","8":"first","9":"instock","10":"taxable","11":"shipping-taxable","12":"purchasable","13":"product-type-simple"},"acf":[],"_links":{"self":[{"href":"https:\/\/ropam.com.pl\/wsparcie\/wp-json\/wp\/v2\/product\/8457","targetHints":{"allow":["GET"]}}],"collection":[{"href":"https:\/\/ropam.com.pl\/wsparcie\/wp-json\/wp\/v2\/product"}],"about":[{"href":"https:\/\/ropam.com.pl\/wsparcie\/wp-json\/wp\/v2\/types\/product"}],"replies":[{"embeddable":true,"href":"https:\/\/ropam.com.pl\/wsparcie\/wp-json\/wp\/v2\/comments?post=8457"}],"wp:featuredmedia":[{"embeddable":true,"href":"https:\/\/ropam.com.pl\/wsparcie\/wp-json\/wp\/v2\/media\/9626"}],"wp:attachment":[{"href":"https:\/\/ropam.com.pl\/wsparcie\/wp-json\/wp\/v2\/media?parent=8457"}],"wp:term":[{"taxonomy":"product_cat","embeddable":true,"href":"https:\/\/ropam.com.pl\/wsparcie\/wp-json\/wp\/v2\/product_cat?post=8457"},{"taxonomy":"product_tag","embeddable":true,"href":"https:\/\/ropam.com.pl\/wsparcie\/wp-json\/wp\/v2\/product_tag?post=8457"}],"curies":[{"name":"wp","href":"https:\/\/api.w.org\/{rel}","templated":true}]}}