{"id":8429,"date":"2025-12-18T15:31:54","date_gmt":"2025-12-18T14:31:54","guid":{"rendered":"https:\/\/ropam.com.pl\/wsparcie\/produkt\/at-gsm-ext10-2\/"},"modified":"2026-02-03T12:48:53","modified_gmt":"2026-02-03T11:48:53","slug":"at-gsm-ext10","status":"publish","type":"product","link":"https:\/\/ropam.com.pl\/wsparcie\/at-gsm-ext10\/","title":{"rendered":"AT-GSM-EXT10"},"content":{"rendered":"<h3 style=\"text-align: center;\"><strong><span style=\"font-size: 36pt;\">AT-GSM-EXT10<\/span><\/strong><\/h3>\n<p style=\"text-align: center;\"><span style=\"font-size: 14pt;\">Przed\u0142u\u017cacz koncentryczny 50 \u03a9, d\u0142ugo\u015b\u0107 10m. Przed\u0142u\u017cacz kabla koncentrycznego, przeznaczony do u\u017cytku wewn\u0119trznego i zewn\u0119trznego.<\/span><\/p>\n<p style=\"text-align: center;\"><img loading=\"lazy\" decoding=\"async\" class=\"size-medium wp-image-9914 aligncenter\" src=\"https:\/\/ropam.com.pl\/wsparcie\/wp-content\/uploads\/2018\/04\/at-gsm-ext-2-300x285.jpg\" alt=\"\" width=\"300\" height=\"285\" srcset=\"https:\/\/ropam.com.pl\/wsparcie\/wp-content\/uploads\/2018\/04\/at-gsm-ext-2-300x285.jpg 300w, https:\/\/ropam.com.pl\/wsparcie\/wp-content\/uploads\/2018\/04\/at-gsm-ext-2-1024x973.jpg 1024w, https:\/\/ropam.com.pl\/wsparcie\/wp-content\/uploads\/2018\/04\/at-gsm-ext-2-768x730.jpg 768w, https:\/\/ropam.com.pl\/wsparcie\/wp-content\/uploads\/2018\/04\/at-gsm-ext-2-1536x1459.jpg 1536w, https:\/\/ropam.com.pl\/wsparcie\/wp-content\/uploads\/2018\/04\/at-gsm-ext-2-2048x1945.jpg 2048w, https:\/\/ropam.com.pl\/wsparcie\/wp-content\/uploads\/2018\/04\/at-gsm-ext-2-600x570.jpg 600w, https:\/\/ropam.com.pl\/wsparcie\/wp-content\/uploads\/2018\/04\/at-gsm-ext-2-60x57.jpg 60w\" sizes=\"auto, (max-width: 300px) 100vw, 300px\" \/><\/p>\n<p><span style=\"font-size: 14pt;\"><strong style=\"color: #07acf2; font-family: 'arial black', sans-serif;\">W\u0142a\u015bciwo\u015bci\u00a0<\/strong><\/span><\/p>\n<p><span style=\"font-size: 12pt;\"><span style=\"color: #000000;\">\u00bb <\/span><\/span>\u00a0Impedancja: 50 \u03a9<br \/>\n<span style=\"font-size: 12pt;\"><span style=\"color: #000000;\">\u00bb <\/span><\/span>\u00a0Z\u0142\u0105cza: <span style=\"font-size: 11px;\">SMAm\/SMAf<span style=\"font-size: 12pt;\"><span style=\"color: #000000;\">\u00bb\u00a0<\/span><\/span><br \/>\n<\/span><span style=\"font-size: 12pt;\"><span style=\"color: #000000;\">\u00bb <\/span><\/span>\u00a0Wymiary: d\u0142ugo\u015b\u0107 10m<br \/>\n<span style=\"font-size: 12pt;\"><span style=\"color: #000000;\">\u00bb <\/span><\/span>\u00a0Przew\u00f3d niskostratny (Low Loss) LMR195<br \/>\n<span style=\"font-size: 12pt;\"><span style=\"color: #000000;\">\u00bb <\/span><\/span>\u00a0T\u0142umienie RF: 0,125dB @900MHz do 0,15dB @1800MHz na 1mb (4x mniej ni\u017c RG58)<br \/>\n<span style=\"font-size: 12pt;\"><span style=\"color: #000000;\">\u00bb <\/span><\/span>\u00a0Kolor: czarny<br \/>\n<span style=\"font-size: 12pt;\"><span style=\"color: #000000;\">\u00bb <\/span><\/span>\u00a0Temp. pracy: -20\u00b0C \u00f7 60\u00b0C<\/p>\n<h3 style=\"text-align: center;\"><span style=\"font-size: 24pt; color: #ff0000;\"><strong style=\"font-family: 'arial black', sans-serif;\">W PE\u0141NI POLSKI PRODUKT<\/strong><\/span><\/h3>\n<p style=\"text-align: center;\"><span style=\"font-size: 14pt;\">Ca\u0142y etap produkcji, od pomys\u0142u po wykonanie ko\u0144cowe oparte s\u0105 o autorskie rozwi\u0105zania oraz dog\u0142\u0119bn\u0105 analiz\u0119 potrzeb i trend\u00f3w na\u00a0 rynku.<\/span><\/p>\n<p style=\"text-align: center;\"><img loading=\"lazy\" decoding=\"async\" class=\"wp-image-9726 alignnone\" src=\"https:\/\/ropam.com.pl\/wsparcie\/wp-content\/uploads\/2018\/04\/Obraz1.png\" alt=\"\" width=\"354\" height=\"325\" srcset=\"https:\/\/ropam.com.pl\/wsparcie\/wp-content\/uploads\/2018\/04\/Obraz1.png 292w, https:\/\/ropam.com.pl\/wsparcie\/wp-content\/uploads\/2018\/04\/Obraz1-60x55.png 60w\" sizes=\"auto, (max-width: 354px) 100vw, 354px\" \/><\/p>\n","protected":false},"excerpt":{"rendered":"<p><span style=\"font-size: 14pt;\">Przed\u0142u\u017cacz do anten GMS\/LTE<\/span><\/p>\n","protected":false},"featured_media":9914,"comment_status":"open","ping_status":"closed","template":"","meta":{"_acf_changed":false,"rank_math_lock_modified_date":false,"inline_featured_image":false},"product_cat":[436],"product_tag":[],"class_list":{"0":"post-8429","1":"product","2":"type-product","3":"status-publish","4":"has-post-thumbnail","6":"product_cat-anteny-gsm-lte","8":"first","9":"instock","10":"taxable","11":"shipping-taxable","12":"purchasable","13":"product-type-simple"},"acf":[],"_links":{"self":[{"href":"https:\/\/ropam.com.pl\/wsparcie\/wp-json\/wp\/v2\/product\/8429","targetHints":{"allow":["GET"]}}],"collection":[{"href":"https:\/\/ropam.com.pl\/wsparcie\/wp-json\/wp\/v2\/product"}],"about":[{"href":"https:\/\/ropam.com.pl\/wsparcie\/wp-json\/wp\/v2\/types\/product"}],"replies":[{"embeddable":true,"href":"https:\/\/ropam.com.pl\/wsparcie\/wp-json\/wp\/v2\/comments?post=8429"}],"wp:featuredmedia":[{"embeddable":true,"href":"https:\/\/ropam.com.pl\/wsparcie\/wp-json\/wp\/v2\/media\/9914"}],"wp:attachment":[{"href":"https:\/\/ropam.com.pl\/wsparcie\/wp-json\/wp\/v2\/media?parent=8429"}],"wp:term":[{"taxonomy":"product_cat","embeddable":true,"href":"https:\/\/ropam.com.pl\/wsparcie\/wp-json\/wp\/v2\/product_cat?post=8429"},{"taxonomy":"product_tag","embeddable":true,"href":"https:\/\/ropam.com.pl\/wsparcie\/wp-json\/wp\/v2\/product_tag?post=8429"}],"curies":[{"name":"wp","href":"https:\/\/api.w.org\/{rel}","templated":true}]}}