{"id":8425,"date":"2025-12-19T15:31:53","date_gmt":"2025-12-19T14:31:53","guid":{"rendered":"https:\/\/ropam.com.pl\/wsparcie\/produkt\/at-gsm-ext5-2\/"},"modified":"2026-02-03T12:48:40","modified_gmt":"2026-02-03T11:48:40","slug":"at-gsm-ext5","status":"publish","type":"product","link":"https:\/\/ropam.com.pl\/wsparcie\/at-gsm-ext5\/","title":{"rendered":"AT-GSM-EXT5"},"content":{"rendered":"<h3 style=\"text-align: center;\"><span style=\"font-size: 36pt;\">AT-GSM-EXT5<\/span><\/h3>\n<p style=\"text-align: center;\"><span style=\"font-size: 14pt;\">Przed\u0142u\u017cacz koncentryczny 50 \u03a9, d\u0142ugo\u015b\u0107 5m. Przeznaczony do u\u017cytku wewn\u0119trznego i zewn\u0119trznego.<\/span><\/p>\n<p style=\"text-align: center;\"><img loading=\"lazy\" decoding=\"async\" class=\"size-medium wp-image-9914 alignnone\" src=\"https:\/\/ropam.com.pl\/wsparcie\/wp-content\/uploads\/2018\/04\/at-gsm-ext-2-300x285.jpg\" alt=\"\" width=\"300\" height=\"285\" srcset=\"https:\/\/ropam.com.pl\/wsparcie\/wp-content\/uploads\/2018\/04\/at-gsm-ext-2-300x285.jpg 300w, https:\/\/ropam.com.pl\/wsparcie\/wp-content\/uploads\/2018\/04\/at-gsm-ext-2-1024x973.jpg 1024w, https:\/\/ropam.com.pl\/wsparcie\/wp-content\/uploads\/2018\/04\/at-gsm-ext-2-768x730.jpg 768w, https:\/\/ropam.com.pl\/wsparcie\/wp-content\/uploads\/2018\/04\/at-gsm-ext-2-1536x1459.jpg 1536w, https:\/\/ropam.com.pl\/wsparcie\/wp-content\/uploads\/2018\/04\/at-gsm-ext-2-2048x1945.jpg 2048w, https:\/\/ropam.com.pl\/wsparcie\/wp-content\/uploads\/2018\/04\/at-gsm-ext-2-600x570.jpg 600w, https:\/\/ropam.com.pl\/wsparcie\/wp-content\/uploads\/2018\/04\/at-gsm-ext-2-60x57.jpg 60w\" sizes=\"auto, (max-width: 300px) 100vw, 300px\" \/><\/p>\n<p><span style=\"font-size: 14pt;\"><strong style=\"color: #07acf2; font-family: 'arial black', sans-serif;\">W\u0142a\u015bciwo\u015bci\u00a0<\/strong><\/span><\/p>\n<p><strong><span style=\"font-size: 12pt;\"><span style=\"color: #000000;\">\u00bb <\/span><\/span><\/strong>Impedancja: 50 \u03a9<br \/>\n<strong><span style=\"font-size: 12pt;\"><span style=\"color: #000000;\">\u00bb <\/span><\/span><\/strong>Z\u0142\u0105cza: <span style=\"font-size: 11px;\">SMAm\/SMAf<br \/>\n<\/span><strong><span style=\"font-size: 12pt;\"><span style=\"color: #000000;\">\u00bb <\/span><\/span><\/strong>Wymiary: d\u0142ugo\u015b\u0107 5m<br \/>\n<strong><span style=\"font-size: 12pt;\"><span style=\"color: #000000;\">\u00bb <\/span><\/span><\/strong>Przew\u00f3d niskostratny (Low Loss) LMR195<br \/>\n<strong><span style=\"font-size: 12pt;\"><span style=\"color: #000000;\">\u00bb <\/span><\/span><\/strong>T\u0142umienie RF: 0,125dB @900MHz do 0,15dB @1800MHz na 1mb (4x mniej ni\u017c RG58)<br \/>\n<strong><span style=\"font-size: 12pt;\"><span style=\"color: #000000;\">\u00bb <\/span><\/span><\/strong>Kolor: czarny<br \/>\n<strong><span style=\"font-size: 12pt;\"><span style=\"color: #000000;\">\u00bb <\/span><\/span><\/strong>Temp. pracy: -20\u00b0C \u00f7 60\u00b0C<\/p>\n<p style=\"text-align: center;\">\n","protected":false},"excerpt":{"rendered":"<p><span style=\"font-size: 14pt;\">Przed\u0142u\u017cacz do anten GMS\/LTE<\/span><\/p>\n","protected":false},"featured_media":9618,"comment_status":"open","ping_status":"closed","template":"","meta":{"_acf_changed":false,"rank_math_lock_modified_date":false,"inline_featured_image":false},"product_cat":[436],"product_tag":[],"class_list":{"0":"post-8425","1":"product","2":"type-product","3":"status-publish","4":"has-post-thumbnail","6":"product_cat-anteny-gsm-lte","8":"first","9":"instock","10":"taxable","11":"shipping-taxable","12":"purchasable","13":"product-type-simple"},"acf":[],"_links":{"self":[{"href":"https:\/\/ropam.com.pl\/wsparcie\/wp-json\/wp\/v2\/product\/8425","targetHints":{"allow":["GET"]}}],"collection":[{"href":"https:\/\/ropam.com.pl\/wsparcie\/wp-json\/wp\/v2\/product"}],"about":[{"href":"https:\/\/ropam.com.pl\/wsparcie\/wp-json\/wp\/v2\/types\/product"}],"replies":[{"embeddable":true,"href":"https:\/\/ropam.com.pl\/wsparcie\/wp-json\/wp\/v2\/comments?post=8425"}],"wp:featuredmedia":[{"embeddable":true,"href":"https:\/\/ropam.com.pl\/wsparcie\/wp-json\/wp\/v2\/media\/9618"}],"wp:attachment":[{"href":"https:\/\/ropam.com.pl\/wsparcie\/wp-json\/wp\/v2\/media?parent=8425"}],"wp:term":[{"taxonomy":"product_cat","embeddable":true,"href":"https:\/\/ropam.com.pl\/wsparcie\/wp-json\/wp\/v2\/product_cat?post=8425"},{"taxonomy":"product_tag","embeddable":true,"href":"https:\/\/ropam.com.pl\/wsparcie\/wp-json\/wp\/v2\/product_tag?post=8425"}],"curies":[{"name":"wp","href":"https:\/\/api.w.org\/{rel}","templated":true}]}}