{"id":8415,"date":"2018-04-15T15:31:53","date_gmt":"2018-04-15T13:31:53","guid":{"rendered":"https:\/\/ropam.com.pl\/wsparcie\/produkt\/at-gsm-90-180-2\/"},"modified":"2024-11-12T15:44:36","modified_gmt":"2024-11-12T14:44:36","slug":"at-gsm-90-180-2","status":"publish","type":"product","link":"https:\/\/ropam.com.pl\/wsparcie\/at-gsm-90-180-2\/","title":{"rendered":"AT-GSM-90\/180"},"content":{"rendered":"<p><b>ANTENA GSM<br \/>\n<\/b><strong>(zast\u0105piona AT-GSM-MINI90)<\/strong><\/p>\n<p>Antena GSM, pionowa lub pozioma (\u0142amana), zysk 2dBi, bez kabla<br \/>\nMini antena GSM do monta\u017cu w z\u0142\u0105czu FME-M, zmienny k\u0105t pracy: 90\u00ba\/180\u00ba (\u0142amana). Antena przeznaczona do u\u017cytku wewn\u0119trznego.<\/p>\n<p>\u2022 cz\u0119stotliwo\u015b\u0107: dual-band, 900\/1800 MHz<br \/>\n\u2022 monta\u017c: wkr\u0119cana w z\u0142\u0105cze FME-M<br \/>\n\u2022 zysk: 2dBi<br \/>\n\u2022 VSWR &lt;1.8<br \/>\n\u2022 impedancja: 50 \u03a9<br \/>\n\u2022 polaryzacja: pionowa<br \/>\n\u2022 wymiary: \u00f8 10 mm x 114 mm<br \/>\n\u2022 kolor: czarny<br \/>\n\u2022 temp. pracy: -20\u00b0C \u00f7 60\u00b0C<\/p>\n","protected":false},"excerpt":{"rendered":"<p>ANTENA GSM (zast\u0105piona AT-GSM-MINI90) Antena GSM, pionowa lub pozioma (\u0142amana), zysk 2dBi, bez kabla Mini antena GSM do monta\u017cu w z\u0142\u0105czu FME-M, zmienny k\u0105t pracy: 90\u00ba\/180\u00ba (\u0142amana). Antena przeznaczona do u\u017cytku wewn\u0119trznego. \u2022 cz\u0119stotliwo\u015b\u0107: dual-band, 900\/1800 MHz \u2022 monta\u017c: wkr\u0119cana w z\u0142\u0105cze FME-M \u2022 zysk: 2dBi \u2022 VSWR &lt;1.8 \u2022 impedancja: 50 \u03a9 \u2022 polaryzacja: [&hellip;]<\/p>\n","protected":false},"featured_media":11626,"comment_status":"open","ping_status":"closed","template":"","meta":{"_acf_changed":false,"rank_math_lock_modified_date":false,"inline_featured_image":false},"product_cat":[609],"product_tag":[],"class_list":{"0":"post-8415","1":"product","2":"type-product","3":"status-publish","4":"has-post-thumbnail","6":"product_cat-akcesoria-archiwum","8":"first","9":"outofstock","10":"taxable","11":"shipping-taxable","12":"product-type-simple"},"acf":[],"_links":{"self":[{"href":"https:\/\/ropam.com.pl\/wsparcie\/wp-json\/wp\/v2\/product\/8415","targetHints":{"allow":["GET"]}}],"collection":[{"href":"https:\/\/ropam.com.pl\/wsparcie\/wp-json\/wp\/v2\/product"}],"about":[{"href":"https:\/\/ropam.com.pl\/wsparcie\/wp-json\/wp\/v2\/types\/product"}],"replies":[{"embeddable":true,"href":"https:\/\/ropam.com.pl\/wsparcie\/wp-json\/wp\/v2\/comments?post=8415"}],"wp:featuredmedia":[{"embeddable":true,"href":"https:\/\/ropam.com.pl\/wsparcie\/wp-json\/wp\/v2\/media\/11626"}],"wp:attachment":[{"href":"https:\/\/ropam.com.pl\/wsparcie\/wp-json\/wp\/v2\/media?parent=8415"}],"wp:term":[{"taxonomy":"product_cat","embeddable":true,"href":"https:\/\/ropam.com.pl\/wsparcie\/wp-json\/wp\/v2\/product_cat?post=8415"},{"taxonomy":"product_tag","embeddable":true,"href":"https:\/\/ropam.com.pl\/wsparcie\/wp-json\/wp\/v2\/product_tag?post=8415"}],"curies":[{"name":"wp","href":"https:\/\/api.w.org\/{rel}","templated":true}]}}