{"id":8412,"date":"2025-12-17T15:31:53","date_gmt":"2025-12-17T14:31:53","guid":{"rendered":"https:\/\/ropam.com.pl\/wsparcie\/produkt\/at-gsm-mini\/"},"modified":"2026-03-31T11:21:20","modified_gmt":"2026-03-31T09:21:20","slug":"at-gsm-mini","status":"publish","type":"product","link":"https:\/\/ropam.com.pl\/wsparcie\/at-gsm-mini\/","title":{"rendered":"AT-GSM-MINI"},"content":{"rendered":"<p style=\"text-align: center;\"><span style=\"font-size: 36pt;\">AT-GSM-MINI<\/span><\/p>\n<p style=\"text-align: center;\"><span style=\"font-size: 14pt;\">Mini antena GSM\/LTE do monta\u017cu w z\u0142\u0105czu SMA. Antena przeznaczona do u\u017cytku wewn\u0119trznego.<\/span><\/p>\n<p style=\"text-align: center;\"><img loading=\"lazy\" decoding=\"async\" class=\"alignnone wp-image-12651 size-medium\" src=\"https:\/\/ropam.com.pl\/wsparcie\/wp-content\/uploads\/2018\/04\/at-gsm-mini_ropam-222x300.png\" alt=\"\" width=\"222\" height=\"300\" srcset=\"https:\/\/ropam.com.pl\/wsparcie\/wp-content\/uploads\/2018\/04\/at-gsm-mini_ropam-222x300.png 222w, https:\/\/ropam.com.pl\/wsparcie\/wp-content\/uploads\/2018\/04\/at-gsm-mini_ropam-300x405.png 300w, https:\/\/ropam.com.pl\/wsparcie\/wp-content\/uploads\/2018\/04\/at-gsm-mini_ropam-44x60.png 44w, https:\/\/ropam.com.pl\/wsparcie\/wp-content\/uploads\/2018\/04\/at-gsm-mini_ropam.png 385w\" sizes=\"auto, (max-width: 222px) 100vw, 222px\" \/><\/p>\n<p><span style=\"font-size: 14pt; font-family: georgia, palatino, serif;\"><strong style=\"color: #07acf2;\">W\u0142a\u015bciwo\u015bci\u00a0<\/strong><\/span><\/p>\n<p><span style=\"font-size: 12pt; font-family: georgia, palatino, serif;\"><span style=\"color: #000000;\">\u00bb Cz\u0119stotliwo\u015b\u0107: 900\/1800\/2100\/2600 MHz (690~960\/1710~2690MHz)<\/span><\/span><br \/>\n<span style=\"font-size: 12pt; font-family: georgia, palatino, serif;\"><strong><span style=\"color: #000000;\">\u00bb <\/span><\/strong>Z\u0142\u0105cze SMAm<\/span><br \/>\n<span style=\"font-size: 12pt; font-family: georgia, palatino, serif;\"><strong><span style=\"color: #000000;\">\u00bb <\/span><\/strong>Zysk: &lt;2 dBi<\/span><br \/>\n<span style=\"font-size: 12pt; font-family: georgia, palatino, serif;\"><strong><span style=\"color: #000000;\">\u00bb <\/span><\/strong>VSWR &lt;5<\/span><br \/>\n<span style=\"font-size: 12pt; font-family: georgia, palatino, serif;\"><strong><span style=\"color: #000000;\">\u00bb <\/span><\/strong>Impedancja: 50 Om<\/span><br \/>\n<span style=\"font-size: 12pt; font-family: georgia, palatino, serif;\"><strong><span style=\"color: #000000;\">\u00bb <\/span><\/strong>Polaryzacja: pionowa<\/span><br \/>\n<span style=\"font-size: 12pt; font-family: georgia, palatino, serif;\"><strong><span style=\"color: #000000;\">\u00bb <\/span><\/strong>Wymiary: \u00f8 10.5 x 53 mm<\/span><br \/>\n<span style=\"font-size: 12pt; font-family: georgia, palatino, serif;\"><strong><span style=\"color: #000000;\">\u00bb <\/span><\/strong>Kolor: czarny<\/span><br \/>\n<span style=\"font-size: 12pt; font-family: georgia, palatino, serif;\"><strong><span style=\"color: #000000;\">\u00bb <\/span><\/strong>Temp. pracy: -40\u00b0C \u00f7 80\u00b0C<br \/>\n<span style=\"color: #000000;\">\u00bb Zastosowanie: antena do urz\u0105dze\u0144 GSM\/LTE (2G\/4G)<\/span><br \/>\n<\/span><\/p>\n<p style=\"text-align: center;\">\n","protected":false},"excerpt":{"rendered":"<p>Antena GSM\/LTE pionowa, modemowa,\u00a0 czarna<\/p>\n","protected":false},"featured_media":12651,"comment_status":"open","ping_status":"closed","template":"","meta":{"_acf_changed":false,"rank_math_lock_modified_date":false,"inline_featured_image":false},"product_cat":[436],"product_tag":[],"class_list":{"0":"post-8412","1":"product","2":"type-product","3":"status-publish","4":"has-post-thumbnail","6":"product_cat-anteny-gsm-lte","8":"first","9":"instock","10":"taxable","11":"shipping-taxable","12":"purchasable","13":"product-type-simple"},"acf":[],"_links":{"self":[{"href":"https:\/\/ropam.com.pl\/wsparcie\/wp-json\/wp\/v2\/product\/8412","targetHints":{"allow":["GET"]}}],"collection":[{"href":"https:\/\/ropam.com.pl\/wsparcie\/wp-json\/wp\/v2\/product"}],"about":[{"href":"https:\/\/ropam.com.pl\/wsparcie\/wp-json\/wp\/v2\/types\/product"}],"replies":[{"embeddable":true,"href":"https:\/\/ropam.com.pl\/wsparcie\/wp-json\/wp\/v2\/comments?post=8412"}],"wp:featuredmedia":[{"embeddable":true,"href":"https:\/\/ropam.com.pl\/wsparcie\/wp-json\/wp\/v2\/media\/12651"}],"wp:attachment":[{"href":"https:\/\/ropam.com.pl\/wsparcie\/wp-json\/wp\/v2\/media?parent=8412"}],"wp:term":[{"taxonomy":"product_cat","embeddable":true,"href":"https:\/\/ropam.com.pl\/wsparcie\/wp-json\/wp\/v2\/product_cat?post=8412"},{"taxonomy":"product_tag","embeddable":true,"href":"https:\/\/ropam.com.pl\/wsparcie\/wp-json\/wp\/v2\/product_tag?post=8412"}],"curies":[{"name":"wp","href":"https:\/\/api.w.org\/{rel}","templated":true}]}}