{"id":8398,"date":"2025-12-31T15:31:52","date_gmt":"2025-12-31T14:31:52","guid":{"rendered":"https:\/\/ropam.com.pl\/wsparcie\/produkt\/at-gsm-mag\/"},"modified":"2026-02-03T12:38:47","modified_gmt":"2026-02-03T11:38:47","slug":"at-gsm-mag","status":"publish","type":"product","link":"https:\/\/ropam.com.pl\/wsparcie\/at-gsm-mag\/","title":{"rendered":"AT-GSM-MAG"},"content":{"rendered":"<h3 style=\"text-align: center;\"><span style=\"font-size: 36pt;\">AT-GSM-MAG<\/span><\/h3>\n<p style=\"text-align: center;\"><span style=\"font-size: 14pt;\">Antena GSM\/LTE z magnetyczn\u0105 podstaw\u0105, do monta\u017cu na metalowej powierzchni (obudowie).<\/span><br \/>\n<span style=\"font-size: 14pt;\">Przeznaczona do u\u017cytku wewn\u0119trznego i zewn\u0119trznego.<\/span><\/p>\n<p style=\"text-align: center;\"><img loading=\"lazy\" decoding=\"async\" class=\"wp-image-9889 aligncenter\" src=\"https:\/\/ropam.com.pl\/wsparcie\/wp-content\/uploads\/2018\/04\/at_gsm_mag-scaled.jpg\" alt=\"\" width=\"450\" height=\"351\" srcset=\"https:\/\/ropam.com.pl\/wsparcie\/wp-content\/uploads\/2018\/04\/at_gsm_mag-scaled.jpg 2560w, https:\/\/ropam.com.pl\/wsparcie\/wp-content\/uploads\/2018\/04\/at_gsm_mag-300x234.jpg 300w, https:\/\/ropam.com.pl\/wsparcie\/wp-content\/uploads\/2018\/04\/at_gsm_mag-1024x798.jpg 1024w, https:\/\/ropam.com.pl\/wsparcie\/wp-content\/uploads\/2018\/04\/at_gsm_mag-768x599.jpg 768w, https:\/\/ropam.com.pl\/wsparcie\/wp-content\/uploads\/2018\/04\/at_gsm_mag-1536x1197.jpg 1536w, https:\/\/ropam.com.pl\/wsparcie\/wp-content\/uploads\/2018\/04\/at_gsm_mag-2048x1596.jpg 2048w, https:\/\/ropam.com.pl\/wsparcie\/wp-content\/uploads\/2018\/04\/at_gsm_mag-600x468.jpg 600w, https:\/\/ropam.com.pl\/wsparcie\/wp-content\/uploads\/2018\/04\/at_gsm_mag-60x47.jpg 60w\" sizes=\"auto, (max-width: 450px) 100vw, 450px\" \/><\/p>\n<p><span style=\"font-size: 14pt;\"><strong style=\"color: #07acf2; font-family: 'arial black', sans-serif;\">W\u0142a\u015bciwo\u015bci\u00a0<\/strong><\/span><\/p>\n<div data-v-61f58192=\"\">\n<div id=\"description\" class=\"base-box base-accordion base-accordion--is-expanded product-blocks-order__block gtm_section-product\" data-v-35cd2ec9=\"\" data-v-dc945162=\"\" data-v-61f58192=\"\">\n<div data-v-dc945162=\"\">\n<div class=\"base-accordion__content\" data-v-dc945162=\"\">\n<div class=\"product-blocks-order__block-content is-expanded with-padding\" data-v-61f58192=\"\">\n<div class=\"box-expander product-page__description-box\" data-v-7894175a=\"\" data-v-4085dd62=\"\">\n<div data-v-7894175a=\"\">\n<div class=\"box-expander__content\" data-v-7894175a=\"\">\n<div class=\"description\" data-v-6adee0b0=\"\" data-v-4085dd62=\"\">\n<div class=\"description__content\" data-v-6adee0b0=\"\">\n<p><span style=\"font-size: 12pt;\"><span style=\"color: #000000;\">\u00bb <\/span><\/span><span style=\"font-size: 12pt;\"><span style=\"color: #000000;\">C<\/span><\/span>z\u0119stotliwo\u015b\u0107: 900\/1800\/2100\/2600 MHz (690~960\/1710~2170\/ 2300~2690MHz)<br \/>\n<span style=\"font-size: 12pt;\"><span style=\"color: #000000;\">\u00bb <\/span><\/span><span style=\"font-size: 12pt;\"><span style=\"color: #000000;\">M<\/span><\/span>onta\u017c: podstawa magnetyczna<br \/>\n<span style=\"font-size: 12pt;\"><span style=\"color: #000000;\">\u00bb Z<\/span><\/span>\u0142\u0105cze: SMAm, kabel RG174-2,5 m<br \/>\n<span style=\"font-size: 12pt;\"><span style=\"color: #000000;\">\u00bb Z<\/span><\/span>ysk: &lt;4 dBi<br \/>\n<span style=\"font-size: 12pt;\"><span style=\"color: #000000;\">\u00bb V<\/span><\/span>SWR: &lt;2.0<br \/>\n<span style=\"font-size: 12pt;\"><span style=\"color: #000000;\">\u00bb I<\/span><\/span>mpedancja: 50 Om<br \/>\n<span style=\"font-size: 12pt;\"><span style=\"color: #000000;\">\u00bb P<\/span><\/span>olaryzacja: pionowa, dook\u00f3lna<br \/>\n<span style=\"font-size: 12pt;\"><span style=\"color: #000000;\">\u00bb W<\/span><\/span>ymiary: \u00f8 7\/30mm x 112mm<br \/>\n<span style=\"font-size: 12pt;\"><span style=\"color: #000000;\">\u00bb K<\/span><\/span>olor: czarny<br \/>\n<span style=\"font-size: 12pt;\"><span style=\"color: #000000;\">\u00bb T<\/span><\/span>emp. pracy: -20\u00b0C \u00f7 85\u00b0C<br \/>\n<span style=\"font-size: 12pt;\"><span style=\"color: #000000;\">\u00bb Zastosowanie: antena do urz\u0105dze\u0144 GSM\/LTE (2G\/4G)<\/span><\/span><\/p>\n<\/div>\n<\/div>\n<\/div>\n<div class=\"box-expander__show-more-container box-expander__show-more-container--static\" data-v-7894175a=\"\">\n<div class=\"box-expander__show-more-btn-wrapper\" data-v-7894175a=\"\">\n<p style=\"text-align: center;\">\n<\/div>\n<\/div>\n<\/div>\n<\/div>\n<\/div>\n<\/div>\n<\/div>\n<\/div>\n<\/div>\n","protected":false},"excerpt":{"rendered":"<p><span style=\"font-size: 14pt;\">Antena GSM\/LTE magnetyczna, czarna<\/span><\/p>\n","protected":false},"featured_media":12649,"comment_status":"open","ping_status":"closed","template":"","meta":{"_acf_changed":false,"rank_math_lock_modified_date":false,"inline_featured_image":false},"product_cat":[436],"product_tag":[],"class_list":{"0":"post-8398","1":"product","2":"type-product","3":"status-publish","4":"has-post-thumbnail","6":"product_cat-anteny-gsm-lte","8":"first","9":"instock","10":"taxable","11":"shipping-taxable","12":"purchasable","13":"product-type-simple"},"acf":[],"_links":{"self":[{"href":"https:\/\/ropam.com.pl\/wsparcie\/wp-json\/wp\/v2\/product\/8398","targetHints":{"allow":["GET"]}}],"collection":[{"href":"https:\/\/ropam.com.pl\/wsparcie\/wp-json\/wp\/v2\/product"}],"about":[{"href":"https:\/\/ropam.com.pl\/wsparcie\/wp-json\/wp\/v2\/types\/product"}],"replies":[{"embeddable":true,"href":"https:\/\/ropam.com.pl\/wsparcie\/wp-json\/wp\/v2\/comments?post=8398"}],"wp:featuredmedia":[{"embeddable":true,"href":"https:\/\/ropam.com.pl\/wsparcie\/wp-json\/wp\/v2\/media\/12649"}],"wp:attachment":[{"href":"https:\/\/ropam.com.pl\/wsparcie\/wp-json\/wp\/v2\/media?parent=8398"}],"wp:term":[{"taxonomy":"product_cat","embeddable":true,"href":"https:\/\/ropam.com.pl\/wsparcie\/wp-json\/wp\/v2\/product_cat?post=8398"},{"taxonomy":"product_tag","embeddable":true,"href":"https:\/\/ropam.com.pl\/wsparcie\/wp-json\/wp\/v2\/product_tag?post=8398"}],"curies":[{"name":"wp","href":"https:\/\/api.w.org\/{rel}","templated":true}]}}