{"id":8397,"date":"2018-04-15T15:31:52","date_gmt":"2018-04-15T13:31:52","guid":{"rendered":"https:\/\/ropam.com.pl\/wsparcie\/produkt\/exp-i8-4\/"},"modified":"2025-12-19T14:12:45","modified_gmt":"2025-12-19T13:12:45","slug":"exp-i8-4","status":"publish","type":"product","link":"https:\/\/ropam.com.pl\/wsparcie\/exp-i8-4\/","title":{"rendered":"EXP-I8"},"content":{"rendered":"<p style=\"text-align: center;\"><strong><span style=\"font-size: 36pt;\">EXP-I8<\/span><\/strong><\/p>\n<p style=\"text-align: center;\"><span style=\"font-size: 14pt;\"><b>Ekspander wej\u015b\u0107 do central z serii Neo-IP.<\/b><\/span><\/p>\n<p style=\"text-align: center;\"><img loading=\"lazy\" decoding=\"async\" class=\"wp-image-9336 aligncenter\" src=\"https:\/\/ropam.com.pl\/wsparcie\/wp-content\/uploads\/2018\/04\/Projekt-bez-nazwy-39.png\" alt=\"\" width=\"410\" height=\"344\" srcset=\"https:\/\/ropam.com.pl\/wsparcie\/wp-content\/uploads\/2018\/04\/Projekt-bez-nazwy-39.png 940w, https:\/\/ropam.com.pl\/wsparcie\/wp-content\/uploads\/2018\/04\/Projekt-bez-nazwy-39-300x251.png 300w, https:\/\/ropam.com.pl\/wsparcie\/wp-content\/uploads\/2018\/04\/Projekt-bez-nazwy-39-768x644.png 768w, https:\/\/ropam.com.pl\/wsparcie\/wp-content\/uploads\/2018\/04\/Projekt-bez-nazwy-39-600x503.png 600w, https:\/\/ropam.com.pl\/wsparcie\/wp-content\/uploads\/2018\/04\/Projekt-bez-nazwy-39-60x50.png 60w\" sizes=\"auto, (max-width: 410px) 100vw, 410px\" \/><\/p>\n<p><b><span style=\"font-size: 14pt;\"><strong style=\"color: #07acf2; font-family: 'arial black', sans-serif;\">W\u0142a\u015bciwo\u015bci\u00a0<\/strong><\/span><\/b><\/p>\n<p><span style=\"color: #000000;\"><strong>\u00bb <\/strong>K<\/span>ompatybilno\u015b\u0107: NeoLTE-IP, NeoGSM-IP, Neo-IP<br \/>\n<span style=\"color: #000000;\">\u00bb R<\/span>ozbudowa systemu o 8 dodatkowych wej\u015b\u0107<br \/>\n<span style=\"color: #000000;\">\u00bb M<\/span>odu\u0142 lokalny pod\u0142\u0105czany do p\u0142yty g\u0142\u00f3wnej przez z\u0142\u0105cze X2<br \/>\n<span style=\"color: #000000;\">\u00bb K<\/span>onfiguracja, w\u0142a\u015bciwo\u015bci i typy reakcji jak podstawowe wej\u015bcia centrali<br \/>\n<span style=\"color: #000000;\">\u00bb R<\/span>oz\u0142\u0105czne listwy zaciskowe<\/p>\n<p><b><span style=\"font-size: 14pt;\"><strong style=\"color: #07acf2; font-family: 'arial black', sans-serif;\">W zestawie\u00a0<\/strong><\/span><\/b><\/p>\n<p><span style=\"color: #000000;\">\u00bb M<\/span>odu\u0142 wej\u015b\u0107 Ropam EXP-I8<br \/>\n<span style=\"color: #000000;\">\u00bb R<\/span>ezystory<br \/>\n<span style=\"color: #000000;\">\u00bb K<\/span>o\u0142ki monta\u017cowe<\/p>\n<p><b>UWAGA!\u00a0<\/b>W centrali mo\u017cna zastosowa\u0107\u00a0<b>tylko 1 modu\u0142 EXP-I8.<\/b> W razie potrzeby mo\u017cna rozbudowa\u0107 system za pomoc\u0105 ekspandera magistralowego <b>EXP-I8-RN<\/b><\/p>\n<h3 style=\"text-align: center;\"><span style=\"font-size: 24pt; color: #ff0000;\"><strong style=\"font-family: 'arial black', sans-serif;\">W PE\u0141NI POLSKI PRODUKT<\/strong><\/span><\/h3>\n<p style=\"text-align: center;\"><span style=\"font-size: 14pt;\">Ca\u0142y etap produkcji, od pomys\u0142u po wykonanie ko\u0144cowe oparte s\u0105 o autorskie rozwi\u0105zania oraz dog\u0142\u0119bn\u0105 analiz\u0119 potrzeb i trend\u00f3w na\u00a0 rynku.<\/span><\/p>\n<p style=\"text-align: center;\"><img loading=\"lazy\" decoding=\"async\" class=\"wp-image-9726 alignnone\" src=\"https:\/\/ropam.com.pl\/wsparcie\/wp-content\/uploads\/2018\/04\/Obraz1.png\" alt=\"\" width=\"354\" height=\"325\" srcset=\"https:\/\/ropam.com.pl\/wsparcie\/wp-content\/uploads\/2018\/04\/Obraz1.png 292w, https:\/\/ropam.com.pl\/wsparcie\/wp-content\/uploads\/2018\/04\/Obraz1-60x55.png 60w\" sizes=\"auto, (max-width: 354px) 100vw, 354px\" \/><\/p>\n","protected":false},"excerpt":{"rendered":"<p><span style=\"font-size: 14pt;\">Ekspander wej\u015b\u0107<\/span><\/p>\n","protected":false},"featured_media":9336,"comment_status":"open","ping_status":"closed","template":"","meta":{"_acf_changed":false,"rank_math_lock_modified_date":false,"inline_featured_image":false},"product_cat":[482],"product_tag":[],"class_list":{"0":"post-8397","1":"product","2":"type-product","3":"status-publish","4":"has-post-thumbnail","6":"product_cat-moduly-wejsc","8":"first","9":"instock","10":"taxable","11":"shipping-taxable","12":"purchasable","13":"product-type-simple"},"acf":[],"_links":{"self":[{"href":"https:\/\/ropam.com.pl\/wsparcie\/wp-json\/wp\/v2\/product\/8397","targetHints":{"allow":["GET"]}}],"collection":[{"href":"https:\/\/ropam.com.pl\/wsparcie\/wp-json\/wp\/v2\/product"}],"about":[{"href":"https:\/\/ropam.com.pl\/wsparcie\/wp-json\/wp\/v2\/types\/product"}],"replies":[{"embeddable":true,"href":"https:\/\/ropam.com.pl\/wsparcie\/wp-json\/wp\/v2\/comments?post=8397"}],"wp:featuredmedia":[{"embeddable":true,"href":"https:\/\/ropam.com.pl\/wsparcie\/wp-json\/wp\/v2\/media\/9336"}],"wp:attachment":[{"href":"https:\/\/ropam.com.pl\/wsparcie\/wp-json\/wp\/v2\/media?parent=8397"}],"wp:term":[{"taxonomy":"product_cat","embeddable":true,"href":"https:\/\/ropam.com.pl\/wsparcie\/wp-json\/wp\/v2\/product_cat?post=8397"},{"taxonomy":"product_tag","embeddable":true,"href":"https:\/\/ropam.com.pl\/wsparcie\/wp-json\/wp\/v2\/product_tag?post=8397"}],"curies":[{"name":"wp","href":"https:\/\/api.w.org\/{rel}","templated":true}]}}