{"id":8391,"date":"2018-04-15T15:31:52","date_gmt":"2018-04-15T13:31:52","guid":{"rendered":"https:\/\/ropam.com.pl\/wsparcie\/produkt\/usb-mgsm-2\/"},"modified":"2026-03-09T11:47:04","modified_gmt":"2026-03-09T10:47:04","slug":"usb-mgsm-2","status":"publish","type":"product","link":"https:\/\/ropam.com.pl\/wsparcie\/usb-mgsm-2\/","title":{"rendered":"USB-MGSM"},"content":{"rendered":"<h3 style=\"text-align: center;\"><strong><span style=\"font-size: 36pt;\">USB\u2014MGSM<\/span><\/strong><\/h3>\n<p style=\"text-align: center;\">Kabel, konwerter do programowania i aktualizacji urz\u0105dze\u0144 ROPAM poprzez port USB komputera PC<\/p>\n<p style=\"text-align: center;\"><img loading=\"lazy\" decoding=\"async\" class=\"wp-image-9593 aligncenter\" src=\"https:\/\/ropam.com.pl\/wsparcie\/wp-content\/uploads\/2018\/04\/Projekt-bez-nazwy-2024-08-06T124345.112.png\" alt=\"\" width=\"386\" height=\"386\" srcset=\"https:\/\/ropam.com.pl\/wsparcie\/wp-content\/uploads\/2018\/04\/Projekt-bez-nazwy-2024-08-06T124345.112.png 1080w, https:\/\/ropam.com.pl\/wsparcie\/wp-content\/uploads\/2018\/04\/Projekt-bez-nazwy-2024-08-06T124345.112-300x300.png 300w, https:\/\/ropam.com.pl\/wsparcie\/wp-content\/uploads\/2018\/04\/Projekt-bez-nazwy-2024-08-06T124345.112-1024x1024.png 1024w, https:\/\/ropam.com.pl\/wsparcie\/wp-content\/uploads\/2018\/04\/Projekt-bez-nazwy-2024-08-06T124345.112-150x150.png 150w, https:\/\/ropam.com.pl\/wsparcie\/wp-content\/uploads\/2018\/04\/Projekt-bez-nazwy-2024-08-06T124345.112-768x768.png 768w, https:\/\/ropam.com.pl\/wsparcie\/wp-content\/uploads\/2018\/04\/Projekt-bez-nazwy-2024-08-06T124345.112-600x600.png 600w, https:\/\/ropam.com.pl\/wsparcie\/wp-content\/uploads\/2018\/04\/Projekt-bez-nazwy-2024-08-06T124345.112-100x100.png 100w, https:\/\/ropam.com.pl\/wsparcie\/wp-content\/uploads\/2018\/04\/Projekt-bez-nazwy-2024-08-06T124345.112-60x60.png 60w\" sizes=\"auto, (max-width: 386px) 100vw, 386px\" \/><\/p>\n<h3><span style=\"font-family: 'arial black', sans-serif; color: #07acf2;\"><strong>W\u0142a\u015bciwo\u015bci<\/strong><\/span><\/h3>\n<p>\u00bb Do programowania OptimaGSM<br \/>\n\u00bb Aktualizacji: EXP-I8-RN, EXP-O8T-RN, EXP-O8R-RN-D9M<br \/>\n\u00bb Kabel USB-RJ12<br \/>\n\u00bb Konwerter: USB-RS232TTL<\/p>\n<p><strong>UWAGA<\/strong><\/p>\n<p>Kable innych producent\u00f3w, nie s\u0105 kompatybilne z produktami Ropam Elektronik, dotyczy to uk\u0142adu pin\u00f3w na RJ12 i zasilania konwertera USB-RS232TTL wbudowanego w kablu !<\/p>\n<h3 style=\"text-align: center;\"><span style=\"font-size: 24pt; color: #ff0000;\"><strong style=\"font-family: 'arial black', sans-serif;\">W PE\u0141NI POLSKI PRODUKT<\/strong><\/span><\/h3>\n<p style=\"text-align: center;\"><span style=\"font-size: 14pt;\">Ca\u0142y etap produkcji, od pomys\u0142u po wykonanie ko\u0144cowe oparte s\u0105 o autorskie rozwi\u0105zania oraz dog\u0142\u0119bn\u0105 analiz\u0119 potrzeb i trend\u00f3w na\u00a0 rynku.<\/span><\/p>\n<p style=\"text-align: center;\"><img loading=\"lazy\" decoding=\"async\" class=\"wp-image-9726 alignnone\" src=\"https:\/\/ropam.com.pl\/wsparcie\/wp-content\/uploads\/2018\/04\/Obraz1.png\" alt=\"\" width=\"354\" height=\"325\" srcset=\"https:\/\/ropam.com.pl\/wsparcie\/wp-content\/uploads\/2018\/04\/Obraz1.png 292w, https:\/\/ropam.com.pl\/wsparcie\/wp-content\/uploads\/2018\/04\/Obraz1-60x55.png 60w\" sizes=\"auto, (max-width: 354px) 100vw, 354px\" \/><\/p>\n","protected":false},"excerpt":{"rendered":"<p><span style=\"font-size: 14pt;\">Kabel USB do programowania<\/span><\/p>\n","protected":false},"featured_media":9593,"comment_status":"open","ping_status":"closed","template":"","meta":{"_acf_changed":false,"rank_math_lock_modified_date":false,"inline_featured_image":false},"product_cat":[477],"product_tag":[],"class_list":{"0":"post-8391","1":"product","2":"type-product","3":"status-publish","4":"has-post-thumbnail","6":"product_cat-kable-do-programowania","8":"first","9":"instock","10":"taxable","11":"shipping-taxable","12":"purchasable","13":"product-type-simple"},"acf":[],"_links":{"self":[{"href":"https:\/\/ropam.com.pl\/wsparcie\/wp-json\/wp\/v2\/product\/8391","targetHints":{"allow":["GET"]}}],"collection":[{"href":"https:\/\/ropam.com.pl\/wsparcie\/wp-json\/wp\/v2\/product"}],"about":[{"href":"https:\/\/ropam.com.pl\/wsparcie\/wp-json\/wp\/v2\/types\/product"}],"replies":[{"embeddable":true,"href":"https:\/\/ropam.com.pl\/wsparcie\/wp-json\/wp\/v2\/comments?post=8391"}],"wp:featuredmedia":[{"embeddable":true,"href":"https:\/\/ropam.com.pl\/wsparcie\/wp-json\/wp\/v2\/media\/9593"}],"wp:attachment":[{"href":"https:\/\/ropam.com.pl\/wsparcie\/wp-json\/wp\/v2\/media?parent=8391"}],"wp:term":[{"taxonomy":"product_cat","embeddable":true,"href":"https:\/\/ropam.com.pl\/wsparcie\/wp-json\/wp\/v2\/product_cat?post=8391"},{"taxonomy":"product_tag","embeddable":true,"href":"https:\/\/ropam.com.pl\/wsparcie\/wp-json\/wp\/v2\/product_tag?post=8391"}],"curies":[{"name":"wp","href":"https:\/\/api.w.org\/{rel}","templated":true}]}}