{"id":8386,"date":"2018-04-15T15:31:52","date_gmt":"2018-04-15T13:31:52","guid":{"rendered":"https:\/\/ropam.com.pl\/wsparcie\/produkt\/rs232-mgsm\/"},"modified":"2025-07-22T13:29:16","modified_gmt":"2025-07-22T11:29:16","slug":"rs232-mgsm","status":"publish","type":"product","link":"https:\/\/ropam.com.pl\/wsparcie\/rs232-mgsm\/","title":{"rendered":"RS232\u2014MGSM"},"content":{"rendered":"<p><b>KABEL DO PROGRAMOWANIA<\/b><\/p>\n<p>Kabel do programowania urz\u0105dze\u0144 ROPAM poprzez port RS-232<\/p>\n<p>\u2022 z\u0142\u0105cza: PC=DB9, MGSM= RJ12<br \/>\n\u2022 w zestawie przej\u015bci\u00f3wka RS232\/USB-MGSM (3-pin na RJ12)<br \/>\n\u2022 zawiera konwerter: RS232(+12V\/-12V) na RS232TTL(0V\/5V)<br \/>\n\u2022 wymagany do konfiguracji poprzez po\u0142\u0105czenie lokalne i modemowe (RS232TTL)<\/p>\n<p>UWAGA:<br \/>\n\u2022 kable innych producent\u00f3w, nie s\u0105 kompatybilne z produktami Ropam Elektronik, dotyczy to uk\u0142adu pin\u00f3w na RJ12 i zasilania konwertera RS232TTL wbudowanego w kablu !<\/p>\n","protected":false},"excerpt":{"rendered":"<p>KABEL DO PROGRAMOWANIA Kabel do programowania urz\u0105dze\u0144 ROPAM poprzez port RS-232 \u2022 z\u0142\u0105cza: PC=DB9, MGSM= RJ12 \u2022 w zestawie przej\u015bci\u00f3wka RS232\/USB-MGSM (3-pin na RJ12) \u2022 zawiera konwerter: RS232(+12V\/-12V) na RS232TTL(0V\/5V) \u2022 wymagany do konfiguracji poprzez po\u0142\u0105czenie lokalne i modemowe (RS232TTL) UWAGA: \u2022 kable innych producent\u00f3w, nie s\u0105 kompatybilne z produktami Ropam Elektronik, dotyczy to uk\u0142adu [&hellip;]<\/p>\n","protected":false},"featured_media":5776,"comment_status":"open","ping_status":"closed","template":"","meta":{"_acf_changed":false,"rank_math_lock_modified_date":false,"inline_featured_image":false},"product_cat":[609],"product_tag":[],"class_list":{"0":"post-8386","1":"product","2":"type-product","3":"status-publish","4":"has-post-thumbnail","6":"product_cat-akcesoria-archiwum","8":"first","9":"outofstock","10":"taxable","11":"shipping-taxable","12":"purchasable","13":"product-type-simple"},"acf":[],"_links":{"self":[{"href":"https:\/\/ropam.com.pl\/wsparcie\/wp-json\/wp\/v2\/product\/8386","targetHints":{"allow":["GET"]}}],"collection":[{"href":"https:\/\/ropam.com.pl\/wsparcie\/wp-json\/wp\/v2\/product"}],"about":[{"href":"https:\/\/ropam.com.pl\/wsparcie\/wp-json\/wp\/v2\/types\/product"}],"replies":[{"embeddable":true,"href":"https:\/\/ropam.com.pl\/wsparcie\/wp-json\/wp\/v2\/comments?post=8386"}],"wp:featuredmedia":[{"embeddable":true,"href":"https:\/\/ropam.com.pl\/wsparcie\/wp-json\/wp\/v2\/media\/5776"}],"wp:attachment":[{"href":"https:\/\/ropam.com.pl\/wsparcie\/wp-json\/wp\/v2\/media?parent=8386"}],"wp:term":[{"taxonomy":"product_cat","embeddable":true,"href":"https:\/\/ropam.com.pl\/wsparcie\/wp-json\/wp\/v2\/product_cat?post=8386"},{"taxonomy":"product_tag","embeddable":true,"href":"https:\/\/ropam.com.pl\/wsparcie\/wp-json\/wp\/v2\/product_tag?post=8386"}],"curies":[{"name":"wp","href":"https:\/\/api.w.org\/{rel}","templated":true}]}}