{"id":8385,"date":"2018-04-15T15:31:52","date_gmt":"2018-04-15T13:31:52","guid":{"rendered":"https:\/\/ropam.com.pl\/wsparcie\/produkt\/var-1-kenwei-2\/"},"modified":"2024-12-27T10:11:02","modified_gmt":"2024-12-27T09:11:02","slug":"var-1-kenwei-2","status":"publish","type":"product","link":"https:\/\/ropam.com.pl\/wsparcie\/var-1-kenwei-2\/","title":{"rendered":"VAR-1 KENWEI"},"content":{"rendered":"<p><b>BRAMKA DO WIDEODOMOFONU<\/b><\/p>\n<p>Do integracji systemu ROPAM z wideodomofonem (z wykorzystaniem bramki VAR-1 KENWEI i\/lub modu\u0142 FGR-4).<\/p>\n<p><b>W\u0142a\u015bciwo\u015bci:<\/b><br \/>\n\u2022 dwukierunkowa komunikacja audio pomi\u0119dzy wideodomofonem a telefonem kom\u00f3rkowym poprzez sie\u0107 GSM,<br \/>\n\u2022 inteligentny algorytm przekazu po\u0142\u0105czenia z detekcj\u0105 lokalnego odbioru rozmowy,<br \/>\n\u2022 transmisja MMS-\u00f3w z sekwencj\u0105 zdj\u0119\u0107 z kamery bramofonu i\/lub systemu CCTV,<br \/>\n\u2022 przekazywanie po\u0142\u0105cze\u0144 tylko podczas nieobecno\u015bci w\u0142a\u015bciciela (czuwanie systemu),<br \/>\n\u2022 g\u0142osowa lub ukryta informacja o przekierowaniu po\u0142\u0105czenia,<br \/>\n\u2022 regulowany czas op\u00f3\u017anienia przekierowania po\u0142\u0105czenia,<br \/>\n\u2022 kontrola i zmiana przekaz\u00f3w przez u\u017cytkownika (niezale\u017cne komendy SMS: AUDIO, MMS-y)<br \/>\n\u2022 zdalne sterowanie (komend\u0105 SMS) systemowym przeka\u017anikiem wideodomofonu (rygiel),<br \/>\n\u2022 zdalne pobranie zdj\u0119\u0107 z kamery bramofonu i\/lub systemu CCTV, poprzez MMS-a: &#8216;na \u017cyczenie&#8217;<br \/>\n\u2022 \u0142atwa integracja: 3-przewodowa magistrala + sygna\u0142 VIDEO,<br \/>\n\u2022 regulacja poziomu d\u017awi\u0119ku w bramofonie i telefonie kom\u00f3rkowym,<br \/>\n\u2022 system nie ogranicza innych funkcji system\u00f3w a podnosi ich funkcjonalno\u015b\u0107,<br \/>\n\u2022 funkcje ograniczenia koszt\u00f3w i ilo\u015bci przekaz\u00f3w,<br \/>\n\u2022 wsp\u00f3\u0142praca z wybranymi modelami wideodomofon\u00f3w Kenwei,<br \/>\n\u2022 VAR-1 symulacja wideomonitora Kenwei: adres 4 ,<br \/>\n\u2022 VAR-1 obs\u0142uga wej\u015bcia w monitorze DOOR1, (opcja 2 bramofon\u00f3w wymaga rozdzielacza KW-516F).<\/p>\n<p><b>Wymagane elementy systemu Ropam dla audio i MMs-\u00f3w<\/b><br \/>\n\u2022 NeoGSM\/-PS (lub NEO\/-PS) centrala alarmowa z komunikacj\u0105 GSM,<br \/>\n\u2022 VAR-1 Kenwei bramka wideodomofonu, 3-przewodowa magistrala,<br \/>\n\u2022 FGR-4 modu\u0142 przetwarzania sygna\u0142u wideo z kamer na MMS-y,<br \/>\n\u2022 akcesoria: odpowiednia antena GSM, zasilacze\/obudowa,<br \/>\n<b>Wymagane elementy systemu Ropam dla audio<\/b><br \/>\n\u2022 NeoGSM\/-PS\u00a0 lub MultiGSM\/-PS<br \/>\n\u2022 VAR-1 Kenwei bramka wideodomofonu, 3-przewodowa magistrala,<br \/>\n\u2022 akcesoria: odpowiednia antena GSM, zasilacze\/obudowa,<\/p>\n<p><b>Wymagane elementy systemu Kenwei:<\/b><br \/>\n\u2022 bramofon(y) serii: KW-136, -137,-138,<br \/>\n\u2022 wideomonitor(y) serii: KW-S701x, -S702x, -128, -129, nowo\u015bci: KW-S704C-x, -E703FC-x,<br \/>\n\u2022 unifon KW-112B (funkcjonalno\u015b\u0107 monitora bez wideo)+ panele zewn\u0119trzny audio KW-136 Audio (domofon)<br \/>\n\u2022 rozdzielacz KW-516F (dla opcji przekazu po\u0142\u0105cze\u0144 z 2 bramofon\u00f3w).<br \/>\n<a class=\"faq_link\" href=\"http:\/\/www.kenwei.pl\/\" target=\"_blank\" rel=\"noopener\"><span style=\"color: #ff9900;\"><b>www.kenwei.pl<\/b><\/span><\/a><\/p>\n<p><b>Opcjonalne elementy (dedykowane do danego systemu)<\/b><br \/>\n\u2022 VSR-1 syntezer mowy, komunikat o przekazie po\u0142\u0105czenia,<br \/>\n\u2022 TPR-xx panel dotykowy , nowoczesna klawiatura do kontroli system,<br \/>\n\u2022 TSR-1 czujnik temperatury, s\u0142u\u017c\u0105cy do kontroli temperatury i funkcji termostatu,<br \/>\n\u2022 pozosta\u0142e elementy systemu Ropam dedykowane do danego systemu GSM,<\/p>\n<p>(Dane techniczne mog\u0105 ulec zmianie bez uprzedzenia. )<\/p>\n","protected":false},"excerpt":{"rendered":"<p>BRAMKA DO WIDEODOMOFONU Do integracji systemu ROPAM z wideodomofonem (z wykorzystaniem bramki VAR-1 KENWEI i\/lub modu\u0142 FGR-4). W\u0142a\u015bciwo\u015bci: \u2022 dwukierunkowa komunikacja audio pomi\u0119dzy wideodomofonem a telefonem kom\u00f3rkowym poprzez sie\u0107 GSM, \u2022 inteligentny algorytm przekazu po\u0142\u0105czenia z detekcj\u0105 lokalnego odbioru rozmowy, \u2022 transmisja MMS-\u00f3w z sekwencj\u0105 zdj\u0119\u0107 z kamery bramofonu i\/lub systemu CCTV, \u2022 przekazywanie po\u0142\u0105cze\u0144 [&hellip;]<\/p>\n","protected":false},"featured_media":5772,"comment_status":"open","ping_status":"closed","template":"","meta":{"_acf_changed":false,"rank_math_lock_modified_date":false,"inline_featured_image":false},"product_cat":[609],"product_tag":[],"class_list":{"0":"post-8385","1":"product","2":"type-product","3":"status-publish","4":"has-post-thumbnail","6":"product_cat-akcesoria-archiwum","8":"first","9":"outofstock","10":"taxable","11":"shipping-taxable","12":"purchasable","13":"product-type-simple"},"acf":[],"_links":{"self":[{"href":"https:\/\/ropam.com.pl\/wsparcie\/wp-json\/wp\/v2\/product\/8385","targetHints":{"allow":["GET"]}}],"collection":[{"href":"https:\/\/ropam.com.pl\/wsparcie\/wp-json\/wp\/v2\/product"}],"about":[{"href":"https:\/\/ropam.com.pl\/wsparcie\/wp-json\/wp\/v2\/types\/product"}],"replies":[{"embeddable":true,"href":"https:\/\/ropam.com.pl\/wsparcie\/wp-json\/wp\/v2\/comments?post=8385"}],"wp:featuredmedia":[{"embeddable":true,"href":"https:\/\/ropam.com.pl\/wsparcie\/wp-json\/wp\/v2\/media\/5772"}],"wp:attachment":[{"href":"https:\/\/ropam.com.pl\/wsparcie\/wp-json\/wp\/v2\/media?parent=8385"}],"wp:term":[{"taxonomy":"product_cat","embeddable":true,"href":"https:\/\/ropam.com.pl\/wsparcie\/wp-json\/wp\/v2\/product_cat?post=8385"},{"taxonomy":"product_tag","embeddable":true,"href":"https:\/\/ropam.com.pl\/wsparcie\/wp-json\/wp\/v2\/product_tag?post=8385"}],"curies":[{"name":"wp","href":"https:\/\/api.w.org\/{rel}","templated":true}]}}