{"id":8376,"date":"2018-04-15T15:31:52","date_gmt":"2018-04-15T13:31:52","guid":{"rendered":"https:\/\/ropam.com.pl\/wsparcie\/produkt\/vsr-1-2\/"},"modified":"2025-08-18T12:00:26","modified_gmt":"2025-08-18T10:00:26","slug":"vsr-1-2","status":"publish","type":"product","link":"https:\/\/ropam.com.pl\/wsparcie\/vsr-1-2\/","title":{"rendered":"VSR-1"},"content":{"rendered":"<p><b>SYNTEZER MOWY<\/b><\/p>\n<p>1 komunikat g\u0142osowy, 20 s.<\/p>\n<p>Syntezer VSR-1 jest urz\u0105dzeniem przeznaczonym do wsp\u00f3\u0142pracy z modu\u0142ami i centralami GSM.<\/p>\n<p>\u2022 pami\u0119\u0107 komunikatu o d\u0142ugo\u015bci 20s max.<br \/>\n\u2022 wbudowany mikrofon, przycisk obs\u0142ugi: REC<br \/>\n\u2022 \u0142atwa instalacja i konfiguracja<br \/>\n\u2022 sygnalizacja optyczna stanu pracy<br \/>\n\u2022 nieulotna pami\u0119\u0107<\/p>\n","protected":false},"excerpt":{"rendered":"<p>SYNTEZER MOWY 1 komunikat g\u0142osowy, 20 s. Syntezer VSR-1 jest urz\u0105dzeniem przeznaczonym do wsp\u00f3\u0142pracy z modu\u0142ami i centralami GSM. \u2022 pami\u0119\u0107 komunikatu o d\u0142ugo\u015bci 20s max. \u2022 wbudowany mikrofon, przycisk obs\u0142ugi: REC \u2022 \u0142atwa instalacja i konfiguracja \u2022 sygnalizacja optyczna stanu pracy \u2022 nieulotna pami\u0119\u0107<\/p>\n","protected":false},"featured_media":5748,"comment_status":"open","ping_status":"closed","template":"","meta":{"_acf_changed":false,"rank_math_lock_modified_date":false,"inline_featured_image":false},"product_cat":[420],"product_tag":[],"class_list":{"0":"post-8376","1":"product","2":"type-product","3":"status-publish","4":"has-post-thumbnail","6":"product_cat-bez-kategorii","8":"first","9":"outofstock","10":"taxable","11":"shipping-taxable","12":"product-type-simple"},"acf":[],"_links":{"self":[{"href":"https:\/\/ropam.com.pl\/wsparcie\/wp-json\/wp\/v2\/product\/8376","targetHints":{"allow":["GET"]}}],"collection":[{"href":"https:\/\/ropam.com.pl\/wsparcie\/wp-json\/wp\/v2\/product"}],"about":[{"href":"https:\/\/ropam.com.pl\/wsparcie\/wp-json\/wp\/v2\/types\/product"}],"replies":[{"embeddable":true,"href":"https:\/\/ropam.com.pl\/wsparcie\/wp-json\/wp\/v2\/comments?post=8376"}],"wp:featuredmedia":[{"embeddable":true,"href":"https:\/\/ropam.com.pl\/wsparcie\/wp-json\/wp\/v2\/media\/5748"}],"wp:attachment":[{"href":"https:\/\/ropam.com.pl\/wsparcie\/wp-json\/wp\/v2\/media?parent=8376"}],"wp:term":[{"taxonomy":"product_cat","embeddable":true,"href":"https:\/\/ropam.com.pl\/wsparcie\/wp-json\/wp\/v2\/product_cat?post=8376"},{"taxonomy":"product_tag","embeddable":true,"href":"https:\/\/ropam.com.pl\/wsparcie\/wp-json\/wp\/v2\/product_tag?post=8376"}],"curies":[{"name":"wp","href":"https:\/\/api.w.org\/{rel}","templated":true}]}}