{"id":8362,"date":"2018-04-15T15:31:51","date_gmt":"2018-04-15T13:31:51","guid":{"rendered":"https:\/\/ropam.com.pl\/wsparcie\/produkt\/fgr-4\/"},"modified":"2024-12-27T10:10:06","modified_gmt":"2024-12-27T09:10:06","slug":"fgr-4","status":"publish","type":"product","link":"https:\/\/ropam.com.pl\/wsparcie\/fgr-4\/","title":{"rendered":"FGR-4"},"content":{"rendered":"<p><b>MODU\u0141 PRZETWARZANIA SYGNA\u0141U VIDEO NA KLATKI OBRAZU i TRANSMISJ\u0104 MMS\/E-MAIL<\/b><\/p>\n<p>4 wej\u015bcia WIDEO, przetwarzanie wideo PAL-&gt;JPG, wsp\u00f3\u0142praca z: OptimaGSM, NeoGSM, NEO, MGSM 4.0+.<\/p>\n<p>Modu\u0142 FGR-4 jest innowacyjnym i uniwersalnym urz\u0105dzeniem do wsp\u00f3\u0142pracy z centralami alarmowymi. Pozwala na przetworzenie czterech sygna\u0142\u00f3w wideo na zdj\u0119cia w formacie &#8216;jpg&#8217; i<br \/>\nprzes\u0142anie ich poprzez wiadomo\u015bci multimedialne MMS\/e-mail. Rozwi\u0105zanie bazuje na standardowych us\u0142ugach operator\u00f3w GSM i nie wymaga specjalnych urz\u0105dze\u0144 i oprogramowania.<br \/>\nWiadomo\u015bci multimedialne dostarczane s\u0105 na standardowy telefon kom\u00f3rkowy i adres e-mail klienta. Transmisja danych bazuje o technologie GPRS, dzi\u0119ki czemu zapewnione jest du\u017ce<br \/>\npokrycie zasi\u0119giem powierzchni kraju i pozwala to na transmisje zdj\u0119\u0107 z obiekt\u00f3w bez dost\u0119pu do sta\u0142ego internetu i po\u0142o\u017conych poza zasi\u0119giem sieci 3G (generalnie wszystkie tereny pozamiejskie).<br \/>\nModu\u0142 umo\u017cliwia tak\u017ce zapis lokalny przechwyconych zdj\u0119\u0107 na kart\u0119 SD, spe\u0142nia to funkcja rejestratora zdj\u0119\u0107 po wykryciu ruchu w obrazie. Zapisane archiwum mo\u017cna odczyta\u0107 lokalnie na<br \/>\nkomputerze lub zdalnie poprzez MMS. Uniwersalne funkcje i konstrukcja modu\u0142u FGR-4 daje mo\u017cliwo\u015b\u0107 wykorzystania do kontroli stanu obiektu, wizualnej weryfikacji zdarze\u0144 alarmowych np.<br \/>\nprzes\u0142anie zdj\u0119cia z obiektu po uruchomieniu alarmu w\u0142amaniowego, po\u017carowego, nieautoryzowanego wej\u015bcia.<br \/>\n.<br \/>\nTransmisj\u0119 wiadomo\u015bci mo\u017cna wyzwoli\u0107 poprzez:<br \/>\n&#8211; wej\u015bcia centrali (np. akcja alarmowa, f. centrali alarmowej)<br \/>\n&#8211; wyj\u015bcia centrali (np. aktywacja wyj\u015bcia, funkcje logiczne<br \/>\n&#8211; detekcja ruchu wideo (modu\u0142 analizuje obraz VIDEO i w przypadku ci\u0105g\u0142ej zmiany obrazu aktywuje transmisj\u0119, algorytm analizy obrazu odporny jest na jednorazowe zdarzenia np. w\u0142\u0105czenie o\u015bwietlenia)<br \/>\n&#8211; zdalnie poprzez komend\u0119 SMS ( &#8216;kod dost\u0119pu&#8217; ZDJECIE 1,2,3,4.)<\/p>\n<p><b>PODSTAWOWE W\u0141A\u015aCIWO\u015aCI:<\/b><br \/>\n<b>\u2022 4 wej\u015bcia sygna\u0142u WIDEO:<\/b><br \/>\n&#8211; analogowe, 1Vp-p, composite, nieprzelotowe, PAL<br \/>\n&#8211; obs\u0142uga sygna\u0142u VIDEO (kamer): kolorowe i czarno-bia\u0142e<br \/>\n&#8211; gniazda RCA (x4)<br \/>\n<b>\u2022 wsp\u00f3\u0142praca z kartami SD (Secure Digital):<\/b><br \/>\n&#8211; zapis zdj\u0119\u0107 na karcie SD (lokalnie)<br \/>\n&#8211; aktywacj\u0105 zapisu poprzez detekcj\u0119 video<br \/>\n&#8211; mo\u017cliwo\u015b\u0107 pobrania archiwalnego zdj\u0119cia poprzez MMS lub przegl\u0105d na PC<br \/>\n<b>\u2022 cyfrowa komunikacja z central\u0105+:<\/b><br \/>\n&#8211; z\u0142\u0105cze EXP, w systemie mo\u017ce pracowa\u0107 FGR-4 lub PSR\/PSR-RF<br \/>\n&#8211; przetwarzanie sygna\u0142\u00f3w video dla protoko\u0142u MMS i E-MAIL<br \/>\n<b>\u2022 regulowana jako\u015b\u0107 zdj\u0119\u0107 JPG:<\/b><br \/>\n&#8211; mo\u017cliwo\u015b\u0107 przes\u0142ania czterech zdj\u0119\u0107 w jednej wiadomo\u015bci MMS\/E-MAIL<br \/>\n&#8211; sekwencja zdj\u0119\u0107 w programowanych odst\u0119pach czasu<br \/>\n<b>\u2022 wyzwalanie transmisji MMS\/E_MAIL:<\/b><br \/>\n&#8211; wej\u015bcia modu\u0142u centrali(np. akcja alarmowa, f. centrali alarmowej)<br \/>\n&#8211; wyj\u015bcia modu\u0142u centrali (np. aktywacja wyj\u015bcia, funkcje logiczne)<br \/>\n&#8211; detekcja ruchu WIDEO<br \/>\n&#8211; zdalnie: komenda SMS<br \/>\n&#8211; mo\u017cliwo\u015b\u0107 pobrania zarejestrowanego na karcie SD obrazu poprzez SMS (kod pobierz xxxxx.jpg)<br \/>\n<b>\u2022 sygnalizacja utraty sygna\u0142u wideo<\/b><br \/>\n&#8211; wybrane wyj\u015bcie z sygnalizacj\u0105: SABOTA\u017b<br \/>\n<b>\u2022 sygnalizacja problemu z transmisj\u0105 MMS\/E-MAIL: <\/b><br \/>\n&#8211; sygnalizacja SMS problemu z transmisj\u0105 wiadomo\u015bci MMS\/E-MAIL (z po\u0142\u0105czeniem GPRS)<br \/>\n<b>\u2022 buforowanie sekwencji zdj\u0119\u0107:<\/b><br \/>\n&#8211; w przypadku problemu z transmisj\u0105 lub podczas akcji alarmowej<br \/>\n<b>\u2022 programowanie:<\/b><br \/>\n&#8211; zdalne program PARTNER GSM: po\u0142\u0105czenie modemowe (CSD)<br \/>\n&#8211; lokalne program PARTNER GSM: RS232 (TTL)<br \/>\n<b>\u2022 sygnalizacja pracy:<\/b><br \/>\n&#8211; sygna\u0142u VIDEO, po\u0142\u0105czenia z central\u0105, detekcji ruchu<br \/>\n<b>\u2022 nieulotna pami\u0119\u0107 konfiguracji<\/b><br \/>\n<b>\u2022 zasilanie:<\/b><br \/>\n&#8211; pobierane z centrali<br \/>\n&#8211; napi\u0119cie 9V-14V DC<\/p>\n<p>(Specyfikacja mo\u017ce zosta\u0107 zmieniona bez uprzedzenia.)<\/p>\n","protected":false},"excerpt":{"rendered":"<p>MODU\u0141 PRZETWARZANIA SYGNA\u0141U VIDEO NA KLATKI OBRAZU i TRANSMISJ\u0104 MMS\/E-MAIL 4 wej\u015bcia WIDEO, przetwarzanie wideo PAL-&gt;JPG, wsp\u00f3\u0142praca z: OptimaGSM, NeoGSM, NEO, MGSM 4.0+. Modu\u0142 FGR-4 jest innowacyjnym i uniwersalnym urz\u0105dzeniem do wsp\u00f3\u0142pracy z centralami alarmowymi. Pozwala na przetworzenie czterech sygna\u0142\u00f3w wideo na zdj\u0119cia w formacie &#8216;jpg&#8217; i przes\u0142anie ich poprzez wiadomo\u015bci multimedialne MMS\/e-mail. Rozwi\u0105zanie bazuje [&hellip;]<\/p>\n","protected":false},"featured_media":11615,"comment_status":"open","ping_status":"closed","template":"","meta":{"_acf_changed":false,"rank_math_lock_modified_date":false,"inline_featured_image":false},"product_cat":[609],"product_tag":[],"class_list":{"0":"post-8362","1":"product","2":"type-product","3":"status-publish","4":"has-post-thumbnail","6":"product_cat-akcesoria-archiwum","8":"first","9":"outofstock","10":"taxable","11":"shipping-taxable","12":"product-type-simple"},"acf":[],"_links":{"self":[{"href":"https:\/\/ropam.com.pl\/wsparcie\/wp-json\/wp\/v2\/product\/8362","targetHints":{"allow":["GET"]}}],"collection":[{"href":"https:\/\/ropam.com.pl\/wsparcie\/wp-json\/wp\/v2\/product"}],"about":[{"href":"https:\/\/ropam.com.pl\/wsparcie\/wp-json\/wp\/v2\/types\/product"}],"replies":[{"embeddable":true,"href":"https:\/\/ropam.com.pl\/wsparcie\/wp-json\/wp\/v2\/comments?post=8362"}],"wp:featuredmedia":[{"embeddable":true,"href":"https:\/\/ropam.com.pl\/wsparcie\/wp-json\/wp\/v2\/media\/11615"}],"wp:attachment":[{"href":"https:\/\/ropam.com.pl\/wsparcie\/wp-json\/wp\/v2\/media?parent=8362"}],"wp:term":[{"taxonomy":"product_cat","embeddable":true,"href":"https:\/\/ropam.com.pl\/wsparcie\/wp-json\/wp\/v2\/product_cat?post=8362"},{"taxonomy":"product_tag","embeddable":true,"href":"https:\/\/ropam.com.pl\/wsparcie\/wp-json\/wp\/v2\/product_tag?post=8362"}],"curies":[{"name":"wp","href":"https:\/\/api.w.org\/{rel}","templated":true}]}}