{"id":8343,"date":"2018-04-15T15:31:50","date_gmt":"2018-04-15T13:31:50","guid":{"rendered":"https:\/\/ropam.com.pl\/wsparcie\/produkt\/psr-rf-2\/"},"modified":"2024-11-12T15:33:48","modified_gmt":"2024-11-12T14:33:48","slug":"psr-rf-2","status":"publish","type":"product","link":"https:\/\/ropam.com.pl\/wsparcie\/psr-rf-2\/","title":{"rendered":"PSR-RF"},"content":{"rendered":"<p><b>MODU\u0141 IMPULSOWEGO ZASILACZA BUFOROWEGO<br \/>\nZ WBUDOWANYM DWUKANA\u0141OWYM STEROWNIKIEM RADIOWYM<\/b><\/p>\n<p><span style=\"font-size: 11px; line-height: 1.5em;\">MODU\u0141 IMPULSOWEGO ZASILACZA BUFOROWEGO<\/span><br \/>\nPrzeznaczony jest do nieprzerwanego zasilania urz\u0105dze\u0144 wymagaj\u0105cych stabilizowanego napi\u0119cia 12V\/DC (+\/-15%). Pozwala na niezale\u017cne zasilanie dw\u00f3ch grup odbiornik\u00f3w poprzez zabezpieczone wyj\u015bcia 1 (1A max.) oraz 2 (0,3A max.),<br \/>\n\u2022 dedykowany do zasilania modu\u0142\u00f3w MGSM xxx ( np. MGSM 4.0, MGSM 5.0)<br \/>\n\u2022 zasilanie element\u00f3w system\u00f3w alarmowych, kontroli dost\u0119pu itp.<\/p>\n<p>DWUKANA\u0141OWY STEROWNIK RADIOWY<br \/>\nUniwersalne i niezale\u017cne konfigurowane kana\u0142y pozwalaj\u0105 na szerokie zastosowanie w zdalnym sterowaniu i kontroli.<br \/>\n\u2022 dedykowany do sterowania modu\u0142ami MGSM xxx oraz centralami NEO,<br \/>\n\u2022 systemy alarmowe: blokowanie czujek lub stref, sterowanie strefami (za\u0142.\/wy\u0142.), radiolinia anty-napadowa lub wezwanie pomocy,<br \/>\n\u2022 automatyka, kontrola dost\u0119pu- sterowanie: bramy, rolety, zamki i zwory elektromagnetyczne, o\u015bwietlenie.<\/p>\n<p><b>MODU\u0141 ZASILACZA BUFOROWEGO<\/b><br \/>\n<b>\u2022 zasilacz impulsowy<\/b><br \/>\n&#8211; wydajno\u015b\u0107 pr\u0105dowa 1,3A- ci\u0105g\u0142a (1,7A- sumaryczna wydajno\u015b\u0107 z \u0142ad. AKU),<br \/>\n&#8211; automatyczna regulacja napi\u0119cia,<br \/>\n&#8211; mikroprocesorowa diagnostyka stanu pracy,<br \/>\n&#8211; zabezpieczenie przeciwzwarciowe, przeci\u0105\u017ceniowe i termiczne,<br \/>\n&#8211; efektywno\u015b\u0107 przetwarzania 70%-90%,<br \/>\n<b>\u2022 uk\u0142ad \u0142adowania i kontroli akumulatora<\/b><br \/>\n&#8211; \u0142adowanie akumulatora dwufazowe: sta\u0142o-pr\u0105dowe, sta\u0142o-napi\u0119ciowe,<br \/>\n&#8211; zabezpieczenie akumulatora przed nadmiernym roz\u0142adowaniem (funkcja za\u0142.\/wy\u0142),<br \/>\n&#8211; dynamiczny test akumulatora (funkcja za\u0142.\/wy\u0142.),<br \/>\n<b>\u2022 wyj\u015bcia zasilania [2]:<\/b><br \/>\n&#8211; niezale\u017cne wyj\u015bcia: 1= 13,8V\/1A i 2=13,8V\/0,3A,<br \/>\n&#8211; zabezpieczenie przed zwarciem poprzez bezpieczniki PTC,<br \/>\n<b>\u2022 wyj\u015bcia techniczne<\/b><br \/>\n&#8211; F sygnalizacja stanu awarii: wyj\u015bcia 1 lub 2, akumulatora, wysokie nap. AC&gt;24V,<br \/>\n&#8211; NAC sygnalizacja stanu awarii: brak AC, (regulowane op\u00f3\u017anienie: 1s, 300s, 1h, 6h),<br \/>\n&#8211; BUZ sygnalizacja stanu awarii: sygna\u0142 przerywany,<br \/>\n<b>\u2022 sygnalizacja pracy<\/b><br \/>\n&#8211; optyczna sygnalizacja pracy (diody LED),<br \/>\n&#8211; cyfrowa komunikacja z MGSM xx przekazywanie stanu lub awarii poprzez SMS,<br \/>\n<b>\u2022 konfiguracja<\/b><br \/>\n&#8211; poprzez zworki (funkcje, sygnalizacja wyj\u015b\u0107 technicznych),<br \/>\n&#8211; program PARTNER GSM (SMS-y, pami\u0119\u0107 zdarze\u0144, tryb ONLINE)<\/p>\n<p><b>MODU\u0141 STEROWNIKA RADIOWEGO<\/b><br \/>\n<b>\u2022 odbiornik superheterodynowy<\/b><br \/>\n&#8211; wysoka czu\u0142o\u015b\u0107 (-102 dB), selektywno\u015b\u0107, funkcja anty-jamming,<br \/>\n&#8211; zasi\u0119g do 150m w terenie otwartym,<br \/>\n&#8211; antena helikalna (wy\u017csza selektywno\u015b\u0107 ni\u017c dipol),<br \/>\n&#8211; transmisja kodowana: nadajnik-odbiornik (kod zmienny),<br \/>\n<b>\u2022 dwa kana\u0142y<\/b><br \/>\n&#8211; przeka\u017anikowe R1,R2 (2xC\/NC\/NO),<br \/>\n&#8211; niezale\u017cne tryby pracy: bistabilne, monostabilne, real (czas transmisji nadajnika),<br \/>\n&#8211; niezale\u017cna komunikacja cyfrowa z MGSM xx, sterowanie jego prac\u0105 niezale\u017cnie od pracy, wyj\u015b\u0107 przeka\u017anikowych (za\u0142\/wy\u0142 czuwanie, panic, sterowanie sygnalizowane SMS),<br \/>\n&#8211; sterowanie R1, R2, poprzez SMS-y z kodem,<br \/>\n<b>\u2022 nieulotna pami\u0119\u0107 konfiguracji<\/b><br \/>\n&#8211; konfiguracja i stan pracy zapisywane s\u0105 w pami\u0119ci EEPROM i przywracane w przypadku<br \/>\nzaniku i powrotu zasilania (stan wyj\u015b\u0107, tryby i czasy pracy),<br \/>\n<b>\u2022 wsp\u00f3\u0142praca z 42 nadajnikami<\/b><br \/>\n&#8211; sygnalizacja niskiego napi\u0119cia baterii nadajnika,<br \/>\n<b>\u2022 sygnalizacja pracy<\/b><br \/>\n&#8211; cyfrowa komunikacja z MGSM xx przekazywanie stanu i sterowania poprzez SMS,<br \/>\n<b>\u2022 konfiguracja<\/b><br \/>\n&#8211; poprzez procedur\u0119 programowania niezale\u017cn\u0105 od programu PARTNER GSM (tryby i czasy wyj\u015b\u0107 przeka\u017anikowych, programowanie i kasowanie nadajnik\u00f3w),<br \/>\n&#8211; program PARTNER GSM (SMS-y, pami\u0119\u0107 zdarze\u0144, tryb ONLINE)<\/p>\n<p><strong>ZESTAW:<\/strong> modu\u0142 PSR-RF, dwa piloty TR-4, antena helikalna AT-433-SMA, 4 ko\u0142ki samoprzylepne, \u00a0instrukcja.<br \/>\n<strong>UWAGI:<\/strong> wymaga transformatora min. 30VA<\/p>\n","protected":false},"excerpt":{"rendered":"<p>MODU\u0141 IMPULSOWEGO ZASILACZA BUFOROWEGO Z WBUDOWANYM DWUKANA\u0141OWYM STEROWNIKIEM RADIOWYM MODU\u0141 IMPULSOWEGO ZASILACZA BUFOROWEGO Przeznaczony jest do nieprzerwanego zasilania urz\u0105dze\u0144 wymagaj\u0105cych stabilizowanego napi\u0119cia 12V\/DC (+\/-15%). Pozwala na niezale\u017cne zasilanie dw\u00f3ch grup odbiornik\u00f3w poprzez zabezpieczone wyj\u015bcia 1 (1A max.) oraz 2 (0,3A max.), \u2022 dedykowany do zasilania modu\u0142\u00f3w MGSM xxx ( np. MGSM 4.0, MGSM 5.0) \u2022 [&hellip;]<\/p>\n","protected":false},"featured_media":11618,"comment_status":"open","ping_status":"closed","template":"","meta":{"_acf_changed":false,"rank_math_lock_modified_date":false,"inline_featured_image":false},"product_cat":[611],"product_tag":[],"class_list":{"0":"post-8343","1":"product","2":"type-product","3":"status-publish","4":"has-post-thumbnail","6":"product_cat-zasilacze-archiwum","8":"first","9":"outofstock","10":"product-type-simple"},"acf":[],"_links":{"self":[{"href":"https:\/\/ropam.com.pl\/wsparcie\/wp-json\/wp\/v2\/product\/8343","targetHints":{"allow":["GET"]}}],"collection":[{"href":"https:\/\/ropam.com.pl\/wsparcie\/wp-json\/wp\/v2\/product"}],"about":[{"href":"https:\/\/ropam.com.pl\/wsparcie\/wp-json\/wp\/v2\/types\/product"}],"replies":[{"embeddable":true,"href":"https:\/\/ropam.com.pl\/wsparcie\/wp-json\/wp\/v2\/comments?post=8343"}],"wp:featuredmedia":[{"embeddable":true,"href":"https:\/\/ropam.com.pl\/wsparcie\/wp-json\/wp\/v2\/media\/11618"}],"wp:attachment":[{"href":"https:\/\/ropam.com.pl\/wsparcie\/wp-json\/wp\/v2\/media?parent=8343"}],"wp:term":[{"taxonomy":"product_cat","embeddable":true,"href":"https:\/\/ropam.com.pl\/wsparcie\/wp-json\/wp\/v2\/product_cat?post=8343"},{"taxonomy":"product_tag","embeddable":true,"href":"https:\/\/ropam.com.pl\/wsparcie\/wp-json\/wp\/v2\/product_tag?post=8343"}],"curies":[{"name":"wp","href":"https:\/\/api.w.org\/{rel}","templated":true}]}}