{"id":8336,"date":"2018-04-15T15:31:50","date_gmt":"2018-04-15T13:31:50","guid":{"rendered":"https:\/\/ropam.com.pl\/wsparcie\/produkt\/psr-eco-5012-rn-2\/"},"modified":"2025-12-19T14:25:42","modified_gmt":"2025-12-19T13:25:42","slug":"psr-eco-5012-rn-2","status":"publish","type":"product","link":"https:\/\/ropam.com.pl\/wsparcie\/psr-eco-5012-rn-2\/","title":{"rendered":"PSR-ECO-5012-RN"},"content":{"rendered":"<h1 style=\"text-align: center;\"><span style=\"font-size: 36pt;\">PSR-ECO-5012-RN<\/span><\/h1>\n<p style=\"text-align: center;\"><span style=\"font-size: 14pt;\">Zasilacze AC\/DC z serii PSR-ECO, cechuje wysoka funkcjonalno\u015b\u0107 i uniwersalno\u015b\u0107 zastosowania w instalacjach niskopr\u0105dowych.<\/span><br \/>\n<span style=\"font-size: 14pt;\">Zasilacze dedykowane s\u0105 do zastosowania uniwersalnego &#8211; zasilanie urz\u0105dze\u0144 12V DC.<\/span><\/p>\n<p style=\"text-align: center;\"><img loading=\"lazy\" decoding=\"async\" class=\"wp-image-9546 aligncenter\" src=\"https:\/\/ropam.com.pl\/wsparcie\/wp-content\/uploads\/2018\/04\/Projekt-bez-nazwy-2024-08-06T091031.017.png\" alt=\"\" width=\"377\" height=\"377\" srcset=\"https:\/\/ropam.com.pl\/wsparcie\/wp-content\/uploads\/2018\/04\/Projekt-bez-nazwy-2024-08-06T091031.017.png 1080w, https:\/\/ropam.com.pl\/wsparcie\/wp-content\/uploads\/2018\/04\/Projekt-bez-nazwy-2024-08-06T091031.017-300x300.png 300w, https:\/\/ropam.com.pl\/wsparcie\/wp-content\/uploads\/2018\/04\/Projekt-bez-nazwy-2024-08-06T091031.017-1024x1024.png 1024w, https:\/\/ropam.com.pl\/wsparcie\/wp-content\/uploads\/2018\/04\/Projekt-bez-nazwy-2024-08-06T091031.017-150x150.png 150w, https:\/\/ropam.com.pl\/wsparcie\/wp-content\/uploads\/2018\/04\/Projekt-bez-nazwy-2024-08-06T091031.017-768x768.png 768w, https:\/\/ropam.com.pl\/wsparcie\/wp-content\/uploads\/2018\/04\/Projekt-bez-nazwy-2024-08-06T091031.017-600x600.png 600w, https:\/\/ropam.com.pl\/wsparcie\/wp-content\/uploads\/2018\/04\/Projekt-bez-nazwy-2024-08-06T091031.017-100x100.png 100w, https:\/\/ropam.com.pl\/wsparcie\/wp-content\/uploads\/2018\/04\/Projekt-bez-nazwy-2024-08-06T091031.017-60x60.png 60w\" sizes=\"auto, (max-width: 377px) 100vw, 377px\" \/><\/p>\n<p><span style=\"font-size: 14pt;\"><strong style=\"color: #07acf2; font-family: 'arial black', sans-serif;\">W\u0142a\u015bciwo\u015bci\u00a0<\/strong><\/span><\/p>\n<p><span style=\"color: #000000;\"><span style=\"font-size: 14pt;\">\u00bb D<\/span><\/span>o zastosowania uniwersalnego &#8211; zasilanie urz\u0105dze\u0144<strong> 12V DC<\/strong><br \/>\n<span style=\"color: #000000;\"><span style=\"font-size: 14pt;\">\u00bb M<\/span><\/span>oc wyj\u015bciowa\/wydajno\u015b\u0107 pr\u0105dowa<strong> 50W\/3A<\/strong><br \/>\n<span style=\"color: #000000;\"><span style=\"font-size: 14pt;\">\u00bb W<\/span><\/span>yj\u015bcie zasilania na z\u0142\u0105czach \u015brubowych.<br \/>\n<span style=\"color: #000000;\"><span style=\"font-size: 14pt;\">\u00bb W<\/span><\/span>i\u0105zka kablowa do pod\u0142\u0105czenia akumulator\u00f3w i podtrzymania pracy systemu.<br \/>\n<span style=\"color: #000000;\"><span style=\"font-size: 14pt;\">\u00bb W<\/span><\/span>budowany czujnik temperatury<br \/>\n<span style=\"color: #000000;\"><span style=\"font-size: 14pt;\">\u00bb O<\/span><\/span>budowa na szyn\u0119 TH35 szeroko\u015b\u0107 6 modu\u0142\u00f3w<br \/>\n<span style=\"color: #000000;\"><span style=\"font-size: 14pt;\">\u00bb W<\/span><\/span>ymiary 106x90x58 mm<\/p>\n<h3><span style=\"font-size: 14pt;\"><strong style=\"color: #07acf2; font-family: 'arial black', sans-serif;\">G\u0142\u00f3wne funkcje zasilacza\u00a0<\/strong><\/span><\/h3>\n<p><strong><span style=\"color: #000000;\"><span style=\"font-size: 14pt;\">\u00bb <\/span><\/span><\/strong>Auto-kompensacja napi\u0119cia \u0142adowania akumulatora w zale\u017cno\u015bci od temperatury<br \/>\n<strong><span style=\"color: #000000;\"><span style=\"font-size: 14pt;\">\u00bb <\/span><\/span><\/strong>\u0141adowanie akumulatora dwufazowe: sta\u0142o-pr\u0105dowe i sta\u0142o-napi\u0119ciowe<br \/>\n<strong><span style=\"color: #000000;\"><span style=\"font-size: 14pt;\">\u00bb <\/span><\/span><\/strong>Elektroniczne zabezpieczenie wyj\u015bcia z automatycznym powrotem: przeci\u0105\u017ceniowe OCP, przeciwzwarciowe SCP, temperaturowe OHP, nadnapi\u0119ciowe OVP, podnapi\u0119ciowe UVP<br \/>\n<strong><span style=\"color: #000000;\"><span style=\"font-size: 14pt;\">\u00bb <\/span><\/span><\/strong>Dynamiczny test i diagnostyka akumulatora<\/p>\n<h3 style=\"text-align: center;\"><span style=\"font-size: 24pt; color: #ff0000;\"><strong style=\"font-family: 'arial black', sans-serif;\">W PE\u0141NI POLSKI PRODUKT<\/strong><\/span><\/h3>\n<p style=\"text-align: center;\"><span style=\"font-size: 14pt;\">Ca\u0142y etap produkcji, od pomys\u0142u po wykonanie ko\u0144cowe oparte s\u0105 o autorskie rozwi\u0105zania oraz dog\u0142\u0119bn\u0105 analiz\u0119 potrzeb i trend\u00f3w na\u00a0 rynku.<\/span><\/p>\n<p style=\"text-align: center;\"><img loading=\"lazy\" decoding=\"async\" class=\"wp-image-9726 alignnone\" src=\"https:\/\/ropam.com.pl\/wsparcie\/wp-content\/uploads\/2018\/04\/Obraz1.png\" alt=\"\" width=\"354\" height=\"325\" srcset=\"https:\/\/ropam.com.pl\/wsparcie\/wp-content\/uploads\/2018\/04\/Obraz1.png 292w, https:\/\/ropam.com.pl\/wsparcie\/wp-content\/uploads\/2018\/04\/Obraz1-60x55.png 60w\" sizes=\"auto, (max-width: 354px) 100vw, 354px\" \/><\/p>\n","protected":false},"excerpt":{"rendered":"<p>Zasilacz buforowy AC\/DC<\/p>\n","protected":false},"featured_media":9553,"comment_status":"open","ping_status":"closed","template":"","meta":{"_acf_changed":false,"rank_math_lock_modified_date":false,"inline_featured_image":false},"product_cat":[579],"product_tag":[],"class_list":{"0":"post-8336","1":"product","2":"type-product","3":"status-publish","4":"has-post-thumbnail","6":"product_cat-psr-eco","8":"first","9":"instock","10":"taxable","11":"shipping-taxable","12":"purchasable","13":"product-type-simple"},"acf":[],"_links":{"self":[{"href":"https:\/\/ropam.com.pl\/wsparcie\/wp-json\/wp\/v2\/product\/8336","targetHints":{"allow":["GET"]}}],"collection":[{"href":"https:\/\/ropam.com.pl\/wsparcie\/wp-json\/wp\/v2\/product"}],"about":[{"href":"https:\/\/ropam.com.pl\/wsparcie\/wp-json\/wp\/v2\/types\/product"}],"replies":[{"embeddable":true,"href":"https:\/\/ropam.com.pl\/wsparcie\/wp-json\/wp\/v2\/comments?post=8336"}],"wp:featuredmedia":[{"embeddable":true,"href":"https:\/\/ropam.com.pl\/wsparcie\/wp-json\/wp\/v2\/media\/9553"}],"wp:attachment":[{"href":"https:\/\/ropam.com.pl\/wsparcie\/wp-json\/wp\/v2\/media?parent=8336"}],"wp:term":[{"taxonomy":"product_cat","embeddable":true,"href":"https:\/\/ropam.com.pl\/wsparcie\/wp-json\/wp\/v2\/product_cat?post=8336"},{"taxonomy":"product_tag","embeddable":true,"href":"https:\/\/ropam.com.pl\/wsparcie\/wp-json\/wp\/v2\/product_tag?post=8336"}],"curies":[{"name":"wp","href":"https:\/\/api.w.org\/{rel}","templated":true}]}}