{"id":8322,"date":"2018-04-15T15:31:49","date_gmt":"2018-04-15T13:31:49","guid":{"rendered":"https:\/\/ropam.com.pl\/wsparcie\/produkt\/multigsm\/"},"modified":"2024-12-27T10:01:28","modified_gmt":"2024-12-27T09:01:28","slug":"multigsm","status":"publish","type":"product","link":"https:\/\/ropam.com.pl\/wsparcie\/multigsm\/","title":{"rendered":"MultiGSM-PS"},"content":{"rendered":"<p><strong>MODU\u0141 POWIADOMIENIA I STEROWANIA GSM, TERMINAL GSM (NADAJNIK GSM).<\/strong><\/p>\n<p>* wbudowany modem GSM\/DCS\/EGSM bez SIMLOCK-a<br \/>\n* wykrywanie zag\u0142uszania GSM (JAMMING): raportowanie stanu na wyj\u015bciu i zapis w pami\u0119ci zdarze\u0144<br \/>\n<strong>* 8-1000 numer\u00f3w telefonu, 2\u00a0 grupy do powiadomie\u0144 i sterowania: numery 1-8 wyb\u00f3r pojedyncze , 1-1000 (karta SD) wyb\u00f3r zbiorczy, ca\u0142a grupa<br \/>\n* obs\u0142uga karty SD, SDHC:<br \/>\n&#8211;\u00a0 zarz\u0105dzanie numerami telefonu 1-1000, &#8216;telefony .txt&#8217; (\u0142atwa edycja i zmiana grypy do powiadomienia i funkcji KeyGSM)<br \/>\n&#8211; programowanie urz\u0105dzenia poprzez kart\u0119 SD, plik zapiany programem Partner GSM\u00a0 na karcie SD\u00a0 (config.rpm)<\/strong><br \/>\n* 8 wej\u015b\u0107, konfiguracja pracy NC, NO o regulowanej czu\u0142o\u015bci do 60 000 [ms lub s]<br \/>\n* AI wej\u015bcie analogowe 0-10V ze skalowaniem do warto\u015bci fizycznej (np. temp=\u00b0C, RH=%, p=kPa)<br \/>\n* wej\u015bcie FAC do kontroli napi\u0119cia AC (lub DC) zasilania podstawowego np.. centrali, kontrolera, zasilacza DC<br \/>\n* 4 sterowane wyj\u015bcia poprzez SMS, CLIP, DTMF, awaria, brak AC, JAMMING<br \/>\n* O1 wyj\u015bcie 12VDC\/1A z zabezpieczeniem zwarciowym i przeci\u0105\u017ceniowym,\u00a0 O2-O4 wyj\u015bcia OC 100mA<br \/>\n* transmisja z wej\u015b\u0107 SMS\/VOICE\/CLIP<br \/>\n<strong>* transmisja zdarze\u0144 poprzez E-MAIL (protok\u00f3\u0142 SMTP):<br \/>\n&#8211; obs\u0142uga serwera SMTP (bez autoryzacji SSL\/TSL !)\u00a0 i czterech adres\u00f3w e-mail<\/strong>,<br \/>\n&#8211; ekonomiczna transmisja poprzez GPRS (E-MAIL STAN&lt;1kB) , mo\u017cliwo\u015b\u0107 wykorzystania funkcji klient\u00f3w poczty do filtrowania, analizy, retransmisji itd.<br \/>\n* dowolne SMS-y i komunikaty VOICE ( wymagany VSR-2) przy zdarzeniach w systemie: wej\u015bcia, temp.<br \/>\n<strong><strong>* funkcje Terminal: \u00a0 <\/strong>MultiGSM pracuje jak modem, terminal GSM (DCE), kontrola is sterowanie z urz\u0105dze\u0144 DTE <strong>poprzez port RS232TTL (PLC, kontrolery itp.) <\/strong><\/strong><br \/>\n<strong>* TerminalSMS: funkcja transmisji i odbierania SMS poprzez port RS232TTL,<\/strong><br \/>\n<strong>* TerminalEMAIL: funkcja transmisji e-mail poprzez port RS232TTL ,<\/strong><br \/>\n<strong><span style=\"font-size: small;\">* TerminalCall:\u00a0 <\/span><span style=\"font-size: small;\">funkcja generuje po\u0142\u0105czenia g\u0142osowe z obs\u0142ug\u0105 DTMF, sterowanie\u00a0 poprzez RS232TTL, komendy ASCI<\/span><\/strong>, ( funkcja na specjalne zam\u00f3wienie),<br \/>\n<strong>* KeyGSM: obs\u0142uga do 1000 numer\u00f3w telefon\u00f3w, zastosowanie; szlabany, wjazdy do osiedla mieszkaniowe, bramy gara\u017cowe, parkingi hoteli itp..<\/strong><br \/>\n* LogicProcessor:<br \/>\n&#8211; funkcji logiczne (9) dla argument\u00f3w: wej\u015b\u0107,\u00a0 wyj\u015b\u0107, marker\u00f3w (warto\u015b\u0107 binarna 0\/1), prog\u00f3w temperatury,\u00a0 prog\u00f3w wej\u015bcia analogowe, awarie, timery, warto\u015bci binarne<br \/>\n&#8211; funkcje czasowo-logiczne (8) jak\u00a0 programowane przeka\u017aniki czasowe, wyzwalania i reset timer\u00f3w (blok\u00f3w) identyczne jak\u00a0 argumenty w funkcjach logicznych a wyniki zapisywane s\u0105 wyj\u015b\u0107\u00a0 lub marker\u00f3w<br \/>\n* 4 timery 24h do opcji LogicProcessor<br \/>\n* monitoring GPRS:<br \/>\n&#8211; wsp\u00f3\u0142praca ze stacj\u0105 MSR Manager (sterownik RopamMSR, w opracowaniu),<br \/>\n&#8211; wsp\u00f3\u0142praca ze stacj\u0105 Kronos NET (sterownik RopamDirect) &#8211; szyfrowana transmisja TCP\/IP, dwa adresy IP, zapasowa transmisja SMS, praca r\u00f3wnoleg\u0142a z trybem powiadomienia SMS\/VOICE<br \/>\n* integracja audio z\u00a0 domofonami i interkomami<br \/>\n* integracja z video-domofonami poprzez\u00a0 bramk\u0119 <a href=\"towar\/103\/var1_kenwei.html\">VAR-1<\/a> , pozwalaj\u0105ca na rozmow\u0119 telefoniczn\u0105 pomi\u0119dzy bramofonem a telefonem kom\u00f3rkowym,<br \/>\nmo\u017cliwe za\u0142\u0105czenie rygla kodem DTMF<br \/>\n* pomiar temperatury z czujnika TSR-1,\u00a0 termostat\u00a0 na 2 wyj\u015bciach z histerez\u0105<br \/>\n* dwukierunkowy system audio, pods\u0142uch obiektu (AMR-1)<br \/>\n* zegar RTC z podtrzymania bateryjnym (restarty zasilania)<br \/>\n* funkcja testu \u0142\u0105czno\u015bci: SMS, SMS STAN, CLIP<br \/>\n* optyczna sygnalizacja pracy i zasi\u0119gu GSM<br \/>\n* pami\u0119\u0107 zdarze\u0144; 1000 zdarze\u0144 z nadpisywaniem<br \/>\n* funkcje ograniczenia koszt\u00f3w i ilo\u015bci transmisji<br \/>\n* obs\u0142uga kod\u00f3w USSD (kontrola kart pre-paid i zmiana us\u0142ug)<br \/>\n* zapis loga temperatury, wej\u015bcia analogowego, wej\u015b\u0107 i1-I8 na kart\u0119 SD\u00a0 (aktywacja wymaga PartnerGSM v4.2), mo\u017cliwe jest tak\u017ce automatyczne wys\u0142anie loga o 00:00 na 1-szy adres e-mail<br \/>\n* zasilanie 12V\/DC z kontrol\u0105 napi\u0119cia DC (&lt;11V).<\/p>\n<p><strong>Zastosowanie:<\/strong><br \/>\nTerminale MultiGSM z racji swojej budowy i funkcji dedykowane s\u0105 do integracji z innymi urz\u0105dzeniami (np. centrale alarmowe, kontrolery PLC, przeka\u017aniki, sterowniki) poprzez<br \/>\nwej\u015bcia i wyj\u015bcia binarne, Dzi\u0119ki wbudowanemu modemowi GSM mo\u017cliwa jest transmisja zdarze\u0144 z systemu poprzez SMS, VOICE, E-MAIL. Do sterowania i kontroli s\u0142u\u017c\u0105 SMS, CLIP,<br \/>\nDTMF.<\/p>\n<p>\u2022\u00a0 powiadomienie dla system\u00f3w alarmowych,<br \/>\n\u2022\u00a0 powiadomienie dla jednostek Ochotniczej Stra\u017cy Po\u017carnej OSP ze sterowaniem syren\u0105,<br \/>\n\u2022\u00a0 sterowanie wieloabonentowe automatyk\u0105 bramy, szlabanu poprzez CLIP (CallerID),<br \/>\n\u2022\u00a0 systemy automatyki domowej, funkcje przeka\u017anik\u00f3w czasowych,<br \/>\n\u2022\u00a0 systemy kontroli i sterowania poprzez sie\u0107 GSM, sygna\u0142y binarne I\/O,<br \/>\n\u2022\u00a0 restarter urz\u0105dze\u0144, AP w sieciach bezprzewodowych WLAN,<br \/>\n\u2022\u00a0 systemy kontroli i nadzoru temperatury np. serwerownie,\u00a0 lod\u00f3wki (szczepionki), ch\u0142odnie, procesy termiczne,<br \/>\n\u2022\u00a0 rejestrator (logger): temperatury, wej\u015b\u0107 terminala ,\u00a0 AI, sieci GSM, zasilania AC,<br \/>\n\u2022\u00a0 rejestrator jw. z automatyczn\u0105 transmisj\u0105 dobowych log\u00f3w poprzez e-mail,<br \/>\n\u2022\u00a0 systemy kontroli i nadzoru warto\u015bci analogowej z czujnik\u00f3w z wyj\u015bciem 0-10V, np. wilgotno\u015b\u0107 wzgl\u0119dna, temp.<br \/>\n\u2022\u00a0 regulacja temperatury lub parametru od AI, regulator dwustanowy z histerez\u0105,<br \/>\n\u2022\u00a0 systemy kontroli i nadzoru nad przesy\u0142owymi sieciami energetycznymi,<br \/>\n\u2022\u00a0 systemy kontroli dost\u0119pu,<br \/>\n\u2022\u00a0 kontrola\u00a0 i sterowanie procesami technicznymi np. przepompownie, kot\u0142ownie CO, fermy hodowlane,<br \/>\n\u2022\u00a0 integracja z domofonami, interkomammi poprzez wej\u015bcie\/wyj\u015bcie audio liniowe,<br \/>\n\u2022\u00a0 modem SMS, E-mail, Call\u00a0 dla prostych sterownik\u00f3w PLC\u00a0 poprzez port RS232TTL (TerminalSMS\/E-mail\/Call),<\/p>\n<p><span id=\"result_box\" lang=\"pl\"><span class=\"hps atn\">(<\/span>Dane techniczne mog\u0105 <span class=\"hps\">ulec zmianie bez<\/span> <span class=\"hps\">uprzedniego powiadomienia<\/span>.)<\/span><\/p>\n","protected":false},"excerpt":{"rendered":"<p>MODU\u0141 POWIADOMIENIA I STEROWANIA GSM, TERMINAL GSM (NADAJNIK GSM). * wbudowany modem GSM\/DCS\/EGSM bez SIMLOCK-a * wykrywanie zag\u0142uszania GSM (JAMMING): raportowanie stanu na wyj\u015bciu i zapis w pami\u0119ci zdarze\u0144 * 8-1000 numer\u00f3w telefonu, 2\u00a0 grupy do powiadomie\u0144 i sterowania: numery 1-8 wyb\u00f3r pojedyncze , 1-1000 (karta SD) wyb\u00f3r zbiorczy, ca\u0142a grupa * obs\u0142uga karty SD, [&hellip;]<\/p>\n","protected":false},"featured_media":11690,"comment_status":"open","ping_status":"closed","template":"","meta":{"_acf_changed":false,"rank_math_lock_modified_date":false,"inline_featured_image":false},"product_cat":[604],"product_tag":[],"class_list":{"0":"post-8322","1":"product","2":"type-product","3":"status-publish","4":"has-post-thumbnail","6":"product_cat-terminale-gsm-archiwum","8":"first","9":"outofstock","10":"taxable","11":"shipping-taxable","12":"product-type-simple"},"acf":[],"_links":{"self":[{"href":"https:\/\/ropam.com.pl\/wsparcie\/wp-json\/wp\/v2\/product\/8322","targetHints":{"allow":["GET"]}}],"collection":[{"href":"https:\/\/ropam.com.pl\/wsparcie\/wp-json\/wp\/v2\/product"}],"about":[{"href":"https:\/\/ropam.com.pl\/wsparcie\/wp-json\/wp\/v2\/types\/product"}],"replies":[{"embeddable":true,"href":"https:\/\/ropam.com.pl\/wsparcie\/wp-json\/wp\/v2\/comments?post=8322"}],"wp:featuredmedia":[{"embeddable":true,"href":"https:\/\/ropam.com.pl\/wsparcie\/wp-json\/wp\/v2\/media\/11690"}],"wp:attachment":[{"href":"https:\/\/ropam.com.pl\/wsparcie\/wp-json\/wp\/v2\/media?parent=8322"}],"wp:term":[{"taxonomy":"product_cat","embeddable":true,"href":"https:\/\/ropam.com.pl\/wsparcie\/wp-json\/wp\/v2\/product_cat?post=8322"},{"taxonomy":"product_tag","embeddable":true,"href":"https:\/\/ropam.com.pl\/wsparcie\/wp-json\/wp\/v2\/product_tag?post=8322"}],"curies":[{"name":"wp","href":"https:\/\/api.w.org\/{rel}","templated":true}]}}