{"id":8312,"date":"2018-04-15T15:31:49","date_gmt":"2018-04-15T13:31:49","guid":{"rendered":"https:\/\/ropam.com.pl\/wsparcie\/produkt\/basicgsm\/"},"modified":"2024-12-27T09:55:54","modified_gmt":"2024-12-27T08:55:54","slug":"basicgsm","status":"publish","type":"product","link":"https:\/\/ropam.com.pl\/wsparcie\/basicgsm\/","title":{"rendered":"BasicGSM"},"content":{"rendered":"<p><strong>MODU\u0141 POWIADOMIENIA I STEROWANIA GSM, TERMINAL GSM (NADAJNIK GSM).<\/strong><\/p>\n<p>* wbudowany modem GSM\/DCS\/EGSM bez SIMLOCK-a<br \/>\n* wykrywanie zag\u0142uszania GSM (JAMMING): raportowanie stanu na wyj\u015bciu i zapis w pami\u0119ci zdarze\u0144<br \/>\n* 8 numer\u00f3w telefonu, grupa do powiadomie\u0144 i sterowania<br \/>\n* 8 wej\u015b\u0107, konfiguracja pracy NC, NO o regulowanej czu\u0142o\u015bci do 60 000 [ms lub s]<br \/>\n* AI wej\u015bcie analogowe 0-10V ze skalowaniem do warto\u015bci fizycznej (np. temp=\u00b0C, RH=%, p=kPa)<br \/>\n* wej\u015bcie FAC do kontroli napi\u0119cia AC (lub DC) zasilania podstawowego np.. centrali, kontrolera, zasilacza DC<br \/>\n* 4 sterowane wyj\u015bcia poprzez SMS, CLIP, DTMF, awaria, brak AC, JAMMING<br \/>\n* O1 wyj\u015bcie 12VDC\/1A z zabezpieczeniem zwarciowym i przeci\u0105\u017ceniowym,\u00a0 O2-O4 wyj\u015bcia OC 100mA<br \/>\n* transmisja z wej\u015b\u0107 SMS\/VOICE\/CLIP<br \/>\n* dowolne SMS-y i komunikaty VOICE ( wymagany VSR-2) przy zdarzeniach w systemie: wej\u015bcia, temp.<br \/>\n* TerminalSMS: funkcja transmisji i odbierania SMS poprzez port RS232TTL z urz\u0105dze\u0144 DTE (PLC, kontrolery itp.) bez komend #AT, kody ASCI, BasicGSM pracuje jak modem, terminal GSM (DCE),<br \/>\n* KeyGSM: funkcja sterowania wyj\u015bciami poprzez identyfikacj\u0119 numeru telefonu (CallerID tzw, CLIP) lub SMS dla zaprogramowanej grupy numer\u00f3w (odbiorc\u00f3w), potwierdzanie sterowania SMS-em dla sterowania CLIP i SMS<br \/>\n* LogicProcessor:<br \/>\n&#8211; funkcji logiczne (9) dla argument\u00f3w: wej\u015b\u0107,\u00a0 wyj\u015b\u0107, marker\u00f3w (warto\u015b\u0107 binarna 0\/1), prog\u00f3w temperatury,\u00a0 prog\u00f3w wej\u015bcia analogowe, awarie, timery, warto\u015bci binarne<br \/>\n&#8211; funkcje czasowo-logiczne (8) jak\u00a0 programowane przeka\u017aniki czasowe, wyzwalania i reset timer\u00f3w (blok\u00f3w) identyczne jak\u00a0 argumenty w funkcjach logicznych a wyniki zapisywane s\u0105 wyj\u015b\u0107\u00a0 lub marker\u00f3w<br \/>\n* 4 timery 24h do opcji LogicProcessor<br \/>\n* monitoring GPRS:<br \/>\n&#8211;\u00a0 wsp\u00f3\u0142praca ze stacj\u0105 MSR Manager (sterownik RopamMSR, w opracowaniu),<br \/>\n&#8211; wsp\u00f3\u0142praca ze stacj\u0105 Kronos NET (sterownik RopamDirect) &#8211; szyfrowana transmisja TCP\/IP, dwa adresy IP, zapasowa transmisja SMS, praca r\u00f3wnoleg\u0142a z trybem powiadomienia SMS\/VOICE<br \/>\n* integracja audio z\u00a0 domofonami i interkomami<br \/>\n* pomiar temperatury z czujnika TSR-1,\u00a0 termostat\u00a0 na 2 wyj\u015bciach z histerez\u0105<br \/>\n* dwukierunkowy system audio, pods\u0142uch obiektu (AMR-1)<br \/>\n* zegar RTC z podtrzymania bateryjnym (restarty zasilania)<br \/>\n* funkcja testu \u0142\u0105czno\u015bci: SMS, SMS STAN, CLIP<br \/>\n* optyczna sygnalizacja pracy i zasi\u0119gu GSM<br \/>\n* pami\u0119\u0107 zdarze\u0144; 1000 zdarze\u0144 z nadpisywaniem<br \/>\n* funkcje ograniczenia koszt\u00f3w i ilo\u015bci transmisji<br \/>\n* obs\u0142uga kod\u00f3w USSD (kontrola kart pre-paid i zmiana us\u0142ug)<br \/>\n* zasilanie 12V\/DC z kontrol\u0105 napi\u0119cia DC (&lt;11V).<\/p>\n<p><span id=\"result_box\" lang=\"pl\"><span class=\"hps atn\">(<\/span>Dane techniczne mog\u0105 <span class=\"hps\">ulec zmianie bez<\/span> <span class=\"hps\">uprzedniego powiadomienia<\/span>.)<\/span><\/p>\n","protected":false},"excerpt":{"rendered":"<p>MODU\u0141 POWIADOMIENIA I STEROWANIA GSM, TERMINAL GSM (NADAJNIK GSM). * wbudowany modem GSM\/DCS\/EGSM bez SIMLOCK-a * wykrywanie zag\u0142uszania GSM (JAMMING): raportowanie stanu na wyj\u015bciu i zapis w pami\u0119ci zdarze\u0144 * 8 numer\u00f3w telefonu, grupa do powiadomie\u0144 i sterowania * 8 wej\u015b\u0107, konfiguracja pracy NC, NO o regulowanej czu\u0142o\u015bci do 60 000 [ms lub s] * [&hellip;]<\/p>\n","protected":false},"featured_media":11688,"comment_status":"open","ping_status":"closed","template":"","meta":{"_acf_changed":false,"rank_math_lock_modified_date":false,"inline_featured_image":false},"product_cat":[604],"product_tag":[],"class_list":{"0":"post-8312","1":"product","2":"type-product","3":"status-publish","4":"has-post-thumbnail","6":"product_cat-terminale-gsm-archiwum","8":"first","9":"outofstock","10":"product-type-simple"},"acf":[],"_links":{"self":[{"href":"https:\/\/ropam.com.pl\/wsparcie\/wp-json\/wp\/v2\/product\/8312","targetHints":{"allow":["GET"]}}],"collection":[{"href":"https:\/\/ropam.com.pl\/wsparcie\/wp-json\/wp\/v2\/product"}],"about":[{"href":"https:\/\/ropam.com.pl\/wsparcie\/wp-json\/wp\/v2\/types\/product"}],"replies":[{"embeddable":true,"href":"https:\/\/ropam.com.pl\/wsparcie\/wp-json\/wp\/v2\/comments?post=8312"}],"wp:featuredmedia":[{"embeddable":true,"href":"https:\/\/ropam.com.pl\/wsparcie\/wp-json\/wp\/v2\/media\/11688"}],"wp:attachment":[{"href":"https:\/\/ropam.com.pl\/wsparcie\/wp-json\/wp\/v2\/media?parent=8312"}],"wp:term":[{"taxonomy":"product_cat","embeddable":true,"href":"https:\/\/ropam.com.pl\/wsparcie\/wp-json\/wp\/v2\/product_cat?post=8312"},{"taxonomy":"product_tag","embeddable":true,"href":"https:\/\/ropam.com.pl\/wsparcie\/wp-json\/wp\/v2\/product_tag?post=8312"}],"curies":[{"name":"wp","href":"https:\/\/api.w.org\/{rel}","templated":true}]}}