{"id":8298,"date":"2018-04-15T15:31:49","date_gmt":"2018-04-15T13:31:49","guid":{"rendered":"https:\/\/ropam.com.pl\/wsparcie\/produkt\/pcr-6-rf-2\/"},"modified":"2024-12-27T09:10:35","modified_gmt":"2024-12-27T08:10:35","slug":"pcr-6-rf-2","status":"publish","type":"product","link":"https:\/\/ropam.com.pl\/wsparcie\/pcr-6-rf-2\/","title":{"rendered":"PCR 6-RF"},"content":{"rendered":"<p><b>CENTRALA ALARMOWA ZE STEROWANIEM RADIOWYM<\/b><\/p>\n<p>6 wej\u015b\u0107, 6 wyj\u015b\u0107, sterowanie: piloty radiowe i\/lub wej\u015bciem ARM, metalowa obudowa z sygnalizacj\u0105 optyczn\u0105 na przednim panelu (9x LED), zasilanie: 230V\/AC, akumulator 7Ah\/12V<\/p>\n<p>Centrala PCR6-RF jest nowoczesn\u0105 mikroprocesorowa konstrukcj\u0105, w kt\u00f3rej po\u0142\u0105czono profesjonalne rozwi\u0105zania z szybka i prost\u0105 konfiguracja oraz \u0142atw\u0105 obs\u0142ug\u0105. Przeznaczona jest dla ma\u0142ych system\u00f3w alarmowych, instalowanych w mieszkaniach, domkach jednorodzinnych, sklepach, biurach i warsztatach. Centrala wsp\u00f3\u0142pracuje z wszystkimi typami czujek (NC) i urz\u0105dze\u0144 sygnalizacji alarmu 12V\/DC (sygnalizatory zewn\u0119trzne i wewn\u0119trzne, modu\u0142y GSM).<\/p>\n<p><b>PODSTAWOWE W\u0141A\u015aCIWO\u015aCI:<\/b><br \/>\n<b>\u2022 wej\u015bcia centrali [6]:<\/b><br \/>\n&#8211; cztery wej\u015bcia do pod\u0142\u0105czenia czujek NC, w tym I1 jako op\u00f3\u017anione a I2 (funkcja) op\u00f3\u017anione wewn\u0119trznie z regulowanym czasem op\u00f3\u017anienia alarmu.<br \/>\n&#8211; jedno wej\u015bcie do kontroli czuwania centrali ARM (sterowanie impulsowe \u2013 styk monostabilny np. wyj\u015bcie czasowe 5s, przycisk dzwonkowy<br \/>\nlub sterowanie zmian\u0105 stanu \u2013 styk bistabilny np. prze\u0142\u0105cznik, stacyjka)<br \/>\n&#8211; jedno wej\u015bcie czuwaj\u0105ce 24h TAMP do pod\u0142\u0105czenia obwodu antysabota\u017cowego sygnalizator\u00f3w lub przycisku antynapadowego<br \/>\n&#8211; konfiguracja pracy 2EOL\/NC (1,1k\u03a9\/2,2k\u03a9) z sygnalizacj\u0105 sabota\u017cu lub NC<br \/>\n&#8211; sygnalizacja naruszonego wej\u015bcia po czasie na wyj\u015bcie z mo\u017cliwo\u015bci\u0105 zdalnego zablokowania wej\u015bcia (PCR-RF)<br \/>\n&#8211; automatyczne blokowanie po trzech alarmach wej\u015b\u0107 I1-I4 w czuwaniu (ograniczenie alarm\u00f3w w przypadku uszkodzenia czujki)<br \/>\n<b>\u2022 wyj\u015bcia centrali [6]:<\/b><br \/>\n&#8211; trzy wyj\u015bcia do pod\u0142\u0105czenia sygnalizator\u00f3w: O1, O2 \u2013 regulowany czas alarmu, O3- alarm do skasowania lub wy\u0142\u0105czenia czuwania<br \/>\n&#8211; niezale\u017cne zabezpieczenie przeciwzwarciowe z kontrol\u0105 bezpiecznik\u00f3w: O1, O2, AUX<br \/>\n&#8211; kontrola obecno\u015bci pod\u0142\u0105czenia sygnalizatora (obci\u0105\u017cenia) dla wyj\u015bcia O1 ( 2,2k\u03a9)<br \/>\n&#8211; optyczna sygnalizacja stanu wyj\u015b\u0107 O1-O3<br \/>\n&#8211; trzy wyj\u015bcia OC sygnalizacji stanu centrali:<br \/>\nO4- stan zasilania AC lub czas na wyj.\/wej. O5- stan awarii, O6- stan czuwania centrali<br \/>\n&#8211; wyj\u015bcie zasilania AUX do zasilania czujek itp.<br \/>\n<b>\u2022 konfiguracja centrali:<\/b><br \/>\n&#8211; potencjometry P1-P4: czasy dla wej\u015b\u0107 I1, I2 oraz wyj\u015b\u0107 O1, O2<br \/>\n&#8211; prze\u0142\u0105cznik SW1: tryb i funkcje wej\u015b\u0107 oraz alternatywne funkcje wyj\u015b\u0107:<br \/>\n&#8211; procedura programowania (przycisk PR): programowanie pilot\u00f3w (PCR-RF) oraz funkcje dodatkowe<br \/>\n<b>\u2022 sygnalizacja stanu centrali:<\/b><br \/>\n&#8211; optyczna: stan wej\u015b\u0107, czuwania, alarmu, awarii, zasilania centrali<br \/>\n&#8211; akustyczna i\/lub optyczna poprzez wyj\u015bcia alarmowe: O1-O3<br \/>\n&#8211; zdalny nadz\u00f3r poprzez wyj\u015bcia techniczne O4-O6<br \/>\n&#8211; akustycznie poprzez wyj\u015bcie O2- za\u0142\u0105czenie\/wy\u0142\u0105czenie czuwanie i naruszenie wej\u015b\u0107 po czasie na wyj\u015bcie<br \/>\n<b>\u2022 sterowanie central\u0105:<\/b><br \/>\n&#8211; zdalnie poprzez piloty radiowe (PCR6-RF): za\u0142\u0105cz\/wy\u0142\u0105cz czuwanie, kasowanie alarmu, blokowanie naruszonych wej\u015b\u0107 (kodowana transmisja, odbiornik superheterodynowy)<br \/>\n&#8211; zdalnie poprzez wej\u015bcie ARM (PCR6-RFR, PCR6): za\u0142\u0105cz\/wy\u0142\u0105cz czuwanie, kasowanie alarmu<br \/>\n(programowany tryb sterowania: impulsem (monostabilne) lub zmian\u0105 stanu wej\u015bcia (bistabilne)<br \/>\n<b>\u2022 zasilacz centrali:<\/b><br \/>\n&#8211; wbudowany zasilacz impulsowy o wydajno\u015bci 1,3A z uk\u0142adem kontroli i \u0142adowania akumulatora zasilania awaryjnego (7Ah\/12V)<br \/>\n&#8211; zabezpieczenie przeciwzwarciowe, przeci\u0105\u017ceniowe, przed odwrotna polaryzacj\u0105 akumulatora, przed nadmiernym roz\u0142adowaniem akumulatora<br \/>\n<b>\u2022 obudowa centrali:<\/b><br \/>\n&#8211; metalowa obudowa z sygnalizacj\u0105 optyczn\u0105 na przednim panelu (9x LED), mikroprze\u0142\u0105cznik sygnalizacji otwarcia obudowy, miejsce na akumulator 7Ah\/12V.<\/p>\n","protected":false},"excerpt":{"rendered":"<p>CENTRALA ALARMOWA ZE STEROWANIEM RADIOWYM 6 wej\u015b\u0107, 6 wyj\u015b\u0107, sterowanie: piloty radiowe i\/lub wej\u015bciem ARM, metalowa obudowa z sygnalizacj\u0105 optyczn\u0105 na przednim panelu (9x LED), zasilanie: 230V\/AC, akumulator 7Ah\/12V Centrala PCR6-RF jest nowoczesn\u0105 mikroprocesorowa konstrukcj\u0105, w kt\u00f3rej po\u0142\u0105czono profesjonalne rozwi\u0105zania z szybka i prost\u0105 konfiguracja oraz \u0142atw\u0105 obs\u0142ug\u0105. Przeznaczona jest dla ma\u0142ych system\u00f3w alarmowych, instalowanych [&hellip;]<\/p>\n","protected":false},"featured_media":11642,"comment_status":"open","ping_status":"closed","template":"","meta":{"_acf_changed":false,"rank_math_lock_modified_date":false,"inline_featured_image":false},"product_cat":[603],"product_tag":[],"class_list":{"0":"post-8298","1":"product","2":"type-product","3":"status-publish","4":"has-post-thumbnail","6":"product_cat-centrale-alarmowe-archiwum","8":"first","9":"outofstock","10":"product-type-simple"},"acf":[],"_links":{"self":[{"href":"https:\/\/ropam.com.pl\/wsparcie\/wp-json\/wp\/v2\/product\/8298","targetHints":{"allow":["GET"]}}],"collection":[{"href":"https:\/\/ropam.com.pl\/wsparcie\/wp-json\/wp\/v2\/product"}],"about":[{"href":"https:\/\/ropam.com.pl\/wsparcie\/wp-json\/wp\/v2\/types\/product"}],"replies":[{"embeddable":true,"href":"https:\/\/ropam.com.pl\/wsparcie\/wp-json\/wp\/v2\/comments?post=8298"}],"wp:featuredmedia":[{"embeddable":true,"href":"https:\/\/ropam.com.pl\/wsparcie\/wp-json\/wp\/v2\/media\/11642"}],"wp:attachment":[{"href":"https:\/\/ropam.com.pl\/wsparcie\/wp-json\/wp\/v2\/media?parent=8298"}],"wp:term":[{"taxonomy":"product_cat","embeddable":true,"href":"https:\/\/ropam.com.pl\/wsparcie\/wp-json\/wp\/v2\/product_cat?post=8298"},{"taxonomy":"product_tag","embeddable":true,"href":"https:\/\/ropam.com.pl\/wsparcie\/wp-json\/wp\/v2\/product_tag?post=8298"}],"curies":[{"name":"wp","href":"https:\/\/api.w.org\/{rel}","templated":true}]}}