{"id":8295,"date":"2018-04-15T15:31:48","date_gmt":"2018-04-15T13:31:48","guid":{"rendered":"https:\/\/ropam.com.pl\/wsparcie\/produkt\/neo-ps-2\/"},"modified":"2024-12-27T09:03:29","modified_gmt":"2024-12-27T08:03:29","slug":"neo-ps-2","status":"publish","type":"product","link":"https:\/\/ropam.com.pl\/wsparcie\/neo-ps-2\/","title":{"rendered":"NEO-PS"},"content":{"rendered":"<p><b>CENTRALA ALARMOWA Z KOMUNIKACJ\u0104 GSM<\/b><\/p>\n<p>8 numer\u00f3w telefonu, 8-20 wej\u015b\u0107, 8-12 wyj\u015b\u0107, SMS\/VOICE\/CLIP\/RING, MMS\/E-MAIL*, <strong>zasilanie 17\u00f720V\/AC lub 20\u00f730V\/DC,<\/strong> wbudowany telefon przemys\u0142owy, skalowalna centrala alarmowa, obs\u0142uga paneli dotykowych TPR-1\/TPR-1F NEO, pomiar i rejestracja dw\u00f3ch temperatur &#8216;termostat&#8217;, wej\u015bcie analogowe 0-10V<\/p>\n<p>Centrala alarmowa NEO\/NEO-PS wraz z urz\u0105dzeniami peryferyjnymi to rozwi\u0105zanie integruj\u0105ce elektroniczny system sygnalizacji w\u0142amania i automatyk\u0119 domow\u0105. Wbudowany komunikator GSM pozwala na zdaln\u0105 kontrol\u0119 i sterowanie systemem. Dzi\u0119ki modu\u0142owej konstrukcji system mo\u017ce by\u0107 rozbudowany i dostosowywany do zmieniaj\u0105cych si\u0119 potrzeb u\u017cytkownika.<\/p>\n<p>Centrala posiada unikalne funkcje w por\u00f3wnaniu do konkurencyjnych produkt\u00f3w i jest najbardziej funkcjonalnym systemem na rynku w swojej klasie mi.in.:<br \/>\n&#8211; mo\u017cliwo\u015b\u0107 sterowania za pomoc\u0105 aplikacji RopamDroid dla smatrfon\u00f3w z systemem Android,<br \/>\n&#8211; elastyczna kontrola czuwania: panele dotykowe, SMS, wej\u015bcie systemu, piloty radiowe ( RF-4), zgodnie z wymaganiami obecnych instalacji: &#8216;od stanu surowego po rezydencj\u0119&#8221;,<br \/>\n&#8211; obs\u0142uga paneli dotykowych; wersja natynkowa TRP-1 i podtynkowa TPR-1F,<br \/>\n&#8211; weryfikacja wizualn\u0105 stanu obiektu: modu\u0142 FGR-4 do przesy\u0142ania wiadomo\u015bci MMS\/E-MAIL ze zdj\u0119ciami z kamer przemys\u0142owych,<br \/>\n&#8211; syntetyzer mowy VSR-2, pozwalaj\u0105cy na przes\u0142anie 16 komunikat\u00f3w g\u0142osowych zawieraj\u0105cych unikalne informacje o zdarzeniu (VOICE) lub VSR-1, pozwalaj\u0105cy na przes\u0142anie komunikatu g\u0142osowego (VOICE),<br \/>\n&#8211; modu\u0142 audio AMR-1 (mikrofon), pozwalaj\u0105cy na pods\u0142uch obiektu i weryfikacj\u0119 audio,<br \/>\n&#8211; bramka VAR-1 i modu\u0142 FGR-4 do integracji z wideodomofonem, integracja pozwala na rozmow\u0119 telefoniczn\u0105 pomi\u0119dzy bramofonem a telefonem kom\u00f3rkowym oraz na wysy\u0142anie zdj\u0119\u0107 w formacie MMS,<br \/>\n&#8211; integracja audio z domofonami i interkomami,<br \/>\n&#8211; czujniki temperatury TSR-1, s\u0142u\u017c\u0105ce do kontroli i rejestracji temperatury oraz funkcji termostatu,<br \/>\n&#8211; sterownik radiowy\u00a0 RF-4\u00a0 do sterowania czuwaniem i wyj\u015bciami (4) poprzez piloty radiowe,<br \/>\n&#8211; zasilacz systemowy 12V 50W o wysokiej sprawno\u015bci,<br \/>\n&#8211; wej\u015bcie analogowe AI 0-10V do kontroli parametr\u00f3w fizycznych np. napi\u0119cie baterii , wilgotno\u015b\u0107 [%RH], temperatura itd.<\/p>\n<p><b>W\u0141A\u015aCIWO\u015aCI:<\/b><\/p>\n<ul>\n<li>\u00a0obs\u0142uga aplikacji RopamDroid do sterowania z\u00a0 telefonu opartego o system Android (komunikacja SMS),<\/li>\n<li>\u00a0obs\u0142uga odbiornika radiowego RF-4\u00a0 do sterowania czuwaniem i wyj\u015bciami (4) poprzez piloty radiowe,<\/li>\n<li>\u00a0wbudowany modem GSM\/DCS\/EGSM bez SIMLOCK-a<\/li>\n<li>\u00a0konstrukcja i funkcje zgodne z PN-EN 50131-3, stopie\u0144 2 (pe\u0142ny komplet)<\/li>\n<li>\u00a0modu\u0142owa i skalowalna centrala alarmowa z funkcjami automatyki domowej<\/li>\n<li>\u00a0jedna strefa g\u0142\u00f3wna oraz strefa wewn\u0119trzna NOC<\/li>\n<li>\u00a0elastyczna kontrola czuwania: panele dotykowe, SMS, stan systemu, piloty radiowe ( RF-4\/4C)<\/li>\n<li>\u00a0obs\u0142uga paneli dotykowych TPR-xx<\/li>\n<li>\u00a08 numer\u00f3w telefonu, powiadomienie i sterowanie<\/li>\n<li>\u00a08-20 wej\u015b\u0107, rozbudowa poprzez panele dotykowe oraz ekspande EXP-I8<\/li>\n<li>\u00a0konfiguracja pracy 2EOL\/NC, 2EOL\/NO, EOL, NC, NO<\/li>\n<li>\u00a0AI wej\u015bcie analogowe 0-10V ze skalowaniem do warto\u015bci fizycznej (np. temp=\u00b0C, RH=%, p=kPa)<\/li>\n<li>\u00a0wsp\u00f3\u0142praca z modu\u0142em 8 wej\u015b\u0107\u00a0 EXP-I8<\/li>\n<li>\u00a08-12 sterowanych wyj\u015b\u0107 poprzez stan systemu, SMS, CLIP, panele dotykowe (automatyka domowa)<\/li>\n<li>\u00a0O1 i O2 wyj\u015bcia 12VDC\/1A z zabezpieczeniem zwarciowym, przeci\u0105\u017ceniowym, temperaturowy i kontrol\u0105 obci\u0105\u017cenia,<\/li>\n<li>\u00a0O3-O8 wyj\u015bcia OC 100mA.<\/li>\n<li>\u00a0AUX i KB wyj\u015bcia zasilania 12V\/1A z pe\u0142nym, elektronicznym zabezpieczeniem,<\/li>\n<li>\u00a0transmisja z wej\u015b\u0107 SMS\/VOICE\/CLIP\/MMS\/E-MAIL<\/li>\n<li>\u00a0transmisja SMS\/VOICE\/CLIP przy zmianie stanu wyj\u015b\u0107,<\/li>\n<li>\u00a0KeyGSM: funkcja sterowania wyj\u015bciami poprzez identyfikacj\u0119 numeru telefonu (CallerID tzw, CLIP)<\/li>\n<li>\u00a0dowolne SMS-y i komunikaty VOICE (VSR-2) przy zdarzeniach w systemie: wej\u015bcia, wyj\u015bcia, temp.<\/li>\n<li>\u00a0transmisja MMS\/E-MAIL ze zdj\u0119ciami\u00a0 z kamer CCTV, wideodomofon\u00f3w; wideo weryfikacja zdarze\u0144, funkcja fotopu\u0142apki<\/li>\n<li>\u00a0integracja audio z wideodomofonami<\/li>\n<li>\u00a0integracja audio z\u00a0 domofonami i interkomami<\/li>\n<li>\u00a0dwukierunkowy system audio, pods\u0142uch obiektu<\/li>\n<li>\u00a0pomiar i rejestracja temperatury z dw\u00f3ch czujnik\u00f3w TSR-1, dwa niezale\u017cne\u00a0 termostaty na 4 wyj\u015bciach<\/li>\n<li>\u00a0funkcje logiczne wej\u015bcia\/wyj\u015bcia-&gt;wyj\u015bcia IO\/O: AND, OR, NOR, XOR<\/li>\n<li>\u00a0zegar RTC z podtrzymaniem bateryjnym<\/li>\n<li>\u00a04 timery 24h do sterowania czuwaniem i wyj\u015bciami<\/li>\n<li>\u00a0funkcja testu \u0142\u0105czno\u015bci: SMS, SMS STAN, CLIP, MMS<\/li>\n<li>\u00a0optyczna sygnalizacja pracy i zasi\u0119gu GSM<\/li>\n<li>\u00a0pami\u0119\u0107 zdarze\u0144; 1000 zdarze\u0144 z nadpisywaniem<\/li>\n<li>\u00a0funkcje ograniczenia koszt\u00f3w i ilo\u015bci transmisji<\/li>\n<li>\u00a0obs\u0142uga kod\u00f3w USSD (kontrola kart pre-paid)<\/li>\n<li>\u00a0TerminalSMS: funkcja transmisji SMS poprzez port RS232TTL z urz\u0105dze\u0144 DTE (PLC, kontrolery itp.) bez komend #AT, kody ASCI, NEO pracuje jak modem, terminal GSM (DCE), wyzwalanie funkcji: wej\u015bcie I8<\/li>\n<li>\u00a0blokowa konstrukcja z niezale\u017cn\u0105 kontrol\u0105 poszczeg\u00f3lnych blok\u00f3w funkcyjnych: zasilanie, modem GSM, mikrokontroler,<\/li>\n<li>\u00a0zasilanie NEO-PS: wbudowany zasilacz buforowy zasilany z napi\u0119cia 17\u00f720V\/AC lub 20\u00f730V\/DC (II klasa izolacji), kontrola napi\u0119cia AC, DC, akumulatora oraz\u00a0 dynamiczny test akumulatora.<\/li>\n<li>\u00a0mo\u017cliwo\u015b\u0107 zasilania z alternatywnego \u017ar\u00f3d\u0142a zasilania 24V\/DC oraz praca jako przetwornik napi\u0119cia 24V\/DC na 12V\/DC.<\/li>\n<li>\u00a0mo\u017cliwo\u015b\u0107 zasilania z alternatywnego \u017ar\u00f3d\u0142a zasilania; akumulator, baterie s\u0142oneczne, turbiny wiatrowe.<\/li>\n<\/ul>\n<p><b>ZASTOSOWANIE:<\/b><br \/>\n\u2022 elektroniczne systemy sygnalizacja w\u0142amania,<br \/>\n\u2022 systemy automatyki domowej,<br \/>\n\u2022 systemy kontroli i sterowania poprzez siec GSM,<br \/>\n\u2022 systemy transmisji MMS-\u00f3w z system\u00f3w CCTV<br \/>\n\u2022 systemy kontroli i nadzoru temperatury,<br \/>\n\u2022 systemy kontroli dost\u0119pu,<br \/>\n\u2022 transmisja i sterowanie procesami,<br \/>\n\u2022 integracja z wideodomofonami: audio+ MMS-y,<br \/>\n\u2022 integracja z domofonami: audio.<\/p>\n<p><strong>Zestaw zawiera<\/strong>: NEO-PS z modemem GSM, konektor antenowy, 4 ko\u0142ki samoprzylepne , CD z oprogramowaniem, instrukcja obs\u0142ugi<\/p>\n","protected":false},"excerpt":{"rendered":"<p>CENTRALA ALARMOWA Z KOMUNIKACJ\u0104 GSM 8 numer\u00f3w telefonu, 8-20 wej\u015b\u0107, 8-12 wyj\u015b\u0107, SMS\/VOICE\/CLIP\/RING, MMS\/E-MAIL*, zasilanie 17\u00f720V\/AC lub 20\u00f730V\/DC, wbudowany telefon przemys\u0142owy, skalowalna centrala alarmowa, obs\u0142uga paneli dotykowych TPR-1\/TPR-1F NEO, pomiar i rejestracja dw\u00f3ch temperatur &#8216;termostat&#8217;, wej\u015bcie analogowe 0-10V Centrala alarmowa NEO\/NEO-PS wraz z urz\u0105dzeniami peryferyjnymi to rozwi\u0105zanie integruj\u0105ce elektroniczny system sygnalizacji w\u0142amania i automatyk\u0119 domow\u0105. [&hellip;]<\/p>\n","protected":false},"featured_media":11638,"comment_status":"open","ping_status":"closed","template":"","meta":{"_acf_changed":false,"rank_math_lock_modified_date":false,"inline_featured_image":false},"product_cat":[603],"product_tag":[],"class_list":{"0":"post-8295","1":"product","2":"type-product","3":"status-publish","4":"has-post-thumbnail","6":"product_cat-centrale-alarmowe-archiwum","8":"first","9":"outofstock","10":"product-type-simple"},"acf":[],"_links":{"self":[{"href":"https:\/\/ropam.com.pl\/wsparcie\/wp-json\/wp\/v2\/product\/8295","targetHints":{"allow":["GET"]}}],"collection":[{"href":"https:\/\/ropam.com.pl\/wsparcie\/wp-json\/wp\/v2\/product"}],"about":[{"href":"https:\/\/ropam.com.pl\/wsparcie\/wp-json\/wp\/v2\/types\/product"}],"replies":[{"embeddable":true,"href":"https:\/\/ropam.com.pl\/wsparcie\/wp-json\/wp\/v2\/comments?post=8295"}],"wp:featuredmedia":[{"embeddable":true,"href":"https:\/\/ropam.com.pl\/wsparcie\/wp-json\/wp\/v2\/media\/11638"}],"wp:attachment":[{"href":"https:\/\/ropam.com.pl\/wsparcie\/wp-json\/wp\/v2\/media?parent=8295"}],"wp:term":[{"taxonomy":"product_cat","embeddable":true,"href":"https:\/\/ropam.com.pl\/wsparcie\/wp-json\/wp\/v2\/product_cat?post=8295"},{"taxonomy":"product_tag","embeddable":true,"href":"https:\/\/ropam.com.pl\/wsparcie\/wp-json\/wp\/v2\/product_tag?post=8295"}],"curies":[{"name":"wp","href":"https:\/\/api.w.org\/{rel}","templated":true}]}}