{"id":8289,"date":"2025-12-27T15:31:48","date_gmt":"2025-12-27T14:31:48","guid":{"rendered":"https:\/\/ropam.com.pl\/wsparcie\/produkt\/at-gsm-wall20-2\/"},"modified":"2026-02-03T12:43:54","modified_gmt":"2026-02-03T11:43:54","slug":"at-gsm-wall20","status":"publish","type":"product","link":"https:\/\/ropam.com.pl\/wsparcie\/at-gsm-wall20\/","title":{"rendered":"AT-GSM-WALL20"},"content":{"rendered":"<h3 style=\"text-align: center;\"><span style=\"font-size: 36pt;\">AT-GSM-WALL20<\/span><\/h3>\n<p style=\"text-align: center;\"><span style=\"font-size: 14pt;\">Antena GSM\/LTE\u00a0 z uchwytem , dedykowana do stacjonarnych aplikacji GSM\/GPRS\/LTE. Antena przeznaczona do u\u017cytku wewn\u0119trznego i zewn\u0119trznego (\u015bciana, maszt itp.), antena p\u00f3\u0142falowa ( antena \u00bd fali).<\/span><\/p>\n<p style=\"text-align: center;\"><img loading=\"lazy\" decoding=\"async\" class=\"wp-image-9899 aligncenter\" src=\"https:\/\/ropam.com.pl\/wsparcie\/wp-content\/uploads\/2018\/04\/at-gsm-wall_1-scaled.jpg\" alt=\"\" width=\"190\" height=\"355\" srcset=\"https:\/\/ropam.com.pl\/wsparcie\/wp-content\/uploads\/2018\/04\/at-gsm-wall_1-scaled.jpg 1371w, https:\/\/ropam.com.pl\/wsparcie\/wp-content\/uploads\/2018\/04\/at-gsm-wall_1-161x300.jpg 161w, https:\/\/ropam.com.pl\/wsparcie\/wp-content\/uploads\/2018\/04\/at-gsm-wall_1-548x1024.jpg 548w, https:\/\/ropam.com.pl\/wsparcie\/wp-content\/uploads\/2018\/04\/at-gsm-wall_1-768x1434.jpg 768w, https:\/\/ropam.com.pl\/wsparcie\/wp-content\/uploads\/2018\/04\/at-gsm-wall_1-822x1536.jpg 822w, https:\/\/ropam.com.pl\/wsparcie\/wp-content\/uploads\/2018\/04\/at-gsm-wall_1-1097x2048.jpg 1097w, https:\/\/ropam.com.pl\/wsparcie\/wp-content\/uploads\/2018\/04\/at-gsm-wall_1-300x560.jpg 300w, https:\/\/ropam.com.pl\/wsparcie\/wp-content\/uploads\/2018\/04\/at-gsm-wall_1-600x1121.jpg 600w, https:\/\/ropam.com.pl\/wsparcie\/wp-content\/uploads\/2018\/04\/at-gsm-wall_1-32x60.jpg 32w\" sizes=\"auto, (max-width: 190px) 100vw, 190px\" \/><\/p>\n<p><span style=\"font-size: 14pt;\"><strong style=\"color: #07acf2; font-family: 'arial black', sans-serif;\">W\u0142a\u015bciwo\u015bci\u00a0<\/strong><\/span><\/p>\n<p><span style=\"font-family: georgia, palatino, serif; font-size: 12pt;\"><strong><span style=\"color: #000000;\">\u00bb <\/span><\/strong>Cz\u0119stotliwo\u015b\u0107: 900\/1800\/2100 MHz<\/span><br \/>\n<span style=\"font-family: georgia, palatino, serif; font-size: 12pt;\"><strong><span style=\"color: #000000;\">\u00bb <\/span><\/strong>Monta\u017c: uchwyt monta\u017cowy<\/span><br \/>\n<span style=\"font-family: georgia, palatino, serif; font-size: 12pt;\"><strong><span style=\"color: #000000;\">\u00bb <\/span><\/strong>Z\u0142\u0105cze: SMAm, kabel LMR195-20 m (niskostratny)<\/span><br \/>\n<span style=\"font-family: georgia, palatino, serif; font-size: 12pt;\"><strong><span style=\"color: #000000;\">\u00bb <\/span><\/strong>Zysk: 0- 2,15 dBi ( antena \u00bd fali)<\/span><br \/>\n<span style=\"font-family: georgia, palatino, serif; font-size: 12pt;\"><strong><span style=\"color: #000000;\">\u00bb <\/span><\/strong>VSWR &lt;1.5<\/span><br \/>\n<span style=\"font-family: georgia, palatino, serif; font-size: 12pt;\"><strong><span style=\"color: #000000;\">\u00bb <\/span><\/strong>Impedancja: 50 \u03a9<\/span><br \/>\n<span style=\"font-family: georgia, palatino, serif; font-size: 12pt;\"><strong><span style=\"color: #000000;\">\u00bb <\/span><\/strong>Polaryzacja: pionowa<\/span><br \/>\n<span style=\"font-family: georgia, palatino, serif; font-size: 12pt;\"><strong><span style=\"color: #000000;\">\u00bb <\/span><\/strong>Wymiary anteny: 240x113x30 [mm]<\/span><br \/>\n<span style=\"font-family: georgia, palatino, serif; font-size: 12pt;\"><strong><span style=\"color: #000000;\">\u00bb <\/span><\/strong>Kolor: czarny, stalowy<br \/>\n<\/span><span style=\"font-family: georgia, palatino, serif; font-size: 12pt;\"><strong><span style=\"color: #000000;\">\u00bb <\/span><\/strong>Temp. pracy: -30\u00b0C \u00f7 85\u00b0C<\/span><br \/>\n<span style=\"font-family: georgia, palatino, serif; font-size: 12pt;\"><strong><span style=\"color: #000000;\">\u00bb <\/span><\/strong><span style=\"color: #000000;\">Zastosowanie<\/span>: antena do urz\u0105dze\u0144 GSM\/LTE (2G\/4G)<\/span><\/p>\n<p style=\"text-align: center;\">\n","protected":false},"excerpt":{"rendered":"<p><span style=\"font-size: 14pt;\">Antena GSM\/LTE, 20m kabla, do sta\u0142ego monta\u017cu.<\/span><\/p>\n","protected":false},"featured_media":9586,"comment_status":"open","ping_status":"closed","template":"","meta":{"_acf_changed":false,"rank_math_lock_modified_date":false,"inline_featured_image":false},"product_cat":[436],"product_tag":[631],"class_list":{"0":"post-8289","1":"product","2":"type-product","3":"status-publish","4":"has-post-thumbnail","6":"product_cat-anteny-gsm-lte","7":"product_tag-gsm-lte-antenna","9":"first","10":"instock","11":"taxable","12":"shipping-taxable","13":"purchasable","14":"product-type-simple"},"acf":[],"_links":{"self":[{"href":"https:\/\/ropam.com.pl\/wsparcie\/wp-json\/wp\/v2\/product\/8289","targetHints":{"allow":["GET"]}}],"collection":[{"href":"https:\/\/ropam.com.pl\/wsparcie\/wp-json\/wp\/v2\/product"}],"about":[{"href":"https:\/\/ropam.com.pl\/wsparcie\/wp-json\/wp\/v2\/types\/product"}],"replies":[{"embeddable":true,"href":"https:\/\/ropam.com.pl\/wsparcie\/wp-json\/wp\/v2\/comments?post=8289"}],"wp:featuredmedia":[{"embeddable":true,"href":"https:\/\/ropam.com.pl\/wsparcie\/wp-json\/wp\/v2\/media\/9586"}],"wp:attachment":[{"href":"https:\/\/ropam.com.pl\/wsparcie\/wp-json\/wp\/v2\/media?parent=8289"}],"wp:term":[{"taxonomy":"product_cat","embeddable":true,"href":"https:\/\/ropam.com.pl\/wsparcie\/wp-json\/wp\/v2\/product_cat?post=8289"},{"taxonomy":"product_tag","embeddable":true,"href":"https:\/\/ropam.com.pl\/wsparcie\/wp-json\/wp\/v2\/product_tag?post=8289"}],"curies":[{"name":"wp","href":"https:\/\/api.w.org\/{rel}","templated":true}]}}