{"id":8281,"date":"2025-12-24T15:31:48","date_gmt":"2025-12-24T14:31:48","guid":{"rendered":"https:\/\/ropam.com.pl\/wsparcie\/produkt\/at-gsm-log-ec-2\/"},"modified":"2026-03-19T10:16:12","modified_gmt":"2026-03-19T09:16:12","slug":"at-gsm-log-ec","status":"publish","type":"product","link":"https:\/\/ropam.com.pl\/wsparcie\/at-gsm-log-ec\/","title":{"rendered":"AT-GSM-LOG-EC"},"content":{"rendered":"<h3 style=\"text-align: center;\"><span style=\"font-size: 36pt;\">AT-GSM-LOG-EC<\/span><\/h3>\n<p style=\"text-align: center;\"><span style=\"font-size: 14pt;\">ANTENA GSM\/LTE do sta\u0142ego monta\u017cu (\u015bciana, maszt) w komplecie uchwyt ze stali, antena typu YAGI.<\/span><\/p>\n<p>&nbsp;<\/p>\n<p style=\"text-align: center;\"><img loading=\"lazy\" decoding=\"async\" class=\"wp-image-10030 aligncenter\" src=\"https:\/\/ropam.com.pl\/wsparcie\/wp-content\/uploads\/2018\/04\/atgsmlogec_1.1378727652-5.png\" alt=\"\" width=\"314\" height=\"186\" srcset=\"https:\/\/ropam.com.pl\/wsparcie\/wp-content\/uploads\/2018\/04\/atgsmlogec_1.1378727652-5.png 500w, https:\/\/ropam.com.pl\/wsparcie\/wp-content\/uploads\/2018\/04\/atgsmlogec_1.1378727652-5-300x178.png 300w, https:\/\/ropam.com.pl\/wsparcie\/wp-content\/uploads\/2018\/04\/atgsmlogec_1.1378727652-5-60x36.png 60w\" sizes=\"auto, (max-width: 314px) 100vw, 314px\" \/><\/p>\n<p><span style=\"font-size: 14pt;\"><strong style=\"color: #07acf2; font-family: 'arial black', sans-serif;\">W\u0142a\u015bciwo\u015bci<br \/>\n<\/strong><\/span><span style=\"font-size: 12pt;\"><span style=\"color: #000000;\">\u00bb Antena GSM\/LTE (2G\/4G\/5G)\u00a0 kierunkowa, zewn\u0119trzna<br \/>\n<\/span><span style=\"color: #000000;\">\u00bb Cz\u0119stotliwo\u015b\u0107: 900\/1800\/2100\/2600\/3600 MHz (700~960\/1650~2690\/ 2700~3800\/3800~6000MHz)<\/span><\/span><br \/>\n<span style=\"font-size: 12pt;\"><span style=\"color: #000000;\">\u00bb <\/span>Zysk: 5.5~8.5dBi\/9.1~11dBi\/7.6~8.8dBi \/6.6~8.1dBi<\/span><br \/>\n<span style=\"font-size: 12pt;\"><span style=\"color: #000000;\">\u00bb <\/span>Antena kierunkowa, zewn\u0119trzna<\/span><br \/>\n<span style=\"font-size: 12pt;\"><span style=\"color: #000000;\">\u00bb <\/span>VSWR: &lt; 1,5<\/span><br \/>\n<span style=\"font-size: 12pt;\"><span style=\"color: #000000;\">\u00bb P<\/span>olaryzacja:H:90\u00b0m V:50\u00b0<\/span><br \/>\n<span style=\"font-size: 12pt;\"><span style=\"color: #000000;\">\u00bb <\/span>Impedancja: 50\u03a9, P: 50W (max)<\/span><br \/>\n<span style=\"font-size: 12pt;\"><span style=\"color: #000000;\">\u00bb W<\/span>ymiary; 29,5 x 20,8 x 6,4 [cm]<\/span><br \/>\n<span style=\"font-size: 12pt;\">\u00bb Temp. pracy: -40\u00b0C \u00f7 70\u00b0C<\/span><br \/>\n<span style=\"font-size: 12pt;\"><span style=\"color: #000000;\">\u00bb <\/span>Kabel LMR240\/H155-10m, z\u0142\u0105cze SMAm<\/span><br \/>\n<span style=\"font-size: 12pt;\"><span style=\"color: #000000;\">\u00bb <\/span>Kolor: bia\u0142y\/stalowy, kabel -czarny<\/span><br \/>\n<span style=\"font-size: 12pt;\"><span style=\"color: #000000;\">\u00bb <\/span>Os\u0142ona promiennika &#8211; stabilno\u015b\u0107 pracy bez wzgl\u0119du na warunki atmosferyczne<\/span><br \/>\n<span style=\"font-size: 12pt;\"><span style=\"color: #000000;\">\u00bb <\/span>Do zastosowania zewn\u0119trznego \u00a0monta\u017c na \u015bcianach, masztach<\/span><\/p>\n<p><span style=\"font-size: 12pt;\">Na zam\u00f3wienie: inne d\u0142ugo\u015bci przewodu koncentrycznego i z\u0142\u0105cze: d\u0142ugo\u015b\u0107&lt;10m wykonanie RG58, \u00a0d\u0142ugo\u015b\u0107&gt;10m wykonanie LMR240\/H155 (maks. 40 mb).<\/span><\/p>\n<p style=\"text-align: center;\">\n","protected":false},"excerpt":{"rendered":"<p><span style=\"font-size: 14pt;\">Antena GSM\/LTE kierunkowa, zewn\u0119trzna, YAGI.<\/span><\/p>\n","protected":false},"featured_media":10030,"comment_status":"open","ping_status":"closed","template":"","meta":{"_acf_changed":false,"rank_math_lock_modified_date":false,"inline_featured_image":false},"product_cat":[436],"product_tag":[],"class_list":{"0":"post-8281","1":"product","2":"type-product","3":"status-publish","4":"has-post-thumbnail","6":"product_cat-anteny-gsm-lte","8":"first","9":"instock","10":"taxable","11":"shipping-taxable","12":"purchasable","13":"product-type-simple"},"acf":[],"_links":{"self":[{"href":"https:\/\/ropam.com.pl\/wsparcie\/wp-json\/wp\/v2\/product\/8281","targetHints":{"allow":["GET"]}}],"collection":[{"href":"https:\/\/ropam.com.pl\/wsparcie\/wp-json\/wp\/v2\/product"}],"about":[{"href":"https:\/\/ropam.com.pl\/wsparcie\/wp-json\/wp\/v2\/types\/product"}],"replies":[{"embeddable":true,"href":"https:\/\/ropam.com.pl\/wsparcie\/wp-json\/wp\/v2\/comments?post=8281"}],"wp:featuredmedia":[{"embeddable":true,"href":"https:\/\/ropam.com.pl\/wsparcie\/wp-json\/wp\/v2\/media\/10030"}],"wp:attachment":[{"href":"https:\/\/ropam.com.pl\/wsparcie\/wp-json\/wp\/v2\/media?parent=8281"}],"wp:term":[{"taxonomy":"product_cat","embeddable":true,"href":"https:\/\/ropam.com.pl\/wsparcie\/wp-json\/wp\/v2\/product_cat?post=8281"},{"taxonomy":"product_tag","embeddable":true,"href":"https:\/\/ropam.com.pl\/wsparcie\/wp-json\/wp\/v2\/product_tag?post=8281"}],"curies":[{"name":"wp","href":"https:\/\/api.w.org\/{rel}","templated":true}]}}