{"id":8276,"date":"2018-04-15T15:31:48","date_gmt":"2018-04-15T13:31:48","guid":{"rendered":"https:\/\/ropam.com.pl\/wsparcie\/produkt\/o-r4d\/"},"modified":"2025-12-22T11:03:39","modified_gmt":"2025-12-22T10:03:39","slug":"o-r4d","status":"publish","type":"product","link":"https:\/\/ropam.com.pl\/wsparcie\/o-r4d\/","title":{"rendered":"O-R4D"},"content":{"rendered":"<h3 style=\"text-align: center;\"><span style=\"font-size: 36pt;\"><b>O-R4D<\/b><\/span><\/h3>\n<p style=\"text-align: center;\">Obudowa natynkowa, metalowa.<\/p>\n<p>&nbsp;<\/p>\n<p style=\"text-align: center;\"><img loading=\"lazy\" decoding=\"async\" class=\"wp-image-9865 aligncenter\" src=\"https:\/\/ropam.com.pl\/wsparcie\/wp-content\/uploads\/2018\/04\/OR4D.png\" alt=\"\" width=\"403\" height=\"268\" srcset=\"https:\/\/ropam.com.pl\/wsparcie\/wp-content\/uploads\/2018\/04\/OR4D.png 5456w, https:\/\/ropam.com.pl\/wsparcie\/wp-content\/uploads\/2018\/04\/OR4D-300x200.png 300w, https:\/\/ropam.com.pl\/wsparcie\/wp-content\/uploads\/2018\/04\/OR4D-1024x682.png 1024w, https:\/\/ropam.com.pl\/wsparcie\/wp-content\/uploads\/2018\/04\/OR4D-768x511.png 768w, https:\/\/ropam.com.pl\/wsparcie\/wp-content\/uploads\/2018\/04\/OR4D-1536x1022.png 1536w, https:\/\/ropam.com.pl\/wsparcie\/wp-content\/uploads\/2018\/04\/OR4D-2048x1363.png 2048w, https:\/\/ropam.com.pl\/wsparcie\/wp-content\/uploads\/2018\/04\/OR4D-600x399.png 600w, https:\/\/ropam.com.pl\/wsparcie\/wp-content\/uploads\/2018\/04\/OR4D-60x40.png 60w\" sizes=\"auto, (max-width: 403px) 100vw, 403px\" \/><\/p>\n<p style=\"text-align: left;\"><strong style=\"color: #07acf2; font-family: 'arial black', sans-serif;\"><span style=\"font-size: 14pt;\">Kompatybilno\u015b\u0107 :<\/span><\/strong><\/p>\n<p style=\"text-align: left;\"><span style=\"font-size: 12pt;\"><span style=\"color: #000000;\">\u00bb Centrale alarmowe z serii <strong>Neo-IP-64<\/strong> i\u00a0 <strong>Neo-IP<\/strong> (p\u0142yta PCB)<br \/>\n\u00bb Modu\u0142y komunikacyjne z serii <strong>Basic4G<\/strong>, <strong>BasicLTE<\/strong>, <strong>MultiLTE-RF<\/strong> (p\u0142yta PCB)<\/span><\/span><\/p>\n<p><span style=\"font-size: 14pt;\"><strong style=\"color: #07acf2; font-family: 'arial black', sans-serif;\">W\u0142a\u015bciwo\u015bci :<\/strong><\/span><br \/>\n<span style=\"color: #000000;\"><span style=\"font-size: 14pt;\">\u00bb <\/span><\/span>3 otwory dla konektor\u00f3w antenowych SMA &#8211; pozwala na monta\u017c anteny GSM, WIFI na obudowie<br \/>\n<span style=\"color: #000000;\"><span style=\"font-size: 14pt;\">\u00bb W<\/span><\/span>ymiary 325x305x95 \/ 320x300x90*[mm] (WxHxD)<br \/>\n<span style=\"color: #000000;\"><span style=\"font-size: 14pt;\">\u00bb M<\/span><\/span>iejsce dla akumulatora: 18Ah<br \/>\n<span style=\"color: #000000;\"><span style=\"font-size: 14pt;\">\u00bb T<\/span><\/span>amper &#8211; specjalny mikroprze\u0142\u0105cznik antysabota\u017cowy C\/NC ze z\u0142\u0105czami \u015brubowymi<br \/>\n<span style=\"color: #000000;\"><span style=\"font-size: 14pt;\">\u00bb T<\/span><\/span>amper &#8211; otwarcie i oderwanie od pod\u0142o\u017ca, spe\u0142nia wymagania normy PN-EN 50131, klasa 2<br \/>\n<span style=\"color: #000000;\"><span style=\"font-size: 14pt;\">\u00bb M<\/span><\/span>ateria\u0142: blacha stalowa 1mm, kolor jasnoszary (RAL7035)<br \/>\n<span style=\"color: #000000;\"><span style=\"font-size: 14pt;\">\u00bb Z<\/span><\/span>amykanie: skr\u0119cana x2<br \/>\n<span style=\"color: #000000;\"><span style=\"font-size: 14pt;\">\u00bb S<\/span><\/span>zyna DIN (TH35) do monta\u017cu zasilacza PSR-ECO<\/p>\n<h3 style=\"text-align: center;\"><span style=\"font-size: 24pt; color: #ff0000;\"><strong style=\"font-family: 'arial black', sans-serif;\">W PE\u0141NI POLSKI PRODUKT<\/strong><\/span><\/h3>\n<p style=\"text-align: center;\"><span style=\"font-size: 14pt;\">Ca\u0142y etap produkcji, od pomys\u0142u po wykonanie ko\u0144cowe oparte s\u0105 o autorskie rozwi\u0105zania oraz dog\u0142\u0119bn\u0105 analiz\u0119 potrzeb i trend\u00f3w na\u00a0 rynku.<\/span><\/p>\n<p style=\"text-align: center;\"><img loading=\"lazy\" decoding=\"async\" class=\"wp-image-9726 alignnone\" src=\"https:\/\/ropam.com.pl\/wsparcie\/wp-content\/uploads\/2018\/04\/Obraz1.png\" alt=\"\" width=\"354\" height=\"325\" srcset=\"https:\/\/ropam.com.pl\/wsparcie\/wp-content\/uploads\/2018\/04\/Obraz1.png 292w, https:\/\/ropam.com.pl\/wsparcie\/wp-content\/uploads\/2018\/04\/Obraz1-60x55.png 60w\" sizes=\"auto, (max-width: 354px) 100vw, 354px\" \/><\/p>\n","protected":false},"excerpt":{"rendered":"<p><span style=\"font-size: 14pt;\">Obudowa metalowa<\/span><\/p>\n","protected":false},"featured_media":9623,"comment_status":"open","ping_status":"closed","template":"","meta":{"_acf_changed":false,"rank_math_lock_modified_date":false,"inline_featured_image":false},"product_cat":[580],"product_tag":[],"class_list":{"0":"post-8276","1":"product","2":"type-product","3":"status-publish","4":"has-post-thumbnail","6":"product_cat-metalowe","8":"first","9":"instock","10":"taxable","11":"shipping-taxable","12":"purchasable","13":"product-type-simple"},"acf":[],"_links":{"self":[{"href":"https:\/\/ropam.com.pl\/wsparcie\/wp-json\/wp\/v2\/product\/8276","targetHints":{"allow":["GET"]}}],"collection":[{"href":"https:\/\/ropam.com.pl\/wsparcie\/wp-json\/wp\/v2\/product"}],"about":[{"href":"https:\/\/ropam.com.pl\/wsparcie\/wp-json\/wp\/v2\/types\/product"}],"replies":[{"embeddable":true,"href":"https:\/\/ropam.com.pl\/wsparcie\/wp-json\/wp\/v2\/comments?post=8276"}],"wp:featuredmedia":[{"embeddable":true,"href":"https:\/\/ropam.com.pl\/wsparcie\/wp-json\/wp\/v2\/media\/9623"}],"wp:attachment":[{"href":"https:\/\/ropam.com.pl\/wsparcie\/wp-json\/wp\/v2\/media?parent=8276"}],"wp:term":[{"taxonomy":"product_cat","embeddable":true,"href":"https:\/\/ropam.com.pl\/wsparcie\/wp-json\/wp\/v2\/product_cat?post=8276"},{"taxonomy":"product_tag","embeddable":true,"href":"https:\/\/ropam.com.pl\/wsparcie\/wp-json\/wp\/v2\/product_tag?post=8276"}],"curies":[{"name":"wp","href":"https:\/\/api.w.org\/{rel}","templated":true}]}}