{"id":8274,"date":"2018-04-15T15:31:48","date_gmt":"2018-04-15T13:31:48","guid":{"rendered":"https:\/\/ropam.com.pl\/wsparcie\/produkt\/am-22ah\/"},"modified":"2025-12-22T12:39:11","modified_gmt":"2025-12-22T11:39:11","slug":"am-22ah","status":"publish","type":"product","link":"https:\/\/ropam.com.pl\/wsparcie\/am-22ah\/","title":{"rendered":"AM 2,2Ah"},"content":{"rendered":"<h3 style=\"text-align: center;\"><strong><span style=\"font-size: 36pt;\">AM 2,2Ah<\/span><\/strong><\/h3>\n<p style=\"text-align: center;\">Akumulator\u00a0 AM 2,2Ah\/12V<\/p>\n<p style=\"text-align: center;\"><img loading=\"lazy\" decoding=\"async\" class=\"alignnone wp-image-9992 size-medium\" src=\"https:\/\/ropam.com.pl\/wsparcie\/wp-content\/uploads\/2018\/04\/AM-22Ah-e1763729905670-300x146.png\" alt=\"\" width=\"300\" height=\"146\" srcset=\"https:\/\/ropam.com.pl\/wsparcie\/wp-content\/uploads\/2018\/04\/AM-22Ah-e1763729905670-300x146.png 300w, https:\/\/ropam.com.pl\/wsparcie\/wp-content\/uploads\/2018\/04\/AM-22Ah-e1763729905670-768x374.png 768w, https:\/\/ropam.com.pl\/wsparcie\/wp-content\/uploads\/2018\/04\/AM-22Ah-e1763729905670-600x292.png 600w, https:\/\/ropam.com.pl\/wsparcie\/wp-content\/uploads\/2018\/04\/AM-22Ah-e1763729905670-60x29.png 60w, https:\/\/ropam.com.pl\/wsparcie\/wp-content\/uploads\/2018\/04\/AM-22Ah-e1763729905670.png 786w\" sizes=\"auto, (max-width: 300px) 100vw, 300px\" \/><\/p>\n<h3><span style=\"font-family: 'arial black', sans-serif; color: #07acf2;\"><strong>W\u0142a\u015bciwo\u015bci<\/strong><\/span><\/h3>\n<p>\u00bb Akumulator AGM<br \/>\n\u00bb\u00a0Wymiary: 60 x 178 x 34 (HxLxD)<br \/>\n\u00bb\u00a0Waga 0,94 kg<br \/>\n\u00bb\u00a0Dedykowany do obudowy O-R2, O-RH<\/p>\n","protected":false},"excerpt":{"rendered":"<p>AM 2,2Ah Akumulator\u00a0 AM 2,2Ah\/12V W\u0142a\u015bciwo\u015bci \u00bb Akumulator AGM \u00bb\u00a0Wymiary: 60 x 178 x 34 (HxLxD) \u00bb\u00a0Waga 0,94 kg \u00bb\u00a0Dedykowany do obudowy O-R2, O-RH<\/p>\n","protected":false},"featured_media":9992,"comment_status":"open","ping_status":"closed","template":"","meta":{"_acf_changed":false,"rank_math_lock_modified_date":false,"inline_featured_image":false},"product_cat":[428],"product_tag":[],"class_list":{"0":"post-8274","1":"product","2":"type-product","3":"status-publish","4":"has-post-thumbnail","6":"product_cat-akumulatory","8":"first","9":"instock","10":"taxable","11":"shipping-taxable","12":"purchasable","13":"product-type-simple"},"acf":[],"_links":{"self":[{"href":"https:\/\/ropam.com.pl\/wsparcie\/wp-json\/wp\/v2\/product\/8274","targetHints":{"allow":["GET"]}}],"collection":[{"href":"https:\/\/ropam.com.pl\/wsparcie\/wp-json\/wp\/v2\/product"}],"about":[{"href":"https:\/\/ropam.com.pl\/wsparcie\/wp-json\/wp\/v2\/types\/product"}],"replies":[{"embeddable":true,"href":"https:\/\/ropam.com.pl\/wsparcie\/wp-json\/wp\/v2\/comments?post=8274"}],"wp:featuredmedia":[{"embeddable":true,"href":"https:\/\/ropam.com.pl\/wsparcie\/wp-json\/wp\/v2\/media\/9992"}],"wp:attachment":[{"href":"https:\/\/ropam.com.pl\/wsparcie\/wp-json\/wp\/v2\/media?parent=8274"}],"wp:term":[{"taxonomy":"product_cat","embeddable":true,"href":"https:\/\/ropam.com.pl\/wsparcie\/wp-json\/wp\/v2\/product_cat?post=8274"},{"taxonomy":"product_tag","embeddable":true,"href":"https:\/\/ropam.com.pl\/wsparcie\/wp-json\/wp\/v2\/product_tag?post=8274"}],"curies":[{"name":"wp","href":"https:\/\/api.w.org\/{rel}","templated":true}]}}