{"id":8272,"date":"2018-04-15T15:31:48","date_gmt":"2018-04-15T13:31:48","guid":{"rendered":"https:\/\/ropam.com.pl\/wsparcie\/produkt\/bp-18ah\/"},"modified":"2025-12-22T12:41:43","modified_gmt":"2025-12-22T11:41:43","slug":"bp-18ah","status":"publish","type":"product","link":"https:\/\/ropam.com.pl\/wsparcie\/bp-18ah\/","title":{"rendered":"BP 18Ah"},"content":{"rendered":"<h3 style=\"text-align: center;\"><span style=\"font-size: 36pt;\">BP 18Ah<\/span><\/h3>\n<p style=\"text-align: center;\">Akumulator BP 18Ah\/12V<img loading=\"lazy\" decoding=\"async\" class=\"aligncenter wp-image-9984\" src=\"https:\/\/ropam.com.pl\/wsparcie\/wp-content\/uploads\/2018\/04\/BP-18Ah.png\" alt=\"\" width=\"361\" height=\"361\" \/><\/p>\n<h3><span style=\"font-family: 'arial black', sans-serif; color: #07acf2;\"><strong>W\u0142a\u015bciwo\u015bci<\/strong><\/span><\/h3>\n<p>\u00bb Akumulator AGM<br \/>\n\u00bb\u00a0Wymiary: 167 x 180 x 77 (HxLxD)<br \/>\n\u00bb\u00a0Waga 5,30 kg<br \/>\n\u00bb\u00a0Dedykowany do obudowy O-R4<\/p>\n","protected":false},"excerpt":{"rendered":"<p><span style=\"font-size: 14pt;\">Akumulator AGM<\/span><\/p>\n","protected":false},"featured_media":9984,"comment_status":"open","ping_status":"closed","template":"","meta":{"_acf_changed":false,"rank_math_lock_modified_date":false,"inline_featured_image":false},"product_cat":[428],"product_tag":[],"class_list":{"0":"post-8272","1":"product","2":"type-product","3":"status-publish","4":"has-post-thumbnail","6":"product_cat-akumulatory","8":"first","9":"instock","10":"taxable","11":"shipping-taxable","12":"purchasable","13":"product-type-simple"},"acf":[],"_links":{"self":[{"href":"https:\/\/ropam.com.pl\/wsparcie\/wp-json\/wp\/v2\/product\/8272","targetHints":{"allow":["GET"]}}],"collection":[{"href":"https:\/\/ropam.com.pl\/wsparcie\/wp-json\/wp\/v2\/product"}],"about":[{"href":"https:\/\/ropam.com.pl\/wsparcie\/wp-json\/wp\/v2\/types\/product"}],"replies":[{"embeddable":true,"href":"https:\/\/ropam.com.pl\/wsparcie\/wp-json\/wp\/v2\/comments?post=8272"}],"wp:featuredmedia":[{"embeddable":true,"href":"https:\/\/ropam.com.pl\/wsparcie\/wp-json\/wp\/v2\/media\/9984"}],"wp:attachment":[{"href":"https:\/\/ropam.com.pl\/wsparcie\/wp-json\/wp\/v2\/media?parent=8272"}],"wp:term":[{"taxonomy":"product_cat","embeddable":true,"href":"https:\/\/ropam.com.pl\/wsparcie\/wp-json\/wp\/v2\/product_cat?post=8272"},{"taxonomy":"product_tag","embeddable":true,"href":"https:\/\/ropam.com.pl\/wsparcie\/wp-json\/wp\/v2\/product_tag?post=8272"}],"curies":[{"name":"wp","href":"https:\/\/api.w.org\/{rel}","templated":true}]}}