{"id":12363,"date":"2025-01-24T15:46:33","date_gmt":"2025-01-24T14:46:33","guid":{"rendered":"https:\/\/ropam.com.pl\/wsparcie\/?post_type=product&#038;p=12363"},"modified":"2025-12-22T08:50:37","modified_gmt":"2025-12-22T07:50:37","slug":"basiclte-ps-lite-d4m","status":"publish","type":"product","link":"https:\/\/ropam.com.pl\/wsparcie\/basiclte-ps-lite-d4m\/","title":{"rendered":"Basic4G-PS-D4M"},"content":{"rendered":"<p style=\"text-align: center;\"><span style=\"font-size: 24pt;\"><strong><span style=\"font-size: 36pt;\">Basic4G-PS-D4M<\/span><\/strong><\/span><\/p>\n<p style=\"text-align: center;\"><span style=\"font-size: 14pt;\">Modu\u0142 powiadomienia i sterowania z funkcjami centrali alarmowej. Wbudowany modem LTE umo\u017cliwia transmisje danych w technologii 4G i 2G. Dzi\u0119ki modu\u0142owej konstrukcji mo\u017ce by\u0107 rozbudowany o odbiornik radiowy EXP-RF. Basic4G-PS-D4M mo\u017ce pracowa\u0107 autonomicznie lub jako rozbudowa innych system\u00f3w.<\/span><\/p>\n<p style=\"text-align: center;\"><img loading=\"lazy\" decoding=\"async\" class=\"alignnone wp-image-12528\" src=\"https:\/\/ropam.com.pl\/wsparcie\/wp-content\/uploads\/2025\/01\/Basic4G-PS-1-300x300.png\" alt=\"\" width=\"405\" height=\"405\" srcset=\"https:\/\/ropam.com.pl\/wsparcie\/wp-content\/uploads\/2025\/01\/Basic4G-PS-1-300x300.png 300w, https:\/\/ropam.com.pl\/wsparcie\/wp-content\/uploads\/2025\/01\/Basic4G-PS-1-1024x1024.png 1024w, https:\/\/ropam.com.pl\/wsparcie\/wp-content\/uploads\/2025\/01\/Basic4G-PS-1-150x150.png 150w, https:\/\/ropam.com.pl\/wsparcie\/wp-content\/uploads\/2025\/01\/Basic4G-PS-1-768x768.png 768w, https:\/\/ropam.com.pl\/wsparcie\/wp-content\/uploads\/2025\/01\/Basic4G-PS-1-600x600.png 600w, https:\/\/ropam.com.pl\/wsparcie\/wp-content\/uploads\/2025\/01\/Basic4G-PS-1-100x100.png 100w, https:\/\/ropam.com.pl\/wsparcie\/wp-content\/uploads\/2025\/01\/Basic4G-PS-1-60x60.png 60w, https:\/\/ropam.com.pl\/wsparcie\/wp-content\/uploads\/2025\/01\/Basic4G-PS-1.png 1080w\" sizes=\"auto, (max-width: 405px) 100vw, 405px\" \/><\/p>\n<h3><span style=\"color: #07acf2;\"><strong>Parametry techniczne<\/strong><\/span><\/h3>\n<p><span style=\"color: #000000;\"><strong>\u00bb <\/strong>Wbudowany modem LTE 4G\/2G<strong><br \/>\n\u00bb <\/strong>Ilo\u015b\u0107 wej\u015b\u0107: 8<br \/>\n&#8211; 6 wej\u015b\u0107 NO\/NC<br \/>\n&#8211; 2 wej\u015bcia NO\/NC lub analogowe 0-10V\/4-20mA<br \/>\n<strong>\u00bb <\/strong>Wej\u015bcie FAC do kontroli zasilania AC<strong><br \/>\n<\/strong><strong>\u00bb <\/strong>Ilo\u015b\u0107 wyj\u015b\u0107: 4<br \/>\n&#8211; 1 wyj\u015bcie przeka\u017anikowe<br \/>\n&#8211; 3 wyj\u015bcia OC (0,7A)<br \/>\n<strong>\u00bb <\/strong>Wyj\u015bcie zasilania AUX zabezpieczone (1A)<strong><br \/>\n\u00bb <\/strong>4 timery z kalendarzem<strong><br \/>\n\u00bb <\/strong>Gniazdo antenowe SMA\u00a0<strong><br \/>\n\u00bb <\/strong>Roz\u0142\u0105czne z\u0142\u0105cza zaciskowe<strong><br \/>\n\u00bb <\/strong>Obs\u0142uga do 8 komunikat\u00f3w g\u0142osowych<strong><br \/>\n\u00bb <\/strong>Gniazdo microUSB do programowania i aktualizacji<strong><br \/>\n\u00bb <\/strong>Gniazdo na kart\u0119 nanoSIM<strong><br \/>\n<\/strong><strong>\u00bb<\/strong> <strong>Zasilanie 17-20V\/AC lub 20-30V\/DC<\/strong><br \/>\n<strong>\u00bb\u00a0Wersja w obudowie na szyn\u0119 TH35, szeroko\u015b\u0107 4 modu\u0142\u00f3w<\/strong><br \/>\n<\/span><\/p>\n<h3><span style=\"color: #07acf2;\"><strong>W\u0142a\u015bciwo\u015bci<\/strong><\/span><\/h3>\n<p><span style=\"color: #000000;\"><strong>\u00bb\u00a0<\/strong><span style=\"color: #333333;\">Modu\u0142 alarmowy &#8211; funkcje centrali alarmowej<br \/>\n<b><strong>\u00bb\u00a0<\/strong><\/b>Intuicyjna wizualizacja i sterowanie centralami alarmowymi<br \/>\n<\/span><strong>\u00bb <\/strong><\/span>Wbudowany modem LTE z obs\u0142ug\u0105 sieci 4G i 2G <strong>(LTE-FDD: B1\/B3\/B5\/B7\/B8\/B20\/B28, GSM: 850\/900\/1800\/1900 MHz)<\/strong><br \/>\n<span style=\"color: #000000;\"><strong>\u00bb <\/strong><\/span>Powiadomienia o zdarzeniach poprzez: <b>SMS\/CALL\/E-MAIL\/<br \/>\n<span style=\"color: #000000;\"><strong>\u00bb <\/strong><\/span><\/b>Sterowanie zdalne za pomoc\u0105: <b>SMS\/CLIP\/DTMF\/<br \/>\n<\/b><span style=\"color: #000000;\"><strong>\u00bb <\/strong><\/span>Obs\u0142uga do 8 u\u017cytkownik\u00f3w: 8 numer\u00f3w telefonu, 8 adres\u00f3w e-mail<br \/>\n<span style=\"color: #000000;\"><strong>\u00bb <\/strong>Mo\u017cliwo\u015b\u0107 rozbudowy o odbiornik radiowy <strong>EXP-RF<\/strong>,\u00a0pozwalaj\u0105cy na sterowanie modu\u0142em przy pomocy pilot\u00f3w z serii TR-4H<\/span><br \/>\n<span style=\"color: #000000;\"><strong>\u00bb <\/strong><\/span>Pami\u0119\u0107 do 1000 zdarze\u0144 z nadpisywaniem<br \/>\n<span style=\"color: #000000;\"><strong>\u00bb <\/strong>O<\/span>bs\u0142uga czujnika temperatury i wilgotno\u015bci serii <b>TSR<\/b> i <b>RHT-2<br \/>\n<span style=\"color: #000000;\"><strong>\u00bb <\/strong><\/span><\/b>Automatyczna kontrola kart pre-paid z powiadomieniami o minimalnym stanie konta<br \/>\n<span style=\"color: #000000;\"><strong>\u00bb\u00a0<\/strong>Zegar RTC, kalendarz, synchronizacja z sieci\u0105 LTE lub serwerami NTP<\/span><br \/>\n<span style=\"color: #000000;\"><strong>\u00bb <\/strong><\/span>Program konfiguracyjny <strong>BasicLTEManager<\/strong> do zarz\u0105dzania:<br \/>\n&#8211;<b> lokalnego<\/b> poprzez micro USB<br \/>\n&#8211;<b> zdalnego<\/b> poprzez serwer RopamBridge(LTE)<br \/>\n<span style=\"color: #000000;\"><strong>\u00bb <\/strong>W<\/span>budowany\u00a0<strong>LogicProcessor <\/strong>do tworzenia zaawansowanych funkcji logicznych, funkcji arytmetycznych<br \/>\n&#8211; 10 niezale\u017cnych warunk\u00f3w logicznych<br \/>\n&#8211; 10 przeka\u017anik\u00f3w czasowych<br \/>\n&#8211; 4 timery kalendarzowe<br \/>\n<b><span style=\"color: #000000;\"><strong>\u00bb<\/strong><\/span><\/b><span style=\"color: #000000;\">\u00a0Obs\u0142uga za pomoc\u0105 aplikacji mobilnej\u00a0<strong>RopamBasic<\/strong><\/span><span style=\"color: #000000;\">\u00a0&#8211; wymagana aktywacja<\/span><b><br \/>\n<\/b><span style=\"color: #000000;\"><strong>\u00bb <\/strong>Monitoring GPRS dla stacji monitoruj\u0105cej agencji ochrony, wsp\u00f3\u0142praca ze stacj\u0105\/serwerem RMS lub SIA-IP* w przygotowaniu<\/span><\/p>\n<p>&nbsp;<\/p>\n<p style=\"text-align: center;\"><span style=\"font-size: 18pt;\"><b>Modu\u0142y komunikacyjne Basic4G <\/b>z racji swojej budowy i funkcji,<br \/>\n<\/span><span style=\"font-size: 18pt;\"> dedykowane s\u0105 do integracji z innymi urz\u0105dzeniami.\u00a0<\/span><\/p>\n<p>&nbsp;<\/p>\n<p style=\"text-align: center;\"><img loading=\"lazy\" decoding=\"async\" class=\"wp-image-12366 aligncenter\" src=\"https:\/\/ropam.com.pl\/wsparcie\/wp-content\/uploads\/2025\/01\/2024-08-16_08h38_51_1-300x155.png\" alt=\"\" width=\"836\" height=\"432\" srcset=\"https:\/\/ropam.com.pl\/wsparcie\/wp-content\/uploads\/2025\/01\/2024-08-16_08h38_51_1-300x155.png 300w, https:\/\/ropam.com.pl\/wsparcie\/wp-content\/uploads\/2025\/01\/2024-08-16_08h38_51_1-1024x529.png 1024w, https:\/\/ropam.com.pl\/wsparcie\/wp-content\/uploads\/2025\/01\/2024-08-16_08h38_51_1-768x397.png 768w, https:\/\/ropam.com.pl\/wsparcie\/wp-content\/uploads\/2025\/01\/2024-08-16_08h38_51_1-600x310.png 600w, https:\/\/ropam.com.pl\/wsparcie\/wp-content\/uploads\/2025\/01\/2024-08-16_08h38_51_1-60x31.png 60w, https:\/\/ropam.com.pl\/wsparcie\/wp-content\/uploads\/2025\/01\/2024-08-16_08h38_51_1.png 1043w\" sizes=\"auto, (max-width: 836px) 100vw, 836px\" \/><\/p>\n<p>&nbsp;<\/p>\n<p>&nbsp;<\/p>\n<p style=\"text-align: center;\"><span style=\"font-size: 24pt;\">Aplikacja dla urz\u0105dze\u0144 Basic4G.<\/span><\/p>\n<p style=\"text-align: center;\"><span style=\"font-size: 18pt;\"><strong><a href=\"https:\/\/ropam.com.pl\/wsparcie\/?post_type=product&amp;p=12470&amp;preview=true\">Kup licencj\u0119<\/a> i pobierz aplikacje<br \/>\n<\/strong><\/span><\/p>\n<p style=\"text-align: center;\"><span style=\"font-size: 18pt;\"><img loading=\"lazy\" decoding=\"async\" class=\"alignnone wp-image-11400\" src=\"https:\/\/ropam.com.pl\/wsparcie\/wp-content\/uploads\/2024\/10\/pobierz-App-Store-e1738659450196.png\" alt=\"\" width=\"218\" height=\"75\" srcset=\"https:\/\/ropam.com.pl\/wsparcie\/wp-content\/uploads\/2024\/10\/pobierz-App-Store-e1738659450196.png 285w, https:\/\/ropam.com.pl\/wsparcie\/wp-content\/uploads\/2024\/10\/pobierz-App-Store-e1738659450196-60x21.png 60w\" sizes=\"auto, (max-width: 218px) 100vw, 218px\" \/><\/span><img loading=\"lazy\" decoding=\"async\" class=\"alignnone wp-image-11399 alignleft\" src=\"https:\/\/ropam.com.pl\/wsparcie\/wp-content\/uploads\/2024\/10\/Google-Play-Badge-Polish-Pobierz-Z-Google-Play-e1729518829592-300x92.png\" alt=\"\" width=\"246\" height=\"75\" srcset=\"https:\/\/ropam.com.pl\/wsparcie\/wp-content\/uploads\/2024\/10\/Google-Play-Badge-Polish-Pobierz-Z-Google-Play-e1729518829592-300x92.png 300w, https:\/\/ropam.com.pl\/wsparcie\/wp-content\/uploads\/2024\/10\/Google-Play-Badge-Polish-Pobierz-Z-Google-Play-e1729518829592-1024x313.png 1024w, https:\/\/ropam.com.pl\/wsparcie\/wp-content\/uploads\/2024\/10\/Google-Play-Badge-Polish-Pobierz-Z-Google-Play-e1729518829592-768x234.png 768w, https:\/\/ropam.com.pl\/wsparcie\/wp-content\/uploads\/2024\/10\/Google-Play-Badge-Polish-Pobierz-Z-Google-Play-e1729518829592-1536x469.png 1536w, https:\/\/ropam.com.pl\/wsparcie\/wp-content\/uploads\/2024\/10\/Google-Play-Badge-Polish-Pobierz-Z-Google-Play-e1729518829592-2048x625.png 2048w, https:\/\/ropam.com.pl\/wsparcie\/wp-content\/uploads\/2024\/10\/Google-Play-Badge-Polish-Pobierz-Z-Google-Play-e1729518829592-600x183.png 600w, https:\/\/ropam.com.pl\/wsparcie\/wp-content\/uploads\/2024\/10\/Google-Play-Badge-Polish-Pobierz-Z-Google-Play-e1729518829592-60x18.png 60w\" sizes=\"auto, (max-width: 246px) 100vw, 246px\" \/><\/p>\n<h3 style=\"text-align: center;\"><span style=\"font-size: 24pt; color: #ff0000;\"><strong>W PE\u0141NI POLSKI PRODUKT<\/strong><\/span><\/h3>\n<p style=\"text-align: center;\"><span style=\"font-size: 14pt;\">Ca\u0142y etap produkcji, od pomys\u0142u po wykonanie ko\u0144cowe oparte s\u0105 o autorskie rozwi\u0105zania oraz dog\u0142\u0119bn\u0105 analiz\u0119 potrzeb i trend\u00f3w na\u00a0 rynku.<\/span><\/p>\n<p style=\"text-align: center;\"><img loading=\"lazy\" decoding=\"async\" class=\"wp-image-9726 alignnone\" src=\"https:\/\/ropam.com.pl\/wsparcie\/wp-content\/uploads\/2018\/04\/Obraz1.png\" alt=\"\" width=\"354\" height=\"325\" srcset=\"https:\/\/ropam.com.pl\/wsparcie\/wp-content\/uploads\/2018\/04\/Obraz1.png 292w, https:\/\/ropam.com.pl\/wsparcie\/wp-content\/uploads\/2018\/04\/Obraz1-60x55.png 60w\" sizes=\"auto, (max-width: 354px) 100vw, 354px\" \/><\/p>\n","protected":false},"excerpt":{"rendered":"<p><span style=\"font-size: 14pt;\">Modu\u0142 komunikacyjny LTE (2G\/4G)<\/span><\/p>\n","protected":false},"featured_media":12528,"comment_status":"open","ping_status":"closed","template":"","meta":{"_acf_changed":false,"rank_math_lock_modified_date":false,"inline_featured_image":false},"product_cat":[618],"product_tag":[],"class_list":{"0":"post-12363","1":"product","2":"type-product","3":"status-publish","4":"has-post-thumbnail","6":"product_cat-basic4g-seria","8":"first","9":"instock","10":"taxable","11":"shipping-taxable","12":"purchasable","13":"product-type-simple"},"acf":[],"_links":{"self":[{"href":"https:\/\/ropam.com.pl\/wsparcie\/wp-json\/wp\/v2\/product\/12363","targetHints":{"allow":["GET"]}}],"collection":[{"href":"https:\/\/ropam.com.pl\/wsparcie\/wp-json\/wp\/v2\/product"}],"about":[{"href":"https:\/\/ropam.com.pl\/wsparcie\/wp-json\/wp\/v2\/types\/product"}],"replies":[{"embeddable":true,"href":"https:\/\/ropam.com.pl\/wsparcie\/wp-json\/wp\/v2\/comments?post=12363"}],"wp:featuredmedia":[{"embeddable":true,"href":"https:\/\/ropam.com.pl\/wsparcie\/wp-json\/wp\/v2\/media\/12528"}],"wp:attachment":[{"href":"https:\/\/ropam.com.pl\/wsparcie\/wp-json\/wp\/v2\/media?parent=12363"}],"wp:term":[{"taxonomy":"product_cat","embeddable":true,"href":"https:\/\/ropam.com.pl\/wsparcie\/wp-json\/wp\/v2\/product_cat?post=12363"},{"taxonomy":"product_tag","embeddable":true,"href":"https:\/\/ropam.com.pl\/wsparcie\/wp-json\/wp\/v2\/product_tag?post=12363"}],"curies":[{"name":"wp","href":"https:\/\/api.w.org\/{rel}","templated":true}]}}