{"id":10118,"date":"2024-08-28T11:26:30","date_gmt":"2024-08-28T09:26:30","guid":{"rendered":"https:\/\/ropam.com.pl\/wsparcie\/?post_type=product&#038;p=10118"},"modified":"2025-12-22T09:32:04","modified_gmt":"2025-12-22T08:32:04","slug":"tx4-ari-bch","status":"publish","type":"product","link":"https:\/\/ropam.com.pl\/wsparcie\/tx4-ari-bch\/","title":{"rendered":"TX4-ari-BCH"},"content":{"rendered":"<h3 style=\"text-align: center;\"><span style=\"font-size: 36pt; font-family: 'arial black', sans-serif;\"><b>TX4-ari-BCH<\/b><\/span><\/h3>\n<p style=\"text-align: center;\"><span style=\"font-size: 14pt;\">Dwukierunkowy pilot 4-kana\u0142owy zasilany bateryjnie, kt\u00f3ry nale\u017cy do serii bezprzewodowych urz\u0105dze\u0144 systemu ARI. Do poprawnego dzia\u0142ania niezb\u0119dny jest punkt dost\u0119powy <b>APm-ari<\/b>\u00a0oraz centrala z rodziny <b>Neo-IP-64<\/b> lub <b>Neo-IP<\/b>.<\/span><\/p>\n<p style=\"text-align: center;\"><img loading=\"lazy\" decoding=\"async\" class=\"wp-image-9839 alignnone\" src=\"https:\/\/ropam.com.pl\/wsparcie\/wp-content\/uploads\/2024\/08\/Projekt-bez-nazwy-2024-08-16T131828.694.png\" alt=\"\" width=\"260\" height=\"260\" srcset=\"https:\/\/ropam.com.pl\/wsparcie\/wp-content\/uploads\/2024\/08\/Projekt-bez-nazwy-2024-08-16T131828.694.png 1080w, https:\/\/ropam.com.pl\/wsparcie\/wp-content\/uploads\/2024\/08\/Projekt-bez-nazwy-2024-08-16T131828.694-300x300.png 300w, https:\/\/ropam.com.pl\/wsparcie\/wp-content\/uploads\/2024\/08\/Projekt-bez-nazwy-2024-08-16T131828.694-1024x1024.png 1024w, https:\/\/ropam.com.pl\/wsparcie\/wp-content\/uploads\/2024\/08\/Projekt-bez-nazwy-2024-08-16T131828.694-150x150.png 150w, https:\/\/ropam.com.pl\/wsparcie\/wp-content\/uploads\/2024\/08\/Projekt-bez-nazwy-2024-08-16T131828.694-768x768.png 768w, https:\/\/ropam.com.pl\/wsparcie\/wp-content\/uploads\/2024\/08\/Projekt-bez-nazwy-2024-08-16T131828.694-600x600.png 600w, https:\/\/ropam.com.pl\/wsparcie\/wp-content\/uploads\/2024\/08\/Projekt-bez-nazwy-2024-08-16T131828.694-100x100.png 100w, https:\/\/ropam.com.pl\/wsparcie\/wp-content\/uploads\/2024\/08\/Projekt-bez-nazwy-2024-08-16T131828.694-60x60.png 60w\" sizes=\"auto, (max-width: 260px) 100vw, 260px\" \/><\/p>\n<p><span style=\"font-family: 'arial black', sans-serif; color: #07acf2; font-size: 14pt;\"><strong>W\u0142a\u015bciwo\u015bci pilota TX4-ari-BCH<\/strong><\/span><\/p>\n<p>\u00bb Kompatybilno\u015b\u0107 z centralami z serii <strong>Neo-IP-64<\/strong> i <strong>Neo-IP<\/strong><br \/>\n\u00bb\u00a04 niezale\u017cne kana\u0142y do sterowania systemem<br \/>\n\u00bb\u00a0Kontrola obecno\u015bci, jako\u015bci po\u0142\u0105czenia, stanu baterii<br \/>\n\u00bb\u00a0Unikalne ID pilota<br \/>\n\u00bb Sygnalizacja optyczna transmisji z potwierdzeniem<\/p>\n<p><span style=\"font-family: 'arial black', sans-serif; color: #07acf2; font-size: 14pt;\"><strong>W\u0142a\u015bciwo\u015bci komunikacji ari<\/strong><\/span><\/p>\n<p>\u00bb\u00a0Dwukierunkowa, szyfrowana komunikacja w pa\u015bmie ISM 868 MHz<br \/>\n\u00bb\u00a0Wysoka czu\u0142o\u015b\u0107 RF do -110 dBm<br \/>\n\u00bb\u00a0Zasi\u0119g do 200m w terenie otwartym<\/p>\n<p><span style=\"font-family: 'arial black', sans-serif; color: #07acf2; font-size: 14pt;\"><strong>W\u0142a\u015bciwo\u015bci og\u00f3lne<\/strong><\/span><\/p>\n<p>\u00bb Sygnalizacja optyczna: stan stref alarmowych, potwierdzenie odebrania polecenia przez central\u0119, brak \u0142\u0105czno\u015bci, niskie napi\u0119cie baterii.<br \/>\n\u00bb Obudowa natynkowa z ABS, czarna z chromowan\u0105 ramk\u0105<br \/>\n\u00bb Wymiary: 72x39x12 [mm]<br \/>\n\u00bb Temperatura pracy: -10&#8217;C do +55&#8217;C<br \/>\n\u00bb Zasilanie: bateria 3V CR2032, \u017cywotno\u015b\u0107 ok. 2-3 lata<\/p>\n<p><img loading=\"lazy\" decoding=\"async\" class=\"wp-image-9814 alignnone\" src=\"https:\/\/ropam.com.pl\/wsparcie\/wp-content\/uploads\/2024\/08\/ari_960x378-1.jpg\" alt=\"\" width=\"1132\" height=\"446\" srcset=\"https:\/\/ropam.com.pl\/wsparcie\/wp-content\/uploads\/2024\/08\/ari_960x378-1.jpg 960w, https:\/\/ropam.com.pl\/wsparcie\/wp-content\/uploads\/2024\/08\/ari_960x378-1-300x118.jpg 300w, https:\/\/ropam.com.pl\/wsparcie\/wp-content\/uploads\/2024\/08\/ari_960x378-1-768x302.jpg 768w, https:\/\/ropam.com.pl\/wsparcie\/wp-content\/uploads\/2024\/08\/ari_960x378-1-600x236.jpg 600w, https:\/\/ropam.com.pl\/wsparcie\/wp-content\/uploads\/2024\/08\/ari_960x378-1-60x24.jpg 60w\" sizes=\"auto, (max-width: 1132px) 100vw, 1132px\" \/><\/p>\n<p>&nbsp;<\/p>\n<h3 style=\"text-align: center;\"><span style=\"font-size: 24pt; color: #ff0000;\"><strong style=\"font-family: 'arial black', sans-serif;\">W PE\u0141NI POLSKI PRODUKT<\/strong><\/span><\/h3>\n<p style=\"text-align: center;\"><span style=\"font-size: 14pt;\">Ca\u0142y etap produkcji, od pomys\u0142u po wykonanie ko\u0144cowe oparte s\u0105 o autorskie rozwi\u0105zania oraz dog\u0142\u0119bn\u0105 analiz\u0119 potrzeb i trend\u00f3w na\u00a0 rynku.<\/span><\/p>\n<p style=\"text-align: center;\"><img loading=\"lazy\" decoding=\"async\" class=\"wp-image-9726 alignnone\" src=\"https:\/\/ropam.com.pl\/wsparcie\/wp-content\/uploads\/2018\/04\/Obraz1.png\" alt=\"\" width=\"354\" height=\"325\" srcset=\"https:\/\/ropam.com.pl\/wsparcie\/wp-content\/uploads\/2018\/04\/Obraz1.png 292w, https:\/\/ropam.com.pl\/wsparcie\/wp-content\/uploads\/2018\/04\/Obraz1-60x55.png 60w\" sizes=\"auto, (max-width: 354px) 100vw, 354px\" \/><\/p>\n","protected":false},"excerpt":{"rendered":"<p>Pilot systemu bezprzewodowego Ari<\/p>\n","protected":false},"featured_media":9839,"comment_status":"open","ping_status":"closed","template":"","meta":{"_acf_changed":false,"rank_math_lock_modified_date":false,"inline_featured_image":false},"product_cat":[590],"product_tag":[],"class_list":{"0":"post-10118","1":"product","2":"type-product","3":"status-publish","4":"has-post-thumbnail","6":"product_cat-piloty","8":"first","9":"instock","10":"taxable","11":"shipping-taxable","12":"purchasable","13":"product-type-simple"},"acf":[],"_links":{"self":[{"href":"https:\/\/ropam.com.pl\/wsparcie\/wp-json\/wp\/v2\/product\/10118","targetHints":{"allow":["GET"]}}],"collection":[{"href":"https:\/\/ropam.com.pl\/wsparcie\/wp-json\/wp\/v2\/product"}],"about":[{"href":"https:\/\/ropam.com.pl\/wsparcie\/wp-json\/wp\/v2\/types\/product"}],"replies":[{"embeddable":true,"href":"https:\/\/ropam.com.pl\/wsparcie\/wp-json\/wp\/v2\/comments?post=10118"}],"wp:featuredmedia":[{"embeddable":true,"href":"https:\/\/ropam.com.pl\/wsparcie\/wp-json\/wp\/v2\/media\/9839"}],"wp:attachment":[{"href":"https:\/\/ropam.com.pl\/wsparcie\/wp-json\/wp\/v2\/media?parent=10118"}],"wp:term":[{"taxonomy":"product_cat","embeddable":true,"href":"https:\/\/ropam.com.pl\/wsparcie\/wp-json\/wp\/v2\/product_cat?post=10118"},{"taxonomy":"product_tag","embeddable":true,"href":"https:\/\/ropam.com.pl\/wsparcie\/wp-json\/wp\/v2\/product_tag?post=10118"}],"curies":[{"name":"wp","href":"https:\/\/api.w.org\/{rel}","templated":true}]}}