{"id":2450,"date":"2021-10-14T13:45:36","date_gmt":"2021-10-14T11:45:36","guid":{"rendered":"https:\/\/ropam.com.pl\/wsparcie\/?page_id=2450"},"modified":"2021-10-14T13:52:02","modified_gmt":"2021-10-14T11:52:02","slug":"mozliwosci-naszych-systemow","status":"publish","type":"page","link":"https:\/\/ropam.com.pl\/wsparcie\/mozliwosci-naszych-systemow\/","title":{"rendered":"Mo\u017cliwo\u015bci naszych system\u00f3w"},"content":{"rendered":"","protected":false},"excerpt":{"rendered":"","protected":false},"author":2,"featured_media":0,"parent":0,"menu_order":0,"comment_status":"closed","ping_status":"closed","template":"","meta":{"_acf_changed":false,"rank_math_lock_modified_date":false,"inline_featured_image":false,"footnotes":""},"class_list":["post-2450","page","type-page","status-publish","hentry"],"acf":[],"_links":{"self":[{"href":"https:\/\/ropam.com.pl\/wsparcie\/wp-json\/wp\/v2\/pages\/2450","targetHints":{"allow":["GET"]}}],"collection":[{"href":"https:\/\/ropam.com.pl\/wsparcie\/wp-json\/wp\/v2\/pages"}],"about":[{"href":"https:\/\/ropam.com.pl\/wsparcie\/wp-json\/wp\/v2\/types\/page"}],"author":[{"embeddable":true,"href":"https:\/\/ropam.com.pl\/wsparcie\/wp-json\/wp\/v2\/users\/2"}],"replies":[{"embeddable":true,"href":"https:\/\/ropam.com.pl\/wsparcie\/wp-json\/wp\/v2\/comments?post=2450"}],"version-history":[{"count":4,"href":"https:\/\/ropam.com.pl\/wsparcie\/wp-json\/wp\/v2\/pages\/2450\/revisions"}],"predecessor-version":[{"id":2455,"href":"https:\/\/ropam.com.pl\/wsparcie\/wp-json\/wp\/v2\/pages\/2450\/revisions\/2455"}],"wp:attachment":[{"href":"https:\/\/ropam.com.pl\/wsparcie\/wp-json\/wp\/v2\/media?parent=2450"}],"curies":[{"name":"wp","href":"https:\/\/api.w.org\/{rel}","templated":true}]}}